{"id":9977,"date":"2019-04-01T06:18:46","date_gmt":"2019-04-01T04:18:46","guid":{"rendered":"https:\/\/baselle.com\/?post_type=product&#038;p=9977"},"modified":"2019-05-05T11:53:17","modified_gmt":"2019-05-05T09:53:17","slug":"chanel-tweed-flap-bag-fringes-9977","status":"publish","type":"product","link":"https:\/\/baselle.com\/en\/product\/chanel-tweed-flap-bag-fringes-9977\/","title":{"rendered":"CHANEL Tweed Flap Bag"},"content":{"rendered":"<p>\n<strong>CHANEL Tweed Flap Bag Fringes Handtasche Beschreibung<\/strong><\/p>\n<p>Die originale CHANEL Tweed Flap Bag Fringes Handtasche ist eine aufwendig verarbeitete Handtasche im typisch zeitlosen Stil von Chanel. Sie ist aus hochwertig gewebten Tweedstoff mit Fransen gefertigt und verf\u00fcgt \u00fcber gewebte Kettenriemen, einem CC-Turnlock und goldfarbener Hardware mit Ruthenium-Finish. Durch die Fransen und den Farbmix wird dieser klassischen Tasche ein verspielter Touch mit garantiertem Liebhaberfaktor verliehen. <\/p>\n<p>Der CC-Turnlock-Verschluss \u00f6ffnet sich zu einem roten Innenfutter aus Stoff mit einem gro\u00dfen Rei\u00dfverschlussfach sowie einem gro\u00dfen Steckfach. Am Taschenr\u00fccken befindet sich ein weiteres aufgesetztes Steckfach. Diese CHANEL Tweed Flap Bag kann kurz sowie lang \u00fcber der Schulter oder Crossbody getragen werden, so dass maximaler Tragekomfort garantiert ist.\n<\/p>\n<p>\n<strong>Excellent condition<\/strong><br \/>\nDiese CHANEL Tweed Flap Bag Handtasche aus zweiter Hand wurde kaum getragen. Dementsprechend ist sie in einem exzellenten Zustand ohne Gebrauchspuren. Der gesteppte Tweedstoff, das Tascheninnere sowie die goldfarbene Hardware sind daher in einem einwandfreien Zustand.\n<\/p>\n<p>\n<strong>Style:<\/strong> Shoulder bag, crossbody<br \/>\n<strong>Size:<\/strong> Jumbo<br \/>\n<strong>Dimensions (approx.):<\/strong> Breite 30 cm * H\u00f6he 20 cm * Tiefe 10 cm<br \/>\n<strong>Strap length:<\/strong> einfach = 87 cm, doppelt = 57 cm\n<\/p>\n<p>\n<strong>Exterior material:<\/strong> Tweed<br \/>\n<strong>Interior Material<\/strong> fabric lining\n<\/p>\n<p>The pictures represent the offered bag. The picture rights are held by MyLovelyBoutique.com. <\/p>\n<p>Follow us on <a href=\"https:\/\/www.instagram.com\/mylovelyboutique.de\/\" rel=\"noopener noreferrer\" target=\"_blank\"><span style=\"color: #e0adea\">Instagram<\/span><\/a> und lass Dich von unseren Outfit-Ideen inspirieren. <\/p>","protected":false},"excerpt":{"rendered":"<br \/>\n<table class=\"mlb-product-details\">\n<tbody>\n<tr>\n<td class=\"mlb-details-caption\">Model<\/td>\n<td class=\"mlb-details-value\">Tweed Flap Bag Fringes<\/td>\n<\/tr>\n<tr>\n<td class=\"mlb-details-caption\">Colour<\/td>\n<td class=\"mlb-details-value\">Fuchsia\/Blau\/Bunt<\/td>\n<\/tr>\n<tr>\n<td class=\"mlb-details-caption\">Hardware<\/td>\n<td class=\"mlb-details-value\">Goldfarben mit Ruthenium-Finish<\/td>\n<\/tr>\n<tr>\n<td class=\"mlb-details-caption\">Year<\/td>\n<td class=\"mlb-details-value\">2015<\/td>\n<\/tr>\n<tr>\n<td class=\"mlb-details-caption\">Accessoires<\/td>\n<td class=\"mlb-details-value\">Dustbag, authenticity card, serialnumber with hologram<\/td>\n<\/tr>\n<tr>\n<td class=\"mlb-details-caption\">Condition<\/td>\n<td class=\"mlb-details-value\">Excellent condition<\/td>\n<\/tr>\n<\/tbody>\n<\/table>","protected":false},"featured_media":9996,"template":"","meta":[],"product_brand":[],"product_cat":[1430,87,154,85,99],"product_tag":[],"class_list":{"0":"post-9977","1":"product","2":"type-product","3":"status-publish","4":"has-post-thumbnail","6":"product_cat-chanel","7":"product_cat-crossbodytaschen","8":"product_cat-designer","9":"product_cat-schultertaschen","10":"product_cat-taschen","12":"first","13":"outofstock","14":"sold-individually","15":"shipping-taxable","16":"purchasable","17":"product-type-simple"},"_links":{"self":[{"href":"https:\/\/baselle.com\/en\/wp-json\/wp\/v2\/product\/9977","targetHints":{"allow":["GET"]}}],"collection":[{"href":"https:\/\/baselle.com\/en\/wp-json\/wp\/v2\/product"}],"about":[{"href":"https:\/\/baselle.com\/en\/wp-json\/wp\/v2\/types\/product"}],"wp:featuredmedia":[{"embeddable":true,"href":"https:\/\/baselle.com\/en\/wp-json\/wp\/v2\/media\/9996"}],"wp:attachment":[{"href":"https:\/\/baselle.com\/en\/wp-json\/wp\/v2\/media?parent=9977"}],"wp:term":[{"taxonomy":"product_brand","embeddable":true,"href":"https:\/\/baselle.com\/en\/wp-json\/wp\/v2\/product_brand?post=9977"},{"taxonomy":"product_cat","embeddable":true,"href":"https:\/\/baselle.com\/en\/wp-json\/wp\/v2\/product_cat?post=9977"},{"taxonomy":"product_tag","embeddable":true,"href":"https:\/\/baselle.com\/en\/wp-json\/wp\/v2\/product_tag?post=9977"}],"curies":[{"name":"wp","href":"https:\/\/api.w.org\/{rel}","templated":true}]}}