{"id":9971,"date":"2019-03-15T15:56:37","date_gmt":"2019-03-15T14:56:37","guid":{"rendered":"https:\/\/baselle.com\/?post_type=product&#038;p=9971"},"modified":"2019-09-26T11:10:24","modified_gmt":"2019-09-26T09:10:24","slug":"louis-vuitton-bag-charm-eclipse","status":"publish","type":"product","link":"https:\/\/baselle.com\/en\/product\/louis-vuitton-bag-charm-eclipse\/","title":{"rendered":"Louis Vuitton Bag Charm"},"content":{"rendered":"<p><strong>Louis Vuitton Eclipse Bag Charm Taschenschmuck Beschreibung<\/strong><\/p>\n<p>Der originale Louis Vuitton Eclipse Bag Charm Taschenschmuck verzaubert durch seine wundersch\u00f6nen Details wie der ikonischen Monogram-Bl\u00fcte sowie einer kleinen goldenen Kugel mit LV Initialien-Signatur. Er verf\u00fcgt \u00fcber einen Karabinerverschluss sowie einen Schl\u00fcsselring und ist daher sowohl als Taschenschmuck als auch als Schl\u00fcsselanh\u00e4nger verwendbar.  In jedem Fall ist dieses Schmuckst\u00fcck garantiert ein Eyecatcher!<\/p>\n<p><strong>Very good condition:<\/strong><br \/>\nDieser Louis Vuitton Eclipse Bag Charm Taschenschmuck aus zweiter Hand ist in einem sehr guten Zustand.<\/p>\n<p><strong>Dimensions (approx.):<\/strong> Gesamtl\u00e4nge = 14 cm<\/p>\n<p><strong>Material:<\/strong> Metal<\/p>\n<p>The pictures represent the offered bag charm. The picture rights are held by MyLovelyBoutique.com.<\/p>\n<p>Follow us on <a href=\"https:\/\/www.instagram.com\/mylovelyboutique.de\/\" target=\"_blank\" rel=\"noopener noreferrer\"><span style=\"color: #e0adea;\">Instagram<\/span><\/a> und lass Dich von unseren Outfit-Ideen inspirieren.<\/p>","protected":false},"excerpt":{"rendered":"<table class=\"mlb-product-details\">\n<tbody>\n<tr>\n<td class=\"mlb-details-caption\">Model<\/td>\n<td class=\"mlb-details-value\">Eclipse Bag Charm (M65222)<\/td>\n<\/tr>\n<tr>\n<td class=\"mlb-details-caption\">Colour<\/td>\n<td class=\"mlb-details-value\">Gold<\/td>\n<\/tr>\n<tr>\n<td class=\"mlb-details-caption\">Hardware<\/td>\n<td class=\"mlb-details-value\">Gold<\/td>\n<\/tr>\n<tr>\n<td class=\"mlb-details-caption\">Year<\/td>\n<td class=\"mlb-details-value\">2011<\/td>\n<\/tr>\n<tr>\n<td class=\"mlb-details-caption\">Accessoires<\/td>\n<td class=\"mlb-details-value\">Dustbag<\/td>\n<\/tr>\n<tr>\n<td class=\"mlb-details-caption\">Condition<\/td>\n<td class=\"mlb-details-value\">Very good condition<\/td>\n<\/tr>\n<\/tbody>\n<\/table>","protected":false},"featured_media":9974,"template":"","meta":[],"product_brand":[],"product_cat":[57,154,1431,92],"product_tag":[],"class_list":{"0":"post-9971","1":"product","2":"type-product","3":"status-publish","4":"has-post-thumbnail","6":"product_cat-accessories","7":"product_cat-designer","8":"product_cat-louisvuitton","9":"product_cat-taschenschmuck","10":"product_shipping_class-0-500","12":"first","13":"outofstock","14":"sold-individually","15":"shipping-taxable","16":"purchasable","17":"product-type-simple"},"_links":{"self":[{"href":"https:\/\/baselle.com\/en\/wp-json\/wp\/v2\/product\/9971","targetHints":{"allow":["GET"]}}],"collection":[{"href":"https:\/\/baselle.com\/en\/wp-json\/wp\/v2\/product"}],"about":[{"href":"https:\/\/baselle.com\/en\/wp-json\/wp\/v2\/types\/product"}],"wp:featuredmedia":[{"embeddable":true,"href":"https:\/\/baselle.com\/en\/wp-json\/wp\/v2\/media\/9974"}],"wp:attachment":[{"href":"https:\/\/baselle.com\/en\/wp-json\/wp\/v2\/media?parent=9971"}],"wp:term":[{"taxonomy":"product_brand","embeddable":true,"href":"https:\/\/baselle.com\/en\/wp-json\/wp\/v2\/product_brand?post=9971"},{"taxonomy":"product_cat","embeddable":true,"href":"https:\/\/baselle.com\/en\/wp-json\/wp\/v2\/product_cat?post=9971"},{"taxonomy":"product_tag","embeddable":true,"href":"https:\/\/baselle.com\/en\/wp-json\/wp\/v2\/product_tag?post=9971"}],"curies":[{"name":"wp","href":"https:\/\/api.w.org\/{rel}","templated":true}]}}