{"id":9962,"date":"2019-03-15T16:34:16","date_gmt":"2019-03-15T15:34:16","guid":{"rendered":"https:\/\/baselle.com\/?post_type=product&#038;p=9962"},"modified":"2019-04-22T12:35:34","modified_gmt":"2019-04-22T10:35:34","slug":"louis-vuitton-zippy-coin-monogram-idylle-encre-coin-purse-geldboerse","status":"publish","type":"product","link":"https:\/\/baselle.com\/en\/product\/louis-vuitton-zippy-coin-monogram-idylle-encre-coin-purse-geldboerse\/","title":{"rendered":"Louis Vuitton Geldb\u00f6rse"},"content":{"rendered":"<p>\n<strong>Louis Vuitton Zippy Coin M. Idylle Encre Geldb\u00f6rse Beschreibung<\/strong> <\/p>\n<p>Die originale Louis Vuitton Zippy Coin M. Idylle Encre Geldb\u00f6rse eignet sich in ihrer kompakten Gr\u00f6\u00dfe ideal f\u00fcr den t\u00e4glichen Gebrauch. Sie bietet genug Platz f\u00fcr Kreditkarten, Kleingeld sowie gefaltete Geldscheine und passt hervorragend in jede kleine Handtasche.\n<\/p>\n<p>\n<strong>Very good condition:<\/strong><br \/>\nDiese Louis Vuitton Zippy Coin M. Idylle Encre Geldb\u00f6rse aus zweiter Hand ist insgesamt in einem sehr guten Zustand. Sie wurde gerne und mit Sorgfalt getragen. Das Lederinnenfutter sowie der Oberstoff sind in einem sch\u00f6nen Zustand ohne Besch\u00e4digungen &#8211; auch nicht an den Ecken.\n<\/p>\n<p>\n<strong>Wallet size:<\/strong>  klein<br \/>\n<strong>Dimensions (approx.):<\/strong> Breite 11 cm * H\u00f6he 8,5 cm * Tiefe 2 cm\n<\/p>\n<p>\n<strong>Exterior material:<\/strong> Denim\/Stoff<br \/>\n<strong>Interior Material<\/strong> leather\n<\/p>\n<p>The pictures represent the offered wallet. The picture rights are held by MyLovelyBoutique.com. <\/p>\n<p>Follow us on <a href=\"https:\/\/www.instagram.com\/mylovelyboutique.de\/\" rel=\"noopener noreferrer\" target=\"_blank\"><span style=\"color: #e0adea\">Instagram<\/span><\/a> und lass Dich von unseren Outfit-Ideen inspirieren. <\/p>","protected":false},"excerpt":{"rendered":"<table class=\"mlb-product-details\">\n<tbody>\n<tr>\n<td class=\"mlb-details-caption\">Model<\/td>\n<td class=\"mlb-details-value\">Zippy Coin Purse Mon. Idylle (M63004)<\/td>\n<\/tr>\n<tr>\n<td class=\"mlb-details-caption\">Colour<\/td>\n<td class=\"mlb-details-value\">Encre\/Blau-Grau<\/td>\n<\/tr>\n<tr>\n<td class=\"mlb-details-caption\">Hardware<\/td>\n<td class=\"mlb-details-value\">Gold<\/td>\n<\/tr>\n<tr>\n<td class=\"mlb-details-caption\">Year<\/td>\n<td class=\"mlb-details-value\">2011<\/td>\n<\/tr>\n<tr>\n<td class=\"mlb-details-caption\">Accessoires<\/td>\n<td class=\"mlb-details-value\">Originalrechnung, Box, LV-Booklet<\/td>\n<\/tr>\n<tr>\n<td class=\"mlb-details-caption\">Condition<\/td>\n<td class=\"mlb-details-value\">Very good condition<\/td>\n<\/tr>\n<\/tbody>\n<\/table>","protected":false},"featured_media":9965,"template":"","meta":[],"product_brand":[],"product_cat":[57,154,1431,89],"product_tag":[],"class_list":{"0":"post-9962","1":"product","2":"type-product","3":"status-publish","4":"has-post-thumbnail","6":"product_cat-accessories","7":"product_cat-designer","8":"product_cat-louisvuitton","9":"product_cat-portemonnaie","10":"product_shipping_class-0-500","12":"first","13":"outofstock","14":"sold-individually","15":"shipping-taxable","16":"purchasable","17":"product-type-simple"},"_links":{"self":[{"href":"https:\/\/baselle.com\/en\/wp-json\/wp\/v2\/product\/9962","targetHints":{"allow":["GET"]}}],"collection":[{"href":"https:\/\/baselle.com\/en\/wp-json\/wp\/v2\/product"}],"about":[{"href":"https:\/\/baselle.com\/en\/wp-json\/wp\/v2\/types\/product"}],"wp:featuredmedia":[{"embeddable":true,"href":"https:\/\/baselle.com\/en\/wp-json\/wp\/v2\/media\/9965"}],"wp:attachment":[{"href":"https:\/\/baselle.com\/en\/wp-json\/wp\/v2\/media?parent=9962"}],"wp:term":[{"taxonomy":"product_brand","embeddable":true,"href":"https:\/\/baselle.com\/en\/wp-json\/wp\/v2\/product_brand?post=9962"},{"taxonomy":"product_cat","embeddable":true,"href":"https:\/\/baselle.com\/en\/wp-json\/wp\/v2\/product_cat?post=9962"},{"taxonomy":"product_tag","embeddable":true,"href":"https:\/\/baselle.com\/en\/wp-json\/wp\/v2\/product_tag?post=9962"}],"curies":[{"name":"wp","href":"https:\/\/api.w.org\/{rel}","templated":true}]}}