{"id":9956,"date":"2019-03-15T16:16:39","date_gmt":"2019-03-15T15:16:39","guid":{"rendered":"https:\/\/baselle.com\/?post_type=product&#038;p=9956"},"modified":"2019-04-22T12:35:46","modified_gmt":"2019-04-22T10:35:46","slug":"louis-vuitton-multicles-6-monogram-idylle-encre-schluesseletui","status":"publish","type":"product","link":"https:\/\/baselle.com\/en\/product\/louis-vuitton-multicles-6-monogram-idylle-encre-schluesseletui\/","title":{"rendered":"Louis Vuitton Schl\u00fcsseletui"},"content":{"rendered":"<p>\n<strong>Louis Vuitton Multicl\u00e9s 6 M. Idylle Encre Schl\u00fcsseletui Beschreibung<\/strong> <\/p>\n<p>Das originale Louis Vuitton Multicl\u00e9s 6 M. Idylle Encre Schl\u00fcsseletui bietet Platz f\u00fcr 6 Schl\u00fcssel. Hinter den Messinghaken lassen sich Visiten- oder Kreditkarten verstauen. Dieses h\u00fcbsche und zugleich kompakte Accessoires passt optimal in jede Handtasche.\n<\/p>\n<p>\n<strong>Good condition:<\/strong><br \/>\nDieses Louis Vuitton Multicl\u00e9s 6 M. Idylle Encre Schl\u00fcsseletui aus zweiter Hand ist insgesamt in einem guten Zustand. Es wurde gerne getragen und zeigt Gebrauchspuren in Form von Abrieb der goldbeschichteten Messinghaken. Der Oberstoff ist in einem sch\u00f6nen Zustand ohne Besch\u00e4digungen &#8211; auch nicht an den Ecken.\n<\/p>\n<p>\n<strong>Style:<\/strong> Etui f\u00fcr 6 Schl\u00fcssel<br \/>\n<strong>Dimensions (approx.):<\/strong> Breite 10,5 cm * H\u00f6he 6,5 cm * Tiefe 1 cm\n<\/p>\n<p>\n<strong>Exterior material:<\/strong> Denim\/Stoff<br \/>\n<strong>Interior Material<\/strong> leather\n<\/p>\n<p>Die Bilder stellen das angebotene Schl\u00fcsseletui dar und sind Eigentum von MyLovelyBoutique.com. <\/p>\n<p>Follow us on <a href=\"https:\/\/www.instagram.com\/mylovelyboutique.de\/\" rel=\"noopener noreferrer\" target=\"_blank\"><span style=\"color: #e0adea\">Instagram<\/span><\/a> und lass Dich von unseren Outfit-Ideen inspirieren. <\/p>","protected":false},"excerpt":{"rendered":"<table class=\"mlb-product-details\">\n<tbody>\n<tr>\n<td class=\"mlb-details-caption\">Model<\/td>\n<td class=\"mlb-details-value\">Multicl\u00e9s 6 Monogram Idylle Encre (M62992)<\/td>\n<\/tr>\n<tr>\n<td class=\"mlb-details-caption\">Colour<\/td>\n<td class=\"mlb-details-value\">Grau-Blau<\/td>\n<\/tr>\n<tr>\n<td class=\"mlb-details-caption\">Hardware<\/td>\n<td class=\"mlb-details-value\">Gold<\/td>\n<\/tr>\n<tr>\n<td class=\"mlb-details-caption\">Year<\/td>\n<td class=\"mlb-details-value\">2011<\/td>\n<\/tr>\n<tr>\n<td class=\"mlb-details-caption\">Accessoires<\/td>\n<td class=\"mlb-details-value\">Box, Rechnungskopie<\/td>\n<\/tr>\n<tr>\n<td class=\"mlb-details-caption\">Condition<\/td>\n<td class=\"mlb-details-value\">Good condition<\/td>\n<\/tr>\n<\/tbody>\n<\/table>","protected":false},"featured_media":9958,"template":"","meta":[],"product_brand":[],"product_cat":[57,154,90,1431],"product_tag":[],"class_list":{"0":"post-9956","1":"product","2":"type-product","3":"status-publish","4":"has-post-thumbnail","6":"product_cat-accessories","7":"product_cat-designer","8":"product_cat-kleinlederwaren","9":"product_cat-louisvuitton","10":"product_shipping_class-0-500","12":"first","13":"outofstock","14":"sold-individually","15":"shipping-taxable","16":"purchasable","17":"product-type-simple"},"_links":{"self":[{"href":"https:\/\/baselle.com\/en\/wp-json\/wp\/v2\/product\/9956","targetHints":{"allow":["GET"]}}],"collection":[{"href":"https:\/\/baselle.com\/en\/wp-json\/wp\/v2\/product"}],"about":[{"href":"https:\/\/baselle.com\/en\/wp-json\/wp\/v2\/types\/product"}],"wp:featuredmedia":[{"embeddable":true,"href":"https:\/\/baselle.com\/en\/wp-json\/wp\/v2\/media\/9958"}],"wp:attachment":[{"href":"https:\/\/baselle.com\/en\/wp-json\/wp\/v2\/media?parent=9956"}],"wp:term":[{"taxonomy":"product_brand","embeddable":true,"href":"https:\/\/baselle.com\/en\/wp-json\/wp\/v2\/product_brand?post=9956"},{"taxonomy":"product_cat","embeddable":true,"href":"https:\/\/baselle.com\/en\/wp-json\/wp\/v2\/product_cat?post=9956"},{"taxonomy":"product_tag","embeddable":true,"href":"https:\/\/baselle.com\/en\/wp-json\/wp\/v2\/product_tag?post=9956"}],"curies":[{"name":"wp","href":"https:\/\/api.w.org\/{rel}","templated":true}]}}