{"id":9924,"date":"2019-03-08T17:09:57","date_gmt":"2019-03-08T16:09:57","guid":{"rendered":"https:\/\/baselle.com\/?post_type=product&#038;p=9924"},"modified":"2020-04-18T11:11:54","modified_gmt":"2020-04-18T09:11:54","slug":"louis-vuitton-melrose-avenue-vernis-leder-handtasche-amarante-1","status":"publish","type":"product","link":"https:\/\/baselle.com\/en\/product\/louis-vuitton-melrose-avenue-vernis-leder-handtasche-amarante-1\/","title":{"rendered":"Louis Vuitton Melrose"},"content":{"rendered":"<p>\n<strong>Louis Vuitton Melrose Avenue Vernis Leder Handtasche Beschreibung<\/strong><\/p>\n<p>Die originale Louis Vuitton Melrose Avenue Vernis Leder Handtasche ist das perfekte Design f\u00fcr die Business-Frau: Sie ist elegant, schlicht und bietet ausreichend Stauraum f\u00fcr Dokumente etc. Diese moderne Tasche ist aus Vernis Leder in Amarante gefertigt und verf\u00fcgt \u00fcber doppelt gerollte Ledergriffe, sch\u00fctzende Taschenf\u00fc\u00dfchen und goldfarbene Hardware-Akzente. <\/p>\n<p>Der gravierte Jumbo-Push-Lock-Verschluss \u00f6ffnet sich zu einem ger\u00e4umigen schwarzen Innenfutter mit drei Innenf\u00e4chern. Das mittlere Fach ist durch einen Rei\u00dfverschluss zu \u00f6ffnen, zwei weitere Einsteckf\u00e4cher eignen sich perfekt f\u00fcr das Aufbewahren Deiner wichtigsten Dinge.<\/p>\n<p>Die Louis Vuitton Melrose Avenue ist eine elegante Lieblingstasche f\u00fcr B\u00fcro und Alltag.\n<\/p>\n<p>\n<strong>Excellent condition<\/strong><br \/>\nDiese Louis Vuitton Melrose Avenue Vernis Handtasche aus zweiter Hand ist insgesamt in einem hervorragenden Zustand. Die Tasche wurde kaum und mit gro\u00dfer Sorgfalt getragen. Dementsprechend sind das Monogram Vernis Leder, auch die Ecken, sowie die goldfarbene Hardware in einem sehr gepflegten Zustand. Auch das Tascheninnere ist sauber, ohne Ger\u00fcche und weist keine L\u00f6cher\/Risse auf.\n<\/p>\n<p>\n<strong>Style:<\/strong> Handbag<br \/>\n<strong>Size:<\/strong> GM<br \/>\n<strong>Dimensions (approx.):<\/strong> Breite 36 cm * H\u00f6he 26 cm * Tiefe 12 cm\n<\/p>\n<p>\n<strong>Exterior material:<\/strong> Patent calfskin leather<br \/>\n<strong>Interior Material<\/strong> fabric lining\n<\/p>\n<p>The pictures represent the offered bag. The picture rights are held by MyLovelyBoutique.com.<\/p>\n<p>Follow us on <a href=\"https:\/\/www.instagram.com\/mylovelyboutique.de\/\" target=\"_blank\" rel=\"noopener noreferrer\"><span style=\"color: #e0adea\">Instagram<\/span><\/a> und lass Dich von unseren Outfit-Ideen inspirieren.<\/p>","protected":false},"excerpt":{"rendered":"<table class=\"mlb-product-details\">\n<tbody>\n<tr>\n<td class=\"mlb-details-caption\">Model<\/td>\n<td class=\"mlb-details-value\">Melrose Avenue Monogram Vernis<\/td>\n<\/tr>\n<tr>\n<td class=\"mlb-details-caption\">Colour<\/td>\n<td class=\"mlb-details-value\">Amarante<\/td>\n<\/tr>\n<tr>\n<td class=\"mlb-details-caption\">Hardware<\/td>\n<td class=\"mlb-details-value\">Gold<\/td>\n<\/tr>\n<tr>\n<td class=\"mlb-details-caption\">Year<\/td>\n<td class=\"mlb-details-value\">2011<\/td>\n<\/tr>\n<tr>\n<td class=\"mlb-details-caption\">Accessoires<\/td>\n<td class=\"mlb-details-value\">Staubbeutel, Schloss + Schl\u00fcssel, Clochette<\/td>\n<\/tr>\n<tr>\n<td class=\"mlb-details-caption\">Condition<\/td>\n<td class=\"mlb-details-value\">Excellent condition<\/td>\n<\/tr>\n<\/tbody>\n<\/table>","protected":false},"featured_media":9928,"template":"","meta":[],"product_brand":[],"product_cat":[154,68,1431,99],"product_tag":[102],"class_list":{"0":"post-9924","1":"product","2":"type-product","3":"status-publish","4":"has-post-thumbnail","6":"product_cat-designer","7":"product_cat-handtaschen","8":"product_cat-louisvuitton","9":"product_cat-taschen","10":"product_tag-sale","11":"product_shipping_class-bis1000","13":"first","14":"outofstock","15":"sale","16":"sold-individually","17":"shipping-taxable","18":"purchasable","19":"product-type-simple"},"_links":{"self":[{"href":"https:\/\/baselle.com\/en\/wp-json\/wp\/v2\/product\/9924","targetHints":{"allow":["GET"]}}],"collection":[{"href":"https:\/\/baselle.com\/en\/wp-json\/wp\/v2\/product"}],"about":[{"href":"https:\/\/baselle.com\/en\/wp-json\/wp\/v2\/types\/product"}],"wp:featuredmedia":[{"embeddable":true,"href":"https:\/\/baselle.com\/en\/wp-json\/wp\/v2\/media\/9928"}],"wp:attachment":[{"href":"https:\/\/baselle.com\/en\/wp-json\/wp\/v2\/media?parent=9924"}],"wp:term":[{"taxonomy":"product_brand","embeddable":true,"href":"https:\/\/baselle.com\/en\/wp-json\/wp\/v2\/product_brand?post=9924"},{"taxonomy":"product_cat","embeddable":true,"href":"https:\/\/baselle.com\/en\/wp-json\/wp\/v2\/product_cat?post=9924"},{"taxonomy":"product_tag","embeddable":true,"href":"https:\/\/baselle.com\/en\/wp-json\/wp\/v2\/product_tag?post=9924"}],"curies":[{"name":"wp","href":"https:\/\/api.w.org\/{rel}","templated":true}]}}