{"id":9886,"date":"2019-02-27T11:27:49","date_gmt":"2019-02-27T10:27:49","guid":{"rendered":"https:\/\/baselle.com\/?post_type=product&#038;p=9886"},"modified":"2020-01-26T12:50:51","modified_gmt":"2020-01-26T11:50:51","slug":"louis-vuitton-babylone-chain-bb-magnolia-1","status":"publish","type":"product","link":"https:\/\/baselle.com\/en\/product\/louis-vuitton-babylone-chain-bb-magnolia-1\/","title":{"rendered":"Louis Vuitton Babylone"},"content":{"rendered":"<p>\n<strong>Louis Vuitton Babylone Chain BB Mahina Leder Handtasche Beschreibung<\/strong><\/p>\n<p>Die originale Louis Vuitton Babylone Chain BB Mahina Leder Handtasche vereint elegantes Design mit l\u00e4ssigem Tragekomfort. Sie ist aus Monogram perforierten Mahina Leder gefertigt und verf\u00fcgt \u00fcber plissierte Details und silberne Hardware-Akzente. Der Griff ist stilvoll mit weichem Lammleder \u00fcberzogen. Der abnehmbare Schulterriemen (L\u00e4nge = 105 cm) verspricht maximalen Tragekomfort und macht die Babylone BB zum idealen Begleiter f\u00fcr unterwegs. <\/p>\n<p>Der Rei\u00dfverschluss \u00f6ffnet sich zu einem mit dunkelbraunem Mikrofaser gef\u00fctterten Tascheninneren mit einem Rei\u00dfverschlussfach sowie einem Steckfach. Die vielen praktischen Details machen die Louis Vuitton Babylone Chain BB zum eleganten Lieblingsst\u00fcck f\u00fcr den t\u00e4glichen Gebrauch.<\/p>\n<p>Der Neupreis dieser Tasche liegt bei 2660,00\u20ac.\n<\/p>\n<p>\n<strong>Very good condition:<\/strong><br \/>\nDiese Louis Vuitton Babylone Chain BB Mahina Leder Handtasche aus zweiter Hand ist insgesamt in einem sehr guten Zustand. Das Kalbsleder mit der Mahina Lochpr\u00e4gung sowie die silberne Hardware ist in einem gepflegten guten Zustand. Das Tascheninnere ist sauber und weist keine L\u00f6cher\/Risse auf.\n<\/p>\n<p>\n<strong>Style:<\/strong> Schulter-\/Handtasche\/Crossbody<br \/>\n<strong>Size:<\/strong> BB<br \/>\n<strong>Dimensions (approx.):<\/strong> Breite 24 cm * H\u00f6he 24 cm * Tiefe 14 cm\n<\/p>\n<p>\n<strong>Exterior material:<\/strong> calfskin leather<br \/>\n<strong>Interior Material<\/strong> microfibre lining\n<\/p>\n<p>The pictures represent the offered bag. The picture rights are held by MyLovelyBoutique.com. <\/p>\n<p>Follow us on <a href=\"https:\/\/www.instagram.com\/mylovelyboutique.de\/\" rel=\"noopener noreferrer\" target=\"_blank\"><span style=\"color: #e0adea\">Instagram<\/span><\/a> und lass Dich von unseren Outfit-Ideen inspirieren. <\/p>","protected":false},"excerpt":{"rendered":"<table class=\"mlb-product-details\">\n<tbody>\n<tr>\n<td class=\"mlb-details-caption\">Model<\/td>\n<td class=\"mlb-details-value\">Babylone Chain BB Mahina Magnolia (M51219)<\/td>\n<\/tr>\n<tr>\n<td class=\"mlb-details-caption\">Colour<\/td>\n<td class=\"mlb-details-value\">Magnolia\/Zartrosa<\/td>\n<\/tr>\n<tr>\n<td class=\"mlb-details-caption\">Hardware<\/td>\n<td class=\"mlb-details-value\">Silver<\/td>\n<\/tr>\n<tr>\n<td class=\"mlb-details-caption\">Year<\/td>\n<td class=\"mlb-details-value\">2017<\/td>\n<\/tr>\n<tr>\n<td class=\"mlb-details-caption\">Accessoires<\/td>\n<td class=\"mlb-details-value\">Dustbag, LV material info, removable shoulder strap<\/td>\n<\/tr>\n<tr>\n<td class=\"mlb-details-caption\">Condition<\/td>\n<td class=\"mlb-details-value\">Very good condition<\/td>\n<\/tr>\n<\/tbody>\n<\/table>","protected":false},"featured_media":9888,"template":"","meta":[],"product_brand":[],"product_cat":[87,154,68,1431,85,99],"product_tag":[],"class_list":{"0":"post-9886","1":"product","2":"type-product","3":"status-publish","4":"has-post-thumbnail","6":"product_cat-crossbodytaschen","7":"product_cat-designer","8":"product_cat-handtaschen","9":"product_cat-louisvuitton","10":"product_cat-schultertaschen","11":"product_cat-taschen","12":"product_shipping_class-bis1000","14":"first","15":"outofstock","16":"sold-individually","17":"shipping-taxable","18":"purchasable","19":"product-type-simple"},"_links":{"self":[{"href":"https:\/\/baselle.com\/en\/wp-json\/wp\/v2\/product\/9886","targetHints":{"allow":["GET"]}}],"collection":[{"href":"https:\/\/baselle.com\/en\/wp-json\/wp\/v2\/product"}],"about":[{"href":"https:\/\/baselle.com\/en\/wp-json\/wp\/v2\/types\/product"}],"wp:featuredmedia":[{"embeddable":true,"href":"https:\/\/baselle.com\/en\/wp-json\/wp\/v2\/media\/9888"}],"wp:attachment":[{"href":"https:\/\/baselle.com\/en\/wp-json\/wp\/v2\/media?parent=9886"}],"wp:term":[{"taxonomy":"product_brand","embeddable":true,"href":"https:\/\/baselle.com\/en\/wp-json\/wp\/v2\/product_brand?post=9886"},{"taxonomy":"product_cat","embeddable":true,"href":"https:\/\/baselle.com\/en\/wp-json\/wp\/v2\/product_cat?post=9886"},{"taxonomy":"product_tag","embeddable":true,"href":"https:\/\/baselle.com\/en\/wp-json\/wp\/v2\/product_tag?post=9886"}],"curies":[{"name":"wp","href":"https:\/\/api.w.org\/{rel}","templated":true}]}}