{"id":9864,"date":"2019-02-26T19:54:48","date_gmt":"2019-02-26T18:54:48","guid":{"rendered":"https:\/\/baselle.com\/?post_type=product&#038;p=9864"},"modified":"2019-06-25T21:53:01","modified_gmt":"2019-06-25T19:53:01","slug":"chanel-cc-trendy-top-handle-bag-denim-1","status":"publish","type":"product","link":"https:\/\/baselle.com\/en\/product\/chanel-cc-trendy-top-handle-bag-denim-1\/","title":{"rendered":"CHANEL Trendy CC"},"content":{"rendered":"<p>\n<strong>CHANEL Trendy CC Top Handle Bag Handtasche Beschreibung<\/strong><\/p>\n<p>Die originale CHANEL Trendy CC Top Handle Bag Handtasche hat sich in den vergangenen Jahren zu einer der begehrtesten Taschen aus dem Maison CHANEL entwickelt. In vielerlei Hinsicht ist sie die moderne Version der Classic Flap Bag, unterscheidet sich jedoch in einigen Details von dieser. Die auff\u00e4lligsten Feautures sind der Griff sowie die mit &#8220;CHANEL&#8221; gravierte Platte. Diese Trendy CC ist aus dunkelblauem gesteppten Denim gefertigt und verf\u00fcgt \u00fcber einen Ledergriff, einen eingewebten Lederkettenriemen mit Lederauflage, einem CC-Turnlock sowie silberne Hardware-Akzente.<\/p>\n<p>Die CHANEL Trendy CC Top Handle Bag Handtasche kann als Schultertasche, Crossbody oder an der Hand getragen werden. F\u00fcr maximalen Tragekomfort geht im Schulterbereich der abnehmbare Kettenriemen in weiches Leder \u00fcber. Die Klappe \u00f6ffnet sich zu einem mit dunkelblauen Leder gef\u00fctterten Tascheninneren, welches in drei F\u00e4cher aufgeteilt ist. Darin befinden sich zwei Steckf\u00e4cher und ein Rei\u00dfverschlussfach. Am Taschenr\u00fccken befindet sich ein weiteres aufgesetztes Steckfach. <\/p>\n<p>Die Top Handle Bag l\u00e4sst Frauenherzen h\u00f6her schlagen und ist definitiv das n\u00e4chste Must-Have nach der CHANEL Classic Flap Bag.\n<\/p>\n<p>\n<strong>Excellent condition<\/strong><br \/>\nDiese CHANEL Trendy CC Top Handle Bag Handtasche aus zweiter Hand ist in einem hervorragenden Zustand. Die Tasche wurde kaum getragen. Dementsprechend sind das gesteppte Denim, das Leder sowie die silberfarbene Hardware in einem einwandfreien Zustand. Auch das Tascheninnere ist sauber, ohne Ger\u00fcche und weist keine L\u00f6cher\/Risse auf.\n<\/p>\n<p>\n<strong>Style:<\/strong> Handtasche\/Schultertasche\/Crossbody<br \/>\n<strong>Size:<\/strong> Medium<br \/>\n<strong>Dimensions (approx.):<\/strong> Breite 25 cm * H\u00f6he 17 cm * Tiefe 12 cm<br \/>\n<strong>Shoulder strap (approx.):<\/strong> 102 cm\n<\/p>\n<p>\n<strong>Exterior material:<\/strong> Denim, Kalbsleder<br \/>\n<strong>Interior Material<\/strong> Leather lining\n<\/p>\n<p>The pictures represent the offered bag. The picture rights are held by MyLovelyBoutique.com. <\/p>\n<p>Follow us on <a href=\"https:\/\/www.instagram.com\/mylovelyboutique.de\/\" rel=\"noopener noreferrer\" target=\"_blank\"><span style=\"color: #e0adea\">Instagram<\/span><\/a> und lass Dich von unseren Outfit-Ideen inspirieren. <\/p>","protected":false},"excerpt":{"rendered":"<table class=\"mlb-product-details\">\n<tbody>\n<tr>\n<td class=\"mlb-details-caption\">Model<\/td>\n<td class=\"mlb-details-value\">Trendy CC Top Handle Bag<\/td>\n<\/tr>\n<tr>\n<td class=\"mlb-details-caption\">Colour<\/td>\n<td class=\"mlb-details-value\">Marine\/Dark Blue<\/td>\n<\/tr>\n<tr>\n<td class=\"mlb-details-caption\">Hardware<\/td>\n<td class=\"mlb-details-value\">Silver<\/td>\n<\/tr>\n<tr>\n<td class=\"mlb-details-caption\">Year<\/td>\n<td class=\"mlb-details-value\">2017<\/td>\n<\/tr>\n<tr>\n<td class=\"mlb-details-caption\">Accessoires<\/td>\n<td class=\"mlb-details-value\">Invoice, box, dustbag, authenticity card, serialnumber with hologram<\/td>\n<\/tr>\n<tr>\n<td class=\"mlb-details-caption\">Condition<\/td>\n<td class=\"mlb-details-value\">Excellent condition<\/td>\n<\/tr>\n<\/tbody>\n<\/table>","protected":false},"featured_media":9885,"template":"","meta":[],"product_brand":[],"product_cat":[1430,87,154,68,86,85,99],"product_tag":[],"class_list":{"0":"post-9864","1":"product","2":"type-product","3":"status-publish","4":"has-post-thumbnail","6":"product_cat-chanel","7":"product_cat-crossbodytaschen","8":"product_cat-designer","9":"product_cat-handtaschen","10":"product_cat-kleinetaschen","11":"product_cat-schultertaschen","12":"product_cat-taschen","14":"first","15":"outofstock","16":"sold-individually","17":"shipping-taxable","18":"purchasable","19":"product-type-simple"},"_links":{"self":[{"href":"https:\/\/baselle.com\/en\/wp-json\/wp\/v2\/product\/9864","targetHints":{"allow":["GET"]}}],"collection":[{"href":"https:\/\/baselle.com\/en\/wp-json\/wp\/v2\/product"}],"about":[{"href":"https:\/\/baselle.com\/en\/wp-json\/wp\/v2\/types\/product"}],"wp:featuredmedia":[{"embeddable":true,"href":"https:\/\/baselle.com\/en\/wp-json\/wp\/v2\/media\/9885"}],"wp:attachment":[{"href":"https:\/\/baselle.com\/en\/wp-json\/wp\/v2\/media?parent=9864"}],"wp:term":[{"taxonomy":"product_brand","embeddable":true,"href":"https:\/\/baselle.com\/en\/wp-json\/wp\/v2\/product_brand?post=9864"},{"taxonomy":"product_cat","embeddable":true,"href":"https:\/\/baselle.com\/en\/wp-json\/wp\/v2\/product_cat?post=9864"},{"taxonomy":"product_tag","embeddable":true,"href":"https:\/\/baselle.com\/en\/wp-json\/wp\/v2\/product_tag?post=9864"}],"curies":[{"name":"wp","href":"https:\/\/api.w.org\/{rel}","templated":true}]}}