{"id":9858,"date":"2019-02-23T18:30:52","date_gmt":"2019-02-23T17:30:52","guid":{"rendered":"https:\/\/baselle.com\/?post_type=product&#038;p=9858"},"modified":"2019-03-08T15:49:29","modified_gmt":"2019-03-08T14:49:29","slug":"louis-vuitton-jack-lucy-bag-charm-taschenschmuck-1","status":"publish","type":"product","link":"https:\/\/baselle.com\/en\/product\/louis-vuitton-jack-lucy-bag-charm-taschenschmuck-1\/","title":{"rendered":"Louis Vuitton Bag Charm"},"content":{"rendered":"<p><strong>Louis Vuitton Jack &#038; Lucy Bag Charm Taschenschmuck Beschreibung<\/strong><\/p>\n<p>Der originale Louis Vuitton Jack &#038; Lucy Bag Charm Taschenschmuck ist als limitierte Edition eine absolute Rarit\u00e4t und daher ein hei\u00df begehrtes Sammlerst\u00fcck. Er verf\u00fcgt \u00fcber einen Karabinerverschluss sowie einen Schl\u00fcsselring. Die zwei Kugeln aus Kunstharz sind mit zwei s\u00fc\u00dfen Spuk Gesichtern verziert, deren Mund aus Swarovski-Steinchen gefertigt ist. Die Zahnl\u00fccke von Jack (=die orangene Kugel) wird durch ein mattgoldfarbenes Messingsteinchen anstelle des Swarovski-Steinchens hervorgehoben. Auf der anderen Seite der Kugeln ist jeweils die LV-Signatur eingepr\u00e4gt. Jedes kleine Details macht aus diesem Louis Vuitton Bag Charm ein Lieblingsaccessoire mit Sammlerwert.<\/p>\n<p><strong>Very good condition:<\/strong><br \/>\nDieser Louis Vuitton Jack &#038; Lucy Bag Charm Taschenschmuck aus zweiter Hand ist in einem sehr guten Zustand. Er wurde gerne getragen, so dass auf dem goldbeschichtetem Messing Mikrokratzer entstanden sind. Beachte, dass der Anh\u00e4nger auf dem ersten und dritten Bild auf einem Produktst\u00e4nder fotografiert und auf den Bildern wegretuschiert wurde (siehe oberer Bereich des Anh\u00e4ngers).  <\/p>\n<p><strong>Dimensions (approx.):<\/strong> Gesamtl\u00e4nge = 13,5 cm<\/p>\n<p><strong>Material:<\/strong> Metall, Kunstharz<\/p>\n<p>The pictures represent the offered bag charm. The picture rights are held by MyLovelyBoutique.com. <\/p>\n<p>Follow us on <a href=\"https:\/\/www.instagram.com\/mylovelyboutique.de\/\" target=\"_blank\" rel=\"noopener noreferrer\"><span style=\"color: #e0adea;\">Instagram<\/span><\/a> und lass Dich von unseren Outfit-Ideen inspirieren.<\/p>","protected":false},"excerpt":{"rendered":"<table class=\"mlb-product-details\">\n<tbody>\n<tr>\n<td class=\"mlb-details-caption\">Model<\/td>\n<td class=\"mlb-details-value\">Jack &#038; Lucy Bag Charm<\/td>\n<\/tr>\n<tr>\n<td class=\"mlb-details-caption\">Colour<\/td>\n<td class=\"mlb-details-value\">Wei\u00df\/Orange<\/td>\n<\/tr>\n<tr>\n<td class=\"mlb-details-caption\">Hardware<\/td>\n<td class=\"mlb-details-value\">Gold<\/td>\n<\/tr>\n<tr>\n<td class=\"mlb-details-caption\">Year<\/td>\n<td class=\"mlb-details-value\">2006<\/td>\n<\/tr>\n<tr>\n<td class=\"mlb-details-caption\">Accessoires<\/td>\n<td class=\"mlb-details-value\">Dustbag<\/td>\n<\/tr>\n<tr>\n<td class=\"mlb-details-caption\">Condition<\/td>\n<td class=\"mlb-details-value\">Very good condition<\/td>\n<\/tr>\n<\/tbody>\n<\/table>","protected":false},"featured_media":9860,"template":"","meta":[],"product_brand":[],"product_cat":[57,154,1431,92],"product_tag":[],"class_list":{"0":"post-9858","1":"product","2":"type-product","3":"status-publish","4":"has-post-thumbnail","6":"product_cat-accessories","7":"product_cat-designer","8":"product_cat-louisvuitton","9":"product_cat-taschenschmuck","10":"product_shipping_class-0-500","12":"first","13":"outofstock","14":"sold-individually","15":"shipping-taxable","16":"purchasable","17":"product-type-simple"},"_links":{"self":[{"href":"https:\/\/baselle.com\/en\/wp-json\/wp\/v2\/product\/9858","targetHints":{"allow":["GET"]}}],"collection":[{"href":"https:\/\/baselle.com\/en\/wp-json\/wp\/v2\/product"}],"about":[{"href":"https:\/\/baselle.com\/en\/wp-json\/wp\/v2\/types\/product"}],"wp:featuredmedia":[{"embeddable":true,"href":"https:\/\/baselle.com\/en\/wp-json\/wp\/v2\/media\/9860"}],"wp:attachment":[{"href":"https:\/\/baselle.com\/en\/wp-json\/wp\/v2\/media?parent=9858"}],"wp:term":[{"taxonomy":"product_brand","embeddable":true,"href":"https:\/\/baselle.com\/en\/wp-json\/wp\/v2\/product_brand?post=9858"},{"taxonomy":"product_cat","embeddable":true,"href":"https:\/\/baselle.com\/en\/wp-json\/wp\/v2\/product_cat?post=9858"},{"taxonomy":"product_tag","embeddable":true,"href":"https:\/\/baselle.com\/en\/wp-json\/wp\/v2\/product_tag?post=9858"}],"curies":[{"name":"wp","href":"https:\/\/api.w.org\/{rel}","templated":true}]}}