{"id":9844,"date":"2019-02-22T18:04:57","date_gmt":"2019-02-22T17:04:57","guid":{"rendered":"https:\/\/baselle.com\/?post_type=product&#038;p=9844"},"modified":"2019-03-29T04:03:45","modified_gmt":"2019-03-29T03:03:45","slug":"chanel-rectangular-mini-flap-bag-handtasche-1","status":"publish","type":"product","link":"https:\/\/baselle.com\/en\/product\/chanel-rectangular-mini-flap-bag-handtasche-1\/","title":{"rendered":"CHANEL Rectangular Mini"},"content":{"rendered":"<p>\n<strong>CHANEL Rectangular Mini Flap Bag Handtasche Beschreibung<\/strong><\/p>\n<p>Die originale CHANEL Rectangular Mini Flap Bag Handtasche ist ein zeitloses Accessoire im klassischen Stil von Chanel. In ihrer kleinen Gr\u00f6\u00dfe eignet sie sich perfekt als Abendtasche, bietet dennoch genug Platz f\u00fcr eine kompakte Geldb\u00f6rse, Schl\u00fcssel und Smartphone, so dass sie sich auch f\u00fcr den Alltag eignen kann. Die Mini-Rectangular ist aus gestepptem Lammleder gefertigt und verf\u00fcgt \u00fcber gewebte Kettenriemen, einem CC-Turnlock und silberne Hardware-Akzente mit Ruthenium-Finish.<\/p>\n<p>Der CC-Turnlock-Verschluss \u00f6ffnet sich zu einem schwarzen Lederfutter mit einem Steckfach sowie einem Rei\u00dfverschlussfach. Am Taschenr\u00fccken befindet sich ein weiteres aufgesetztes Steckfach. Die kleine Flap Bag Handtasche kann \u00fcber der Schulter sowie Crossbody getragen werden, so dass maximaler Tragekomfort garantiert ist. Eine komfortable und kompakte Handtasche, die Chanels klassisches Design verk\u00f6rpert.\n<\/p>\n<p>\n<strong>Very good condition:<\/strong><br \/>\nDiese CHANEL Rectangular Mini Flap Bag Handtasche aus zweiter Hand ist insgesamt in einem sehr guten Zustand. Die Tasche wurde mit Sorgfalt getragen, weshalb das Lammleder in einem sehr gepflegten Zustand ist. Das Tascheninnere ist sauber und weist keine L\u00f6cher\/Risse auf. Die silberfarbenen Hardware-Akzente sind ebenfalls in einem sehr guten Zustand.<\/p>\n<p>\n<strong>Style:<\/strong> Shoulder bag, crossbody<br \/>\n<strong>Size:<\/strong> Mini<br \/>\n<strong>Dimensions (approx.):<\/strong> Breite 20 cm * H\u00f6he 12 cm * Tiefe 6 cm<br \/>\n<strong>Shoulder chain:<\/strong> 120 cm\n<\/p>\n<p>\n<strong>Exterior material:<\/strong> Lambskin leather<br \/>\n<strong>Interior Material<\/strong> leather\n<\/p>\n<p>The pictures represent the offered bag. The picture rights are held by MyLovelyBoutique.com. <\/p>\n<p>Follow us on <a href=\"https:\/\/www.instagram.com\/mylovelyboutique.de\/\" rel=\"noopener noreferrer\" target=\"_blank\"><span style=\"color: #e0adea\">Instagram<\/span><\/a> und lass Dich von unseren Outfit-Ideen inspirieren. <\/p>","protected":false},"excerpt":{"rendered":"<table class=\"mlb-product-details\">\n<tbody>\n<tr>\n<td class=\"mlb-details-caption\">Model<\/td>\n<td class=\"mlb-details-value\">Rectangular Mini Flap Bag<\/td>\n<\/tr>\n<tr>\n<td class=\"mlb-details-caption\">Colour<\/td>\n<td class=\"mlb-details-value\">Black<\/td>\n<\/tr>\n<tr>\n<td class=\"mlb-details-caption\">Hardware<\/td>\n<td class=\"mlb-details-value\">Silver with ruthenium finish<\/td>\n<\/tr>\n<tr>\n<td class=\"mlb-details-caption\">Year<\/td>\n<td class=\"mlb-details-value\">2015<\/td>\n<\/tr>\n<tr>\n<td class=\"mlb-details-caption\">Accessoires<\/td>\n<td class=\"mlb-details-value\">Box, dustbag, serialnumber with hologram<\/td>\n<\/tr>\n<tr>\n<td class=\"mlb-details-caption\">Condition<\/td>\n<td class=\"mlb-details-value\">Very good condition<\/td>\n<\/tr>\n<\/tbody>\n<\/table>","protected":false},"featured_media":9850,"template":"","meta":[],"product_brand":[],"product_cat":[1430,87,154,86,85,99],"product_tag":[],"class_list":{"0":"post-9844","1":"product","2":"type-product","3":"status-publish","4":"has-post-thumbnail","6":"product_cat-chanel","7":"product_cat-crossbodytaschen","8":"product_cat-designer","9":"product_cat-kleinetaschen","10":"product_cat-schultertaschen","11":"product_cat-taschen","13":"first","14":"outofstock","15":"sold-individually","16":"shipping-taxable","17":"purchasable","18":"product-type-simple"},"_links":{"self":[{"href":"https:\/\/baselle.com\/en\/wp-json\/wp\/v2\/product\/9844","targetHints":{"allow":["GET"]}}],"collection":[{"href":"https:\/\/baselle.com\/en\/wp-json\/wp\/v2\/product"}],"about":[{"href":"https:\/\/baselle.com\/en\/wp-json\/wp\/v2\/types\/product"}],"wp:featuredmedia":[{"embeddable":true,"href":"https:\/\/baselle.com\/en\/wp-json\/wp\/v2\/media\/9850"}],"wp:attachment":[{"href":"https:\/\/baselle.com\/en\/wp-json\/wp\/v2\/media?parent=9844"}],"wp:term":[{"taxonomy":"product_brand","embeddable":true,"href":"https:\/\/baselle.com\/en\/wp-json\/wp\/v2\/product_brand?post=9844"},{"taxonomy":"product_cat","embeddable":true,"href":"https:\/\/baselle.com\/en\/wp-json\/wp\/v2\/product_cat?post=9844"},{"taxonomy":"product_tag","embeddable":true,"href":"https:\/\/baselle.com\/en\/wp-json\/wp\/v2\/product_tag?post=9844"}],"curies":[{"name":"wp","href":"https:\/\/api.w.org\/{rel}","templated":true}]}}