{"id":9707,"date":"2019-02-17T14:39:25","date_gmt":"2019-02-17T13:39:25","guid":{"rendered":"https:\/\/baselle.com\/?post_type=product&#038;p=9707"},"modified":"2019-03-04T15:42:51","modified_gmt":"2019-03-04T14:42:51","slug":"chanel-graffiti-canvas-tote-bag-handtasche-1","status":"publish","type":"product","link":"https:\/\/baselle.com\/en\/product\/chanel-graffiti-canvas-tote-bag-handtasche-1\/","title":{"rendered":"CHANEL Graffiti Tote"},"content":{"rendered":"<p>\n<strong>CHANEL Graffiti Canvas Tote Bag Handtasche Beschreibung<\/strong><\/p>\n<p>Die originale CHANEL Graffiti Canvas Tote Bag Handtasche aus der CHANEL Spring Runway Collection 2014, ist eine limitierte Tote-Bag, die hei\u00df begehrt und sofort ausverkauft war. Noch heute sind die Graffiti Tote Bag sowie der Graffiti Backpack gefragt und haben einen sehr hohen Sammlerwert. <\/p>\n<p>Diese Handtasche von CHANEL ist aus mit Graffiti bedrucktem und bespr\u00fchtem Canvas gefertigt und verf\u00fcgt \u00fcber Aufdrucke wie das Chanel-Logo, 31 Rue Cambon, Paris etc. Eine aufgesetzte Tasche am Taschenr\u00fccken sowie eine kleinere vorne aufgesetzte Tasche bieten Platz f\u00fcr Dinge, des t\u00e4glichen Bedarfs. Durch die doppelten Ledergriffe, die silbernen Kettenriemen mit Ruthenium-Finish sowie den Crossbody-Gurt mit Karabinern l\u00e4sst sich die Tasche auf vielf\u00e4ltige Weise tragen und bietet so maximalen Tragekomfort.<\/p>\n<p>Durch einen Magnetverschluss \u00f6ffnet sich die CHANEL Graffiti Canvas Handtasche zu einem grauen Innenfutter. Im Tascheninneren befinden sich zwei Steckf\u00e4cher, ein Rei\u00dfverschlussfach sowie ein Lederband mit Karabiner zum Anbringen von Schl\u00fcssel etc.\n<\/p>\n<p>\n<strong>Excellent condition<\/strong><br \/>\nDiese CHANEL Graffiti Canvas Tote Bag Handtasche aus zweiter Hand ist insgesamt in einem hervorragenden Zustand. Die Tasche wurde kaum und mit gro\u00dfer Sorgfalt getragen. Dementsprechend sind das Canvas, auch die Ecken, die Lederbes\u00e4tze sowie die silberfarbene Hardware in einem sehr gepflegten Zustand. Auch das Tascheninnere ist sauber, ohne Ger\u00fcche und weist keine L\u00f6cher\/Risse auf.\n<\/p>\n<p>\n<strong>Style:<\/strong> Schultertasche\/Shopper\/Handtasche\/Crossbody<br \/>\n<strong>Size:<\/strong> Large<br \/>\n<strong>Dimensions (approx.):<\/strong> Breite 32 cm * H\u00f6he 40 cm * Tiefe 9 cm<br \/>\n<strong>Tr\u00e4gerl\u00e4nge (Kettenriemen):<\/strong> 93 cm\n<\/p>\n<p>\n<strong>Exterior material:<\/strong> Canvas, Lederbes\u00e4tze<br \/>\n<strong>Interior Material<\/strong> fabric lining\n<\/p>\n<p>The pictures represent the offered bag. The picture rights are held by MyLovelyBoutique.com. <\/p>\n<p>Follow us on <a href=\"https:\/\/www.instagram.com\/mylovelyboutique.de\/\" rel=\"noopener noreferrer\" target=\"_blank\"><span style=\"color: #e0adea\">Instagram<\/span><\/a> und lass Dich von unseren Outfit-Ideen inspirieren. <\/p>","protected":false},"excerpt":{"rendered":"<table class=\"mlb-product-details\">\n<tbody>\n<tr>\n<td class=\"mlb-details-caption\">Model<\/td>\n<td class=\"mlb-details-value\">Graffiti Canvas Tote Bag<\/td>\n<\/tr>\n<tr>\n<td class=\"mlb-details-caption\">Colour<\/td>\n<td class=\"mlb-details-value\">Beige\/Bunt<\/td>\n<\/tr>\n<tr>\n<td class=\"mlb-details-caption\">Hardware<\/td>\n<td class=\"mlb-details-value\">Silver<\/td>\n<\/tr>\n<tr>\n<td class=\"mlb-details-caption\">Year<\/td>\n<td class=\"mlb-details-value\">2014<\/td>\n<\/tr>\n<tr>\n<td class=\"mlb-details-caption\">Accessoires<\/td>\n<td class=\"mlb-details-value\">Box, dustbag, serialnumber with hologram<\/td>\n<\/tr>\n<tr>\n<td class=\"mlb-details-caption\">Condition<\/td>\n<td class=\"mlb-details-value\">Excellent<\/td>\n<\/tr>\n<\/tbody>\n<\/table>","protected":false},"featured_media":9710,"template":"","meta":[],"product_brand":[],"product_cat":[1430,87,154,68,85,99],"product_tag":[],"class_list":{"0":"post-9707","1":"product","2":"type-product","3":"status-publish","4":"has-post-thumbnail","6":"product_cat-chanel","7":"product_cat-crossbodytaschen","8":"product_cat-designer","9":"product_cat-handtaschen","10":"product_cat-schultertaschen","11":"product_cat-taschen","13":"first","14":"outofstock","15":"sold-individually","16":"shipping-taxable","17":"purchasable","18":"product-type-simple"},"_links":{"self":[{"href":"https:\/\/baselle.com\/en\/wp-json\/wp\/v2\/product\/9707","targetHints":{"allow":["GET"]}}],"collection":[{"href":"https:\/\/baselle.com\/en\/wp-json\/wp\/v2\/product"}],"about":[{"href":"https:\/\/baselle.com\/en\/wp-json\/wp\/v2\/types\/product"}],"wp:featuredmedia":[{"embeddable":true,"href":"https:\/\/baselle.com\/en\/wp-json\/wp\/v2\/media\/9710"}],"wp:attachment":[{"href":"https:\/\/baselle.com\/en\/wp-json\/wp\/v2\/media?parent=9707"}],"wp:term":[{"taxonomy":"product_brand","embeddable":true,"href":"https:\/\/baselle.com\/en\/wp-json\/wp\/v2\/product_brand?post=9707"},{"taxonomy":"product_cat","embeddable":true,"href":"https:\/\/baselle.com\/en\/wp-json\/wp\/v2\/product_cat?post=9707"},{"taxonomy":"product_tag","embeddable":true,"href":"https:\/\/baselle.com\/en\/wp-json\/wp\/v2\/product_tag?post=9707"}],"curies":[{"name":"wp","href":"https:\/\/api.w.org\/{rel}","templated":true}]}}