{"id":9702,"date":"2019-02-09T14:56:07","date_gmt":"2019-02-09T13:56:07","guid":{"rendered":"https:\/\/baselle.com\/?post_type=product&#038;p=9702"},"modified":"2019-03-01T15:02:30","modified_gmt":"2019-03-01T14:02:30","slug":"louis-vuitton-ball-blush-bag-charm-taschenschmuck-2","status":"publish","type":"product","link":"https:\/\/baselle.com\/en\/product\/louis-vuitton-ball-blush-bag-charm-taschenschmuck-2\/","title":{"rendered":"Louis Vuitton Bag Charm"},"content":{"rendered":"<p><strong>Louis Vuitton Monogram Ball Blush Bag Charm Taschenschmuck Beschreibung<\/strong><\/p>\n<p>Der originale Louis Vuitton Monogram Ball Blush Bag Charm Taschenschmuck wird im Nu zu Deinem Lieblings-Taschenschmuck! Denn er verzaubert durch romantische Details wie die mit der ikonischen Monogram-Bl\u00fcte verzierte Kugel sowie der zartrosa strahlenden Kugel mit aufgesetzer Bl\u00fcte. Gekonnt schm\u00fcckt dieser Bag Charm Deine Tasche und macht diese garantiert zum Eyecatcher!<\/p>\n<p><strong>Very good condition:<\/strong><br \/>\nDieser Louis Vuitton Monogram Ball Blush Bag Charm Taschenschmuck aus zweiter Hand ist in einem sehr guten Zustand.  <\/p>\n<p><strong>Dimensions (approx.):<\/strong> Gesamtl\u00e4nge = 13,5 cm<\/p>\n<p><strong>Material:<\/strong> Metall, Kunstharz<\/p>\n<p>The pictures represent the offered bag charm. The picture rights are held by MyLovelyBoutique.com. <\/p>\n<p>Follow us on <a href=\"https:\/\/www.instagram.com\/mylovelyboutique.de\/\" target=\"_blank\" rel=\"noopener noreferrer\"><span style=\"color: #e0adea;\">Instagram<\/span><\/a> und lass Dich von unseren Outfit-Ideen inspirieren.<\/p>","protected":false},"excerpt":{"rendered":"<table class=\"mlb-product-details\">\n<tbody>\n<tr>\n<td class=\"mlb-details-caption\">Model<\/td>\n<td class=\"mlb-details-value\">Monogram Ball Blush Bag Charm (M66981)<\/td>\n<\/tr>\n<tr>\n<td class=\"mlb-details-caption\">Colour<\/td>\n<td class=\"mlb-details-value\">Rosa\/Blassrosa<\/td>\n<\/tr>\n<tr>\n<td class=\"mlb-details-caption\">Hardware<\/td>\n<td class=\"mlb-details-value\">Gold<\/td>\n<\/tr>\n<tr>\n<td class=\"mlb-details-caption\">Year<\/td>\n<td class=\"mlb-details-value\">2013<\/td>\n<\/tr>\n<tr>\n<td class=\"mlb-details-caption\">Accessoires<\/td>\n<td class=\"mlb-details-value\">Box, dustbag<\/td>\n<\/tr>\n<tr>\n<td class=\"mlb-details-caption\">Condition<\/td>\n<td class=\"mlb-details-value\">Very good condition<\/td>\n<\/tr>\n<\/tbody>\n<\/table>","protected":false},"featured_media":9721,"template":"","meta":[],"product_brand":[],"product_cat":[57,154,1431,92],"product_tag":[],"class_list":{"0":"post-9702","1":"product","2":"type-product","3":"status-publish","4":"has-post-thumbnail","6":"product_cat-accessories","7":"product_cat-designer","8":"product_cat-louisvuitton","9":"product_cat-taschenschmuck","10":"product_shipping_class-0-500","12":"first","13":"outofstock","14":"sold-individually","15":"shipping-taxable","16":"purchasable","17":"product-type-simple"},"_links":{"self":[{"href":"https:\/\/baselle.com\/en\/wp-json\/wp\/v2\/product\/9702","targetHints":{"allow":["GET"]}}],"collection":[{"href":"https:\/\/baselle.com\/en\/wp-json\/wp\/v2\/product"}],"about":[{"href":"https:\/\/baselle.com\/en\/wp-json\/wp\/v2\/types\/product"}],"wp:featuredmedia":[{"embeddable":true,"href":"https:\/\/baselle.com\/en\/wp-json\/wp\/v2\/media\/9721"}],"wp:attachment":[{"href":"https:\/\/baselle.com\/en\/wp-json\/wp\/v2\/media?parent=9702"}],"wp:term":[{"taxonomy":"product_brand","embeddable":true,"href":"https:\/\/baselle.com\/en\/wp-json\/wp\/v2\/product_brand?post=9702"},{"taxonomy":"product_cat","embeddable":true,"href":"https:\/\/baselle.com\/en\/wp-json\/wp\/v2\/product_cat?post=9702"},{"taxonomy":"product_tag","embeddable":true,"href":"https:\/\/baselle.com\/en\/wp-json\/wp\/v2\/product_tag?post=9702"}],"curies":[{"name":"wp","href":"https:\/\/api.w.org\/{rel}","templated":true}]}}