{"id":9653,"date":"2019-02-08T12:15:57","date_gmt":"2019-02-08T11:15:57","guid":{"rendered":"https:\/\/baselle.com\/?post_type=product&#038;p=9653"},"modified":"2019-07-02T12:51:30","modified_gmt":"2019-07-02T10:51:30","slug":"louis-vuitton-alma-bb-vernis-leder-handtasche","status":"publish","type":"product","link":"https:\/\/baselle.com\/en\/product\/louis-vuitton-alma-bb-vernis-leder-handtasche\/","title":{"rendered":"Louis Vuitton Alma BB"},"content":{"rendered":"<p>\n<strong>Louis Vuitton Alma BB Monogram Vernis Leder Handtasche Beschreibung<\/strong><\/p>\n<p>Die originale Louis Vuitton Alma BB Monogram Vernis Leder Handtasche ist eine stilvolle Handtasche und geh\u00f6rt zu den zeitlosen Ikonen von Louis Vuitton. Mit der klassischen Form und dem kompakten Interieur ist dieses raffinierte Modell ein praktischer und stylischer Alltagsbegleiter. Die Alma BB Handtasche ist aus zartrosanem Kalbslackleder mit gepr\u00e4gtem Louis Vuitton Monogramm gefertigt. Sie verf\u00fcgt \u00fcber einen Doppel-Rei\u00dfverschluss, sch\u00fctzende Taschenf\u00fc\u00dfchen, goldfarbene Hardware-Akzente, doppelt gerollte Ledergriffe sowie einen abnehmbaren Schulterriemen f\u00fcr maximalen Tragekomfort.<\/p>\n<p>Der umlaufende Rei\u00dfverschluss \u00f6ffnet sich zu einem rosafarbenen Innenfutter mit einem Steckfach, welches sich ideal f\u00fcr die Aufbewahrung wichtiger Dinge des t\u00e4glichen Bedarfs eignet. Das am Rei\u00dfverschluss angebrachte Schloss kann durch die in der Clochette befindlichen Schl\u00fcssel ge\u00f6ffnet und beliebig angebracht werden. Die Louis Vuitton Alma pr\u00e4sentiert gekonnt den besonderen Hauch von Luxus und Stil von Louis Vuitton.<\/p>\n<p>Der Neupreis dieser Tasche liegt bei 1350,00\u20ac. In dieser Farbe ist die Alma BB bei Louis Vuitton nicht verf\u00fcgbar.\n<\/p>\n<p>\n<strong>Excellent condition<\/strong><br \/>\nDiese Louis Vuitton Alma BB Monogram Vernis Leder Handtasche aus zweiter Hand ist in einem hervorragenden Zustand. Das Kalbslackleder ist in einem gepflegten, einwandfreien Zustand. Auch das Tascheninnere ist sauber, ohne Ger\u00fcche und weist keine L\u00f6cher\/Risse auf. Die goldene Hardware ist ebenfalls in einem sehr guten Zustand.\n<\/p>\n<p>\n<strong>Style:<\/strong> Handtasche\/Schultertasche\/Crossbody<br \/>\n<strong>Size:<\/strong> BB<br \/>\n<strong>Dimensions (approx.):<\/strong> Breite 23,5 cm * H\u00f6he 17,5 cm * Tiefe 11,5 cm\n<\/p>\n<p>\n<strong>Exterior material:<\/strong> Patent calfskin leather<br \/>\n<strong>Interior Material<\/strong> fabric lining\n<\/p>\n<p>Die Bilder stellen die angebotene Tasche dar und sind Eigentum von MyLovelyBoutique.com. Der Taschenanh\u00e4nger ist NICHT Teil des Angebots. Dieser wird separat zum Verkauf angeboten.<\/p>\n<p>Follow us on <a href=\"https:\/\/www.instagram.com\/mylovelyboutique.de\/\" rel=\"noopener noreferrer\" target=\"_blank\"><span style=\"color: #e0adea\">Instagram<\/span><\/a> und lass Dich von unseren Outfit-Ideen inspirieren. <\/p>","protected":false},"excerpt":{"rendered":"<table class=\"mlb-product-details\">\n<tbody>\n<tr>\n<td class=\"mlb-details-caption\">Model<\/td>\n<td class=\"mlb-details-value\">Alma BB Mon. Vernis Leder &#8211; Rose Angelique (M90064)<\/td>\n<\/tr>\n<tr>\n<td class=\"mlb-details-caption\">Colour<\/td>\n<td class=\"mlb-details-value\">Zartrosa\/Rose Angelique<\/td>\n<\/tr>\n<tr>\n<td class=\"mlb-details-caption\">Hardware<\/td>\n<td class=\"mlb-details-value\">Gold<\/td>\n<\/tr>\n<tr>\n<td class=\"mlb-details-caption\">Year<\/td>\n<td class=\"mlb-details-value\">2013<\/td>\n<\/tr>\n<tr>\n<td class=\"mlb-details-caption\">Accessoires<\/td>\n<td class=\"mlb-details-value\">Staubbeutel, abnehmbarer Schulterriemen, Schloss+Schl\u00fcssel, Clochette<\/td>\n<\/tr>\n<tr>\n<td class=\"mlb-details-caption\">Condition<\/td>\n<td class=\"mlb-details-value\">Excellent<\/td>\n<\/tr>\n<\/tbody>\n<\/table>","protected":false},"featured_media":9657,"template":"","meta":[],"product_brand":[],"product_cat":[87,154,86,1431,85,99],"product_tag":[],"class_list":{"0":"post-9653","1":"product","2":"type-product","3":"status-publish","4":"has-post-thumbnail","6":"product_cat-crossbodytaschen","7":"product_cat-designer","8":"product_cat-kleinetaschen","9":"product_cat-louisvuitton","10":"product_cat-schultertaschen","11":"product_cat-taschen","12":"product_shipping_class-bis2500","14":"first","15":"outofstock","16":"sold-individually","17":"shipping-taxable","18":"purchasable","19":"product-type-simple"},"_links":{"self":[{"href":"https:\/\/baselle.com\/en\/wp-json\/wp\/v2\/product\/9653","targetHints":{"allow":["GET"]}}],"collection":[{"href":"https:\/\/baselle.com\/en\/wp-json\/wp\/v2\/product"}],"about":[{"href":"https:\/\/baselle.com\/en\/wp-json\/wp\/v2\/types\/product"}],"wp:featuredmedia":[{"embeddable":true,"href":"https:\/\/baselle.com\/en\/wp-json\/wp\/v2\/media\/9657"}],"wp:attachment":[{"href":"https:\/\/baselle.com\/en\/wp-json\/wp\/v2\/media?parent=9653"}],"wp:term":[{"taxonomy":"product_brand","embeddable":true,"href":"https:\/\/baselle.com\/en\/wp-json\/wp\/v2\/product_brand?post=9653"},{"taxonomy":"product_cat","embeddable":true,"href":"https:\/\/baselle.com\/en\/wp-json\/wp\/v2\/product_cat?post=9653"},{"taxonomy":"product_tag","embeddable":true,"href":"https:\/\/baselle.com\/en\/wp-json\/wp\/v2\/product_tag?post=9653"}],"curies":[{"name":"wp","href":"https:\/\/api.w.org\/{rel}","templated":true}]}}