{"id":9652,"date":"2019-02-08T12:16:11","date_gmt":"2019-02-08T11:16:11","guid":{"rendered":"https:\/\/baselle.com\/?post_type=product&#038;p=9652"},"modified":"2019-02-23T12:50:07","modified_gmt":"2019-02-23T11:50:07","slug":"louis-vuitton-city-steamer-gm-taurillon-leder-handtasche-schwarz","status":"publish","type":"product","link":"https:\/\/baselle.com\/en\/product\/louis-vuitton-city-steamer-gm-taurillon-leder-handtasche-schwarz\/","title":{"rendered":"Louis Vuitton City Steamer"},"content":{"rendered":"<p>\n<strong>Louis Vuitton City Steamer GM Leder Handtasche Beschreibung<\/strong><\/p>\n<p>Die originale Louis Vuitton City Steamer GM Leder Handtasche ist die perfekte Tasche f\u00fcr die Business-Frau: Sie ist elegant, schlicht und dennoch ein Highlight zu jedem Outfit. Diese moderne Tasche ist aus schwarzem Taurillon Leder gefertigt. Sie verf\u00fcgt \u00fcber doppelt gerollte Ledergriffe, ein zentrales Frontschloss mit Gravur, einen Adressanh\u00e4nger, sch\u00fctzende Taschenf\u00fc\u00dfchen und goldfarbene Hardware-Akzente. <\/p>\n<p>Das ebenfalls schwarze Lederfutter mit Hakenverschluss umfasst ein hinteres Rei\u00dfverschlussfach und zwei Steckf\u00e4cher f\u00fcr die Aufbewahrung von Dingen des t\u00e4glichen Bedarfs. Zudem befindet sich ein weiteres Steckfach f\u00fcr wichtige Dokumente vor dem Hauptfach und l\u00e4sst sich durch Aufschlie\u00dfen des LV-H\u00e4ngeschloss \u00f6ffnen. <\/p>\n<p>Die Louis Vuitton City Steamer Tote Bag kann an der Hand oder durch den abnehmbaren Schulterriemen bequem \u00fcber der Schulter getragen werden.<\/p>\n<p>Der Neupreis der Louis Vuitton City Steamer GM Modelle liegt bei 3100 \u20ac.\n<\/p>\n<p>\n<strong>Excellent condition<\/strong><br \/>\nDiese Louis Vuitton City Steamer GM Handtasche aus zweiter Hand ist insgesamt in einem hervorragenden Zustand. Die Tasche wurde kaum und mit gro\u00dfer Sorgfalt getragen. Dementsprechend sind das Taurillon Leder, auch die Ecken, sowie die goldfarbene Hardware in einem sehr gepflegten Zustand. Auch das Tascheninnere ist sauber, ohne Ger\u00fcche und weist keine L\u00f6cher\/Risse auf.\n<\/p>\n<p>\n<strong>Style:<\/strong> Hand-\/Schultertasche\/Tote\/Shopper<br \/>\n<strong>Size:<\/strong> GM<br \/>\n<strong>Dimensions (approx.):<\/strong> Breite 34 cm * H\u00f6he 29 cm * Tiefe 17 cm<br \/>\n<strong>Strap length:<\/strong> 65cm\n<\/p>\n<p>\n<strong>Exterior material:<\/strong> Taurillon Leder<br \/>\n<strong>Interior Material<\/strong> calfskin leather\n<\/p>\n<p>The pictures represent the offered bag. The picture rights are held by MyLovelyBoutique.com.<\/p>\n<p>Follow us on <a href=\"https:\/\/www.instagram.com\/mylovelyboutique.de\/\" target=\"_blank\" rel=\"noopener\"><span style=\"color: #e0adea\">Instagram<\/span><\/a> und lass Dich von unseren Outfit-Ideen inspirieren.<\/p>","protected":false},"excerpt":{"rendered":"<table class=\"mlb-product-details\">\n<tbody>\n<tr>\n<td class=\"mlb-details-caption\">Model<\/td>\n<td class=\"mlb-details-value\">Louis Vuitton City Steamer Tote GM (M53031)<\/td>\n<\/tr>\n<tr>\n<td class=\"mlb-details-caption\">Colour<\/td>\n<td class=\"mlb-details-value\">Black<\/td>\n<\/tr>\n<tr>\n<td class=\"mlb-details-caption\">Hardware<\/td>\n<td class=\"mlb-details-value\">Gold<\/td>\n<\/tr>\n<tr>\n<td class=\"mlb-details-caption\">Year<\/td>\n<td class=\"mlb-details-value\">2018<\/td>\n<\/tr>\n<tr>\n<td class=\"mlb-details-caption\">Accessoires<\/td>\n<td class=\"mlb-details-value\">Staubbeutel, Schulterriemen, Schloss + Schl\u00fcssel im kleinen Staubbeutel, LV-Materialinfo, LV-Booklet, Adressanh\u00e4nger<\/td>\n<\/tr>\n<tr>\n<td class=\"mlb-details-caption\">Condition<\/td>\n<td class=\"mlb-details-value\">Excellent condition<\/td>\n<\/tr>\n<\/tbody>\n<\/table>","protected":false},"featured_media":9667,"template":"","meta":[],"product_brand":[],"product_cat":[154,68,1431,85,99],"product_tag":[],"class_list":{"0":"post-9652","1":"product","2":"type-product","3":"status-publish","4":"has-post-thumbnail","6":"product_cat-designer","7":"product_cat-handtaschen","8":"product_cat-louisvuitton","9":"product_cat-schultertaschen","10":"product_cat-taschen","12":"first","13":"outofstock","14":"sold-individually","15":"shipping-taxable","16":"purchasable","17":"product-type-simple"},"_links":{"self":[{"href":"https:\/\/baselle.com\/en\/wp-json\/wp\/v2\/product\/9652","targetHints":{"allow":["GET"]}}],"collection":[{"href":"https:\/\/baselle.com\/en\/wp-json\/wp\/v2\/product"}],"about":[{"href":"https:\/\/baselle.com\/en\/wp-json\/wp\/v2\/types\/product"}],"wp:featuredmedia":[{"embeddable":true,"href":"https:\/\/baselle.com\/en\/wp-json\/wp\/v2\/media\/9667"}],"wp:attachment":[{"href":"https:\/\/baselle.com\/en\/wp-json\/wp\/v2\/media?parent=9652"}],"wp:term":[{"taxonomy":"product_brand","embeddable":true,"href":"https:\/\/baselle.com\/en\/wp-json\/wp\/v2\/product_brand?post=9652"},{"taxonomy":"product_cat","embeddable":true,"href":"https:\/\/baselle.com\/en\/wp-json\/wp\/v2\/product_cat?post=9652"},{"taxonomy":"product_tag","embeddable":true,"href":"https:\/\/baselle.com\/en\/wp-json\/wp\/v2\/product_tag?post=9652"}],"curies":[{"name":"wp","href":"https:\/\/api.w.org\/{rel}","templated":true}]}}