{"id":9592,"date":"2019-01-11T18:56:12","date_gmt":"2019-01-11T17:56:12","guid":{"rendered":"https:\/\/baselle.com\/?post_type=product&#038;p=9592"},"modified":"2020-01-11T19:37:46","modified_gmt":"2020-01-11T18:37:46","slug":"louis-vuitton-city-steamer-taurillon-leder-handtasche-beige-schwarz","status":"publish","type":"product","link":"https:\/\/baselle.com\/en\/product\/louis-vuitton-city-steamer-taurillon-leder-handtasche-beige-schwarz\/","title":{"rendered":"Louis Vuitton City Steamer"},"content":{"rendered":"<p>\n<strong>Louis Vuitton City Steamer MM Leder Handtasche Beschreibung<\/strong><\/p>\n<p>Die originale Louis Vuitton City Steamer MM Leder Handtasche ist die perfekte Tasche f\u00fcr die Business-Frau: Sie ist elegant, schlicht und dennoch ein Highlight zu jedem Outfit. Diese moderne Tasche ist aus Taurillon Leder in zweierlei Farbt\u00f6nen gefertigt. Sie verf\u00fcgt \u00fcber doppelt gerollte Ledergriffe, ein zentrales Frontschloss mit Gravur, einen Adressanh\u00e4nger, sch\u00fctzende Taschenf\u00fc\u00dfchen und silberfarbene Hardware-Akzente. <\/p>\n<p>Das schwarz-beige Lederfutter mit Hakenverschluss umfasst ein hinteres Rei\u00dfverschlussfach und zwei Steckf\u00e4cher f\u00fcr die Aufbewahrung von Dingen des t\u00e4glichen Bedarfs. Zudem befindet sich ein weiteres Steckfach f\u00fcr wichtige Dokumente vor dem Hauptfach und l\u00e4sst sich durch Aufschlie\u00dfen des LV-H\u00e4ngeschloss \u00f6ffnen. <\/p>\n<p>Die Louis Vuitton City Steamer Tote Bag kann an der Hand oder durch den abnehmbaren Schulterriemen bequem \u00fcber der Schulter getragen werden.<\/p>\n<p>Der Neupreis der Louis Vuitton City Steamer MM Modelle liegt bei 2800 \u20ac.\n<\/p>\n<p>\n<strong>Very good condition:<\/strong><br \/>\nDiese Louis Vuitton City Steamer MM Handtasche aus zweiter Hand ist insgesamt in einem sehr guten Zustand. Das Taurillon Leder sowie die silberfarbene Hardware sind in einem sch\u00f6nen gepflegten Zustand. Im Tascheninneren befinden sich vereinzelt Markierungen durch einen Kugelschreiber, die jedoch kaum sichtbar sind, da sie sich auf H\u00f6he des Taschenbodens unter der Seitenfalte befinden. Ansonsten ist das Lederinnenfutter sauber, ohne Ger\u00fcche und weist keine L\u00f6cher\/Risse auf.\n<\/p>\n<p>\n<strong>Style:<\/strong> Hand-\/Schultertasche\/Tote\/Shopper<br \/>\n<strong>Size:<\/strong> GM<br \/>\n<strong>Dimensions (approx.):<\/strong> Breite 31 cm * H\u00f6he 26 cm * Tiefe 12 cm<br \/>\n<strong>Strap length:<\/strong> 65cm\n<\/p>\n<p>\n<strong>Exterior material:<\/strong> Taurillon Leder<br \/>\n<strong>Interior Material<\/strong> calfskin leather\n<\/p>\n<p>The pictures represent the offered bag. The picture rights are held by MyLovelyBoutique.com.<\/p>\n<p>Follow us on <a href=\"https:\/\/www.instagram.com\/mylovelyboutique.de\/\" target=\"_blank\" rel=\"noopener noreferrer\"><span style=\"color: #e0adea\">Instagram<\/span><\/a> und lass Dich von unseren Outfit-Ideen inspirieren.<\/p>","protected":false},"excerpt":{"rendered":"<table class=\"mlb-product-details\">\n<tbody>\n<tr>\n<td class=\"mlb-details-caption\">Model<\/td>\n<td class=\"mlb-details-value\">Louis Vuitton City Steamer Tote MM (M54314)<\/td>\n<\/tr>\n<tr>\n<td class=\"mlb-details-caption\">Colour<\/td>\n<td class=\"mlb-details-value\">Schwarz, Beige<\/td>\n<\/tr>\n<tr>\n<td class=\"mlb-details-caption\">Hardware<\/td>\n<td class=\"mlb-details-value\">Silver<\/td>\n<\/tr>\n<tr>\n<td class=\"mlb-details-caption\">Year<\/td>\n<td class=\"mlb-details-value\">2016<\/td>\n<\/tr>\n<tr>\n<td class=\"mlb-details-caption\">Accessoires<\/td>\n<td class=\"mlb-details-value\">Staubbeutel, Schulterriemen, Schloss + Schl\u00fcssel, Adressanh\u00e4nger<\/td>\n<\/tr>\n<tr>\n<td class=\"mlb-details-caption\">Condition<\/td>\n<td class=\"mlb-details-value\">Very good condition<\/td>\n<\/tr>\n<\/tbody>\n<\/table>","protected":false},"featured_media":9947,"template":"","meta":[],"product_brand":[],"product_cat":[154,68,1431,85,99],"product_tag":[],"class_list":{"0":"post-9592","1":"product","2":"type-product","3":"status-publish","4":"has-post-thumbnail","6":"product_cat-designer","7":"product_cat-handtaschen","8":"product_cat-louisvuitton","9":"product_cat-schultertaschen","10":"product_cat-taschen","11":"product_shipping_class-bis1000","13":"first","14":"outofstock","15":"sold-individually","16":"shipping-taxable","17":"purchasable","18":"product-type-simple"},"_links":{"self":[{"href":"https:\/\/baselle.com\/en\/wp-json\/wp\/v2\/product\/9592","targetHints":{"allow":["GET"]}}],"collection":[{"href":"https:\/\/baselle.com\/en\/wp-json\/wp\/v2\/product"}],"about":[{"href":"https:\/\/baselle.com\/en\/wp-json\/wp\/v2\/types\/product"}],"wp:featuredmedia":[{"embeddable":true,"href":"https:\/\/baselle.com\/en\/wp-json\/wp\/v2\/media\/9947"}],"wp:attachment":[{"href":"https:\/\/baselle.com\/en\/wp-json\/wp\/v2\/media?parent=9592"}],"wp:term":[{"taxonomy":"product_brand","embeddable":true,"href":"https:\/\/baselle.com\/en\/wp-json\/wp\/v2\/product_brand?post=9592"},{"taxonomy":"product_cat","embeddable":true,"href":"https:\/\/baselle.com\/en\/wp-json\/wp\/v2\/product_cat?post=9592"},{"taxonomy":"product_tag","embeddable":true,"href":"https:\/\/baselle.com\/en\/wp-json\/wp\/v2\/product_tag?post=9592"}],"curies":[{"name":"wp","href":"https:\/\/api.w.org\/{rel}","templated":true}]}}