{"id":9549,"date":"2019-01-02T15:51:09","date_gmt":"2019-01-02T14:51:09","guid":{"rendered":"https:\/\/baselle.com\/?post_type=product&#038;p=9549"},"modified":"2019-11-06T17:58:19","modified_gmt":"2019-11-06T16:58:19","slug":"chanel-wool-flap-bag-edelweiss-anthrazit-1","status":"publish","type":"product","link":"https:\/\/baselle.com\/en\/product\/chanel-wool-flap-bag-edelweiss-anthrazit-1\/","title":{"rendered":"CHANEL Wool Flap Bag"},"content":{"rendered":"<p>\n<strong>CHANEL Wool Flap Bag Edelwei\u00df Handtasche Beschreibung<\/strong><\/p>\n<p>Die originale CHANEL Wool Flap Bag Edelwei\u00df Handtasche aus der Metiers d\u2019Art Paris-Salzburg \u2013 Pre-Fall 2015 Collection ist eine schicke Tasche im typisch zeitlosen Stil von Chanel. Sie ist aus robustem Wollstoff mit Lederbes\u00e4tzen gefertigt und verf\u00fcgt \u00fcber gewebte Kettenriemen, einem CC-Turnlock und silberfarbener Hardware mit Ruthenium-Finish. Das rote Stitching an den R\u00e4ndern unterstreicht die wundersch\u00f6ne klassische Form dieser CHANEL Tasche. Zudem verleiht die wundersch\u00f6ne Edelwei\u00df-Brosche mit CC-Signatur diesem Modell das Gewisse Etwas!<\/p>\n<p>Der CC-Turnlock-Verschluss \u00f6ffnet sich zu einem roten Innenfutter aus Stoff mit einem gro\u00dfen Rei\u00dfverschlussfach. Diese CHANEL Flap Bag kann kurz sowie lang \u00fcber der Schulter oder Crossbody getragen werden, so dass maximaler Tragekomfort garantiert ist.\n<\/p>\n<p>\n<strong>Excellent condition<\/strong><br \/>\nDiese CHANEL Wool Flap Bag Edelwei\u00df Handtasche aus zweiter Hand ist in einem hervorragenden Zustand. Die Tasche wurde kaum getragen. Dementsprechend sind der Wollstoff sowie die silberfarbene Hardware in einem einwandfreien Zustand. Auch das Tascheninnere ist sauber, ohne Ger\u00fcche und weist keine L\u00f6cher\/Risse auf.\n<\/p>\n<p>\n<strong>Style:<\/strong> Shoulder bag, crossbody<br \/>\n<strong>Size:<\/strong> Medium<br \/>\n<strong>Dimensions (approx.):<\/strong> Breite 29,5 cm * H\u00f6he 20 cm * Tiefe 8,5 cm<br \/>\n<strong>Strap length:<\/strong> einfach = 108 cm, doppelt = 65 cm\n<\/p>\n<p>\n<strong>Exterior material:<\/strong> Wollstoff<br \/>\n<strong>Interior Material<\/strong> fabric lining\n<\/p>\n<p>The pictures represent the offered bag. The picture rights are held by MyLovelyBoutique.com. <\/p>\n<p>Follow us on <a href=\"https:\/\/www.instagram.com\/mylovelyboutique.de\/\" rel=\"noopener noreferrer\" target=\"_blank\"><span style=\"color: #e0adea\">Instagram<\/span><\/a> und lass Dich von unseren Outfit-Ideen inspirieren. <\/p>","protected":false},"excerpt":{"rendered":"<br \/>\n<table class=\"mlb-product-details\">\n<tbody>\n<tr>\n<td class=\"mlb-details-caption\">Model<\/td>\n<td class=\"mlb-details-value\">Wool Flap Bag Edelwei\u00df<\/td>\n<\/tr>\n<tr>\n<td class=\"mlb-details-caption\">Colour<\/td>\n<td class=\"mlb-details-value\">Anthrazit\/Grau<\/td>\n<\/tr>\n<tr>\n<td class=\"mlb-details-caption\">Hardware<\/td>\n<td class=\"mlb-details-value\">Silver with ruthenium finish<\/td>\n<\/tr>\n<tr>\n<td class=\"mlb-details-caption\">Year<\/td>\n<td class=\"mlb-details-value\">2015<\/td>\n<\/tr>\n<tr>\n<td class=\"mlb-details-caption\">Accessoires<\/td>\n<td class=\"mlb-details-value\">Dustbag, serialnumber with hologram<\/td>\n<\/tr>\n<tr>\n<td class=\"mlb-details-caption\">Condition<\/td>\n<td class=\"mlb-details-value\">Excellent condition<\/td>\n<\/tr>\n<\/tbody>\n<\/table>","protected":false},"featured_media":9551,"template":"","meta":[],"product_brand":[],"product_cat":[1430,87,154,85,99],"product_tag":[],"class_list":{"0":"post-9549","1":"product","2":"type-product","3":"status-publish","4":"has-post-thumbnail","6":"product_cat-chanel","7":"product_cat-crossbodytaschen","8":"product_cat-designer","9":"product_cat-schultertaschen","10":"product_cat-taschen","12":"first","13":"outofstock","14":"sold-individually","15":"shipping-taxable","16":"purchasable","17":"product-type-simple"},"_links":{"self":[{"href":"https:\/\/baselle.com\/en\/wp-json\/wp\/v2\/product\/9549","targetHints":{"allow":["GET"]}}],"collection":[{"href":"https:\/\/baselle.com\/en\/wp-json\/wp\/v2\/product"}],"about":[{"href":"https:\/\/baselle.com\/en\/wp-json\/wp\/v2\/types\/product"}],"wp:featuredmedia":[{"embeddable":true,"href":"https:\/\/baselle.com\/en\/wp-json\/wp\/v2\/media\/9551"}],"wp:attachment":[{"href":"https:\/\/baselle.com\/en\/wp-json\/wp\/v2\/media?parent=9549"}],"wp:term":[{"taxonomy":"product_brand","embeddable":true,"href":"https:\/\/baselle.com\/en\/wp-json\/wp\/v2\/product_brand?post=9549"},{"taxonomy":"product_cat","embeddable":true,"href":"https:\/\/baselle.com\/en\/wp-json\/wp\/v2\/product_cat?post=9549"},{"taxonomy":"product_tag","embeddable":true,"href":"https:\/\/baselle.com\/en\/wp-json\/wp\/v2\/product_tag?post=9549"}],"curies":[{"name":"wp","href":"https:\/\/api.w.org\/{rel}","templated":true}]}}