{"id":9493,"date":"2019-01-21T17:35:22","date_gmt":"2019-01-21T16:35:22","guid":{"rendered":"https:\/\/baselle.com\/?post_type=product&#038;p=9493"},"modified":"2019-02-22T15:28:56","modified_gmt":"2019-02-22T14:28:56","slug":"louis-vuitton-mosaique-bag-charm-taschenschmuck","status":"publish","type":"product","link":"https:\/\/baselle.com\/en\/product\/louis-vuitton-mosaique-bag-charm-taschenschmuck\/","title":{"rendered":"Louis Vuitton Bag Charm"},"content":{"rendered":"<p><strong>Louis Vuitton Mosaique Bag Charm Taschenschmuck Beschreibung<\/strong><\/p>\n<p>Der originale Louis Vuitton Mosaique Bag Charm Taschenschmuck setzt Deine Lieblingstasche gekonnt in Szene! Er verf\u00fcgt \u00fcber die zwei Louis Vuitton typischen Monogram-Bl\u00fcten, die durch das schimmernde Mosaique in seinen Rosa- und Pinkt\u00f6nen gl\u00e4nzen und alle Blicke auf sich ziehen!<\/p>\n<p><strong>Good condition:<\/strong><br \/>\nDieser Louis Vuitton Mosaique Bag Charm Taschenschmuck aus zweiter Hand ist insgesamt in einem guten Zustand. <\/p>\n<p><strong>Dimensions (approx.):<\/strong> Gesamtl\u00e4nge = 13,5 cm<\/p>\n<p><strong>Material:<\/strong> Metall, Kunstharz<\/p>\n<p>Die Bilder stellen den angebotenen Taschenschmuck dar und sind Eigentum von MyLovelyBoutique.com. Die Tasche ist NICHT Teil des Angebots und dient lediglich zu Demonstrationszwecken.<\/p>\n<p>Follow us on <a href=\"https:\/\/www.instagram.com\/mylovelyboutique.de\/\" target=\"_blank\" rel=\"noopener\"><span style=\"color: #e0adea\">Instagram<\/span><\/a> und lass Dich von unseren Outfit-Ideen inspirieren.<\/p>","protected":false},"excerpt":{"rendered":"<table class=\"mlb-product-details\">\n<tbody>\n<tr>\n<td class=\"mlb-details-caption\">Model<\/td>\n<td class=\"mlb-details-value\">Mosaique Bag Charm Taschenschmuck (M66882)<\/td>\n<\/tr>\n<tr>\n<td class=\"mlb-details-caption\">Colour<\/td>\n<td class=\"mlb-details-value\">Gold\/Rosa\/Pink<\/td>\n<\/tr>\n<tr>\n<td class=\"mlb-details-caption\">Hardware<\/td>\n<td class=\"mlb-details-value\">Gold<\/td>\n<\/tr>\n<tr>\n<td class=\"mlb-details-caption\">Year<\/td>\n<td class=\"mlb-details-value\">2013<\/td>\n<\/tr>\n<tr>\n<td class=\"mlb-details-caption\">Accessoires<\/td>\n<td class=\"mlb-details-value\">Box<\/td>\n<\/tr>\n<tr>\n<td class=\"mlb-details-caption\">Condition<\/td>\n<td class=\"mlb-details-value\">Good condition<\/td>\n<\/tr>\n<\/tbody>\n<\/table>","protected":false},"featured_media":9494,"template":"","meta":[],"product_brand":[],"product_cat":[57,154,1431,92],"product_tag":[],"class_list":{"0":"post-9493","1":"product","2":"type-product","3":"status-publish","4":"has-post-thumbnail","6":"product_cat-accessories","7":"product_cat-designer","8":"product_cat-louisvuitton","9":"product_cat-taschenschmuck","10":"product_shipping_class-0-500","12":"first","13":"outofstock","14":"sold-individually","15":"shipping-taxable","16":"purchasable","17":"product-type-simple"},"_links":{"self":[{"href":"https:\/\/baselle.com\/en\/wp-json\/wp\/v2\/product\/9493","targetHints":{"allow":["GET"]}}],"collection":[{"href":"https:\/\/baselle.com\/en\/wp-json\/wp\/v2\/product"}],"about":[{"href":"https:\/\/baselle.com\/en\/wp-json\/wp\/v2\/types\/product"}],"wp:featuredmedia":[{"embeddable":true,"href":"https:\/\/baselle.com\/en\/wp-json\/wp\/v2\/media\/9494"}],"wp:attachment":[{"href":"https:\/\/baselle.com\/en\/wp-json\/wp\/v2\/media?parent=9493"}],"wp:term":[{"taxonomy":"product_brand","embeddable":true,"href":"https:\/\/baselle.com\/en\/wp-json\/wp\/v2\/product_brand?post=9493"},{"taxonomy":"product_cat","embeddable":true,"href":"https:\/\/baselle.com\/en\/wp-json\/wp\/v2\/product_cat?post=9493"},{"taxonomy":"product_tag","embeddable":true,"href":"https:\/\/baselle.com\/en\/wp-json\/wp\/v2\/product_tag?post=9493"}],"curies":[{"name":"wp","href":"https:\/\/api.w.org\/{rel}","templated":true}]}}