{"id":9484,"date":"2019-01-21T17:33:47","date_gmt":"2019-01-21T16:33:47","guid":{"rendered":"https:\/\/baselle.com\/?post_type=product&#038;p=9484"},"modified":"2019-02-22T15:28:57","modified_gmt":"2019-02-22T14:28:57","slug":"louis-vuitton-mlin-bleu-bag-charm-taschenschmuck","status":"publish","type":"product","link":"https:\/\/baselle.com\/en\/product\/louis-vuitton-mlin-bleu-bag-charm-taschenschmuck\/","title":{"rendered":"Louis Vuitton Bag Charm"},"content":{"rendered":"<p><strong>Louis Vuitton Mlin Bleu Bag Charm Taschenschmuck Beschreibung<\/strong><\/p>\n<p>Der originale Louis Vuitton Mlin Bleu Bag Charm Taschenschmuck wird im Nu zu Deinem Lieblings-Taschenschmuck! Denn er verzaubert durch romantische Details wie die mit der ikonischen Monogram-Bl\u00fcte verzierte Kugel sowie der Goldkugel mit ihrer LV-Signatur. Gekonnt schm\u00fcckt dieser Bag Charm Deine Tasche und macht diese garantiert zum Eyecatcher!<\/p>\n<p><strong>Very good condition:<\/strong><br \/>\nDieser Louis Vuitton Mlin Bleu Bag Charm Taschenschmuck aus zweiter Hand ist in einem sehr guten Zustand. Beachte, dass der Anh\u00e4nger auf dem ersten und dritten Bild auf einem Produktst\u00e4nder fotografiert und auf den Bildern wegretuschiert wurde (siehe oberer Bereich des Anh\u00e4ngers). <\/p>\n<p><strong>Dimensions (approx.):<\/strong> Gesamtl\u00e4nge = 13 cm<\/p>\n<p><strong>Material:<\/strong> Metall, Kunstharz<\/p>\n<p>The pictures represent the offered bag charm. The picture rights are held by MyLovelyBoutique.com. <\/p>\n<p>Follow us on <a href=\"https:\/\/www.instagram.com\/mylovelyboutique.de\/\" target=\"_blank\" rel=\"noopener\"><span style=\"color: #e0adea;\">Instagram<\/span><\/a> und lass Dich von unseren Outfit-Ideen inspirieren.<\/p>","protected":false},"excerpt":{"rendered":"<table class=\"mlb-product-details\">\n<tbody>\n<tr>\n<td class=\"mlb-details-caption\">Model<\/td>\n<td class=\"mlb-details-value\">Mlin Bleu Bag Charm Taschenschmuck (M95506)<\/td>\n<\/tr>\n<tr>\n<td class=\"mlb-details-caption\">Colour<\/td>\n<td class=\"mlb-details-value\">Gold\/Wei\u00df\/Beige\/Blau<\/td>\n<\/tr>\n<tr>\n<td class=\"mlb-details-caption\">Hardware<\/td>\n<td class=\"mlb-details-value\">Gold<\/td>\n<\/tr>\n<tr>\n<td class=\"mlb-details-caption\">Year<\/td>\n<td class=\"mlb-details-value\">2007<\/td>\n<\/tr>\n<tr>\n<td class=\"mlb-details-caption\">Accessoires<\/td>\n<td class=\"mlb-details-value\">Invoice, Dustbag<\/td>\n<\/tr>\n<tr>\n<td class=\"mlb-details-caption\">Condition<\/td>\n<td class=\"mlb-details-value\">Very good condition<\/td>\n<\/tr>\n<\/tbody>\n<\/table>","protected":false},"featured_media":9486,"template":"","meta":[],"product_brand":[],"product_cat":[57,154,1431,92],"product_tag":[],"class_list":{"0":"post-9484","1":"product","2":"type-product","3":"status-publish","4":"has-post-thumbnail","6":"product_cat-accessories","7":"product_cat-designer","8":"product_cat-louisvuitton","9":"product_cat-taschenschmuck","10":"product_shipping_class-0-500","12":"first","13":"outofstock","14":"sold-individually","15":"shipping-taxable","16":"purchasable","17":"product-type-simple"},"_links":{"self":[{"href":"https:\/\/baselle.com\/en\/wp-json\/wp\/v2\/product\/9484","targetHints":{"allow":["GET"]}}],"collection":[{"href":"https:\/\/baselle.com\/en\/wp-json\/wp\/v2\/product"}],"about":[{"href":"https:\/\/baselle.com\/en\/wp-json\/wp\/v2\/types\/product"}],"wp:featuredmedia":[{"embeddable":true,"href":"https:\/\/baselle.com\/en\/wp-json\/wp\/v2\/media\/9486"}],"wp:attachment":[{"href":"https:\/\/baselle.com\/en\/wp-json\/wp\/v2\/media?parent=9484"}],"wp:term":[{"taxonomy":"product_brand","embeddable":true,"href":"https:\/\/baselle.com\/en\/wp-json\/wp\/v2\/product_brand?post=9484"},{"taxonomy":"product_cat","embeddable":true,"href":"https:\/\/baselle.com\/en\/wp-json\/wp\/v2\/product_cat?post=9484"},{"taxonomy":"product_tag","embeddable":true,"href":"https:\/\/baselle.com\/en\/wp-json\/wp\/v2\/product_tag?post=9484"}],"curies":[{"name":"wp","href":"https:\/\/api.w.org\/{rel}","templated":true}]}}