{"id":9433,"date":"2018-12-07T14:09:02","date_gmt":"2018-12-07T13:09:02","guid":{"rendered":"https:\/\/baselle.com\/?post_type=product&#038;p=9433"},"modified":"2020-02-27T12:00:04","modified_gmt":"2020-02-27T11:00:04","slug":"chanel-large-messenger-bag-dunkelblau-1","status":"publish","type":"product","link":"https:\/\/baselle.com\/en\/product\/chanel-large-messenger-bag-dunkelblau-1\/","title":{"rendered":"CHANEL Large Messenger"},"content":{"rendered":"<p>\n<strong>CHANEL Large Messenger Bag Handtasche Beschreibung<\/strong><\/p>\n<p>Die originale CHANEL Large Messenger Bag Handtasche aus der Pre-Fall 2013 M\u00e9tiers d\u2019Art Collection ist eine stilvolle Schultertasche f\u00fcr den t\u00e4glichen Gebrauch. Sie ist aus genarbten dunkelblauen Kalbsleder gefertigt und verf\u00fcgt \u00fcber einen Kettenriemen und silberne Hardware-Akzente mit Ruthenium-Finish. <\/p>\n<p>Die Large Messenger Bag kann als Schultertasche oder Crossbody getragen werden kann. F\u00fcr maximalen Tragekomfort geht im Schulterbereich der Kettenriemen in weiches Leder \u00fcber. Die Oversized-Klappe \u00f6ffnet sich zu einem mit hellbeigen Stoff gef\u00fctterten Tascheninneren mit einem Rei\u00dfverschlussfach, sowie einem Steckfach, das vor dem Hauptfach aufgesetzt ist.\n<\/p>\n<p>\n<strong>Good condition:<\/strong><br \/>\nDiese CHANEL Large Messenger Bag Handtasche aus zweiter Hand ist insgesamt in einem guten Zustand. Die Tasche wurde gerne und mit Sorgfalt getragen. Durch das Tragen hat sich auf H\u00f6he der Kettenriemenhalterung die Versieglung an den Lederkanten etwas gel\u00f6st. Auf den Bildern mit der Vorder- und R\u00fcckseite der Tasche ist dies links und rechts oben erkennbar. Diese Versiegelung kann problemlos bei CHANEL oder einem Fachgesch\u00e4ft Deiner Wahl erneuert werden. Das Leder ist hier nicht besch\u00e4ditgt, es handelt sich lediglich um die Versiegelung! Das genarbte Kalbsleder inkl. der Ecken ist in einem sehr sch\u00f6nen gepflegten Zustand. Im Tascheninnern befinden sich vereinzelt Markierungen durch einen Kugelschreiber. Die silbernen Hardware-Akzente sind in einem sehr guten Zustand.\n<\/p>\n<p>\n<strong>Style:<\/strong> Shoulder bag, crossbody<br \/>\n<strong>Size:<\/strong> Medium<br \/>\n<strong>Dimensions (approx.):<\/strong> Breite 29 cm * H\u00f6he 17 cm * Tiefe 11 cm<br \/>\n<strong>Shoulder strap (approx.):<\/strong> 115 cm\n<\/p>\n<p>\n<strong>Exterior material:<\/strong> genarbtes Kalbsleder<br \/>\n<strong>Interior Material<\/strong> fabric lining\n<\/p>\n<p>The pictures represent the offered bag. The picture rights are held by MyLovelyBoutique.com. <\/p>\n<p>Follow us on <a href=\"https:\/\/www.instagram.com\/mylovelyboutique.de\/\" rel=\"noopener noreferrer\" target=\"_blank\"><span style=\"color: #e0adea\">Instagram<\/span><\/a> und lass Dich von unseren Outfit-Ideen inspirieren. <\/p>","protected":false},"excerpt":{"rendered":"<table class=\"mlb-product-details\">\n<tbody>\n<tr>\n<td class=\"mlb-details-caption\">Model<\/td>\n<td class=\"mlb-details-value\">Large Messenger Bag<\/td>\n<\/tr>\n<tr>\n<td class=\"mlb-details-caption\">Colour<\/td>\n<td class=\"mlb-details-value\">Marine\/Dark Blue<\/td>\n<\/tr>\n<tr>\n<td class=\"mlb-details-caption\">Hardware<\/td>\n<td class=\"mlb-details-value\">Silver with ruthenium finish<\/td>\n<\/tr>\n<tr>\n<td class=\"mlb-details-caption\">Year<\/td>\n<td class=\"mlb-details-value\">2013<\/td>\n<\/tr>\n<tr>\n<td class=\"mlb-details-caption\">Accessoires<\/td>\n<td class=\"mlb-details-value\">Dustbag, serialnumber with hologram<\/td>\n<\/tr>\n<tr>\n<td class=\"mlb-details-caption\">Condition<\/td>\n<td class=\"mlb-details-value\">Good condition<\/td>\n<\/tr>\n<\/tbody>\n<\/table>","protected":false},"featured_media":9505,"template":"","meta":[],"product_brand":[],"product_cat":[1430,87,154,85,99],"product_tag":[],"class_list":{"0":"post-9433","1":"product","2":"type-product","3":"status-publish","4":"has-post-thumbnail","6":"product_cat-chanel","7":"product_cat-crossbodytaschen","8":"product_cat-designer","9":"product_cat-schultertaschen","10":"product_cat-taschen","11":"product_shipping_class-bis1000","13":"first","14":"outofstock","15":"sold-individually","16":"shipping-taxable","17":"purchasable","18":"product-type-simple"},"_links":{"self":[{"href":"https:\/\/baselle.com\/en\/wp-json\/wp\/v2\/product\/9433","targetHints":{"allow":["GET"]}}],"collection":[{"href":"https:\/\/baselle.com\/en\/wp-json\/wp\/v2\/product"}],"about":[{"href":"https:\/\/baselle.com\/en\/wp-json\/wp\/v2\/types\/product"}],"wp:featuredmedia":[{"embeddable":true,"href":"https:\/\/baselle.com\/en\/wp-json\/wp\/v2\/media\/9505"}],"wp:attachment":[{"href":"https:\/\/baselle.com\/en\/wp-json\/wp\/v2\/media?parent=9433"}],"wp:term":[{"taxonomy":"product_brand","embeddable":true,"href":"https:\/\/baselle.com\/en\/wp-json\/wp\/v2\/product_brand?post=9433"},{"taxonomy":"product_cat","embeddable":true,"href":"https:\/\/baselle.com\/en\/wp-json\/wp\/v2\/product_cat?post=9433"},{"taxonomy":"product_tag","embeddable":true,"href":"https:\/\/baselle.com\/en\/wp-json\/wp\/v2\/product_tag?post=9433"}],"curies":[{"name":"wp","href":"https:\/\/api.w.org\/{rel}","templated":true}]}}