{"id":9256,"date":"2019-02-24T22:28:47","date_gmt":"2019-02-24T21:28:47","guid":{"rendered":"https:\/\/baselle.com\/?post_type=product&#038;p=9256"},"modified":"2019-04-18T20:22:42","modified_gmt":"2019-04-18T18:22:42","slug":"chanel-crochet-raffia-flap-bag","status":"publish","type":"product","link":"https:\/\/baselle.com\/en\/product\/chanel-crochet-raffia-flap-bag\/","title":{"rendered":"CHANEL Raffia Flap Bag"},"content":{"rendered":"<p>\n<strong>CHANEL Crochet Raffia Single Flap Bag Handtasche Beschreibung<\/strong><\/p>\n<p>Die originale CHANEL Crochet Raffia Single Flap Bag Handtasche aus der Cruise Collection 2014 ist eine schicke Tasche im typisch zeitlosen Stil von Chanel. Sie ist aus robustem H\u00e4kel-Bast mit Lederbes\u00e4tzen gefertigt und verf\u00fcgt \u00fcber gewebte Kettenriemen, einem CC-Turnlock und goldfarbene Hardware.<\/p>\n<p>Der CC-Turnlock-Verschluss \u00f6ffnet sich zu einem beigen und Chanel-typisch gesteppten Lederfutter mit einem aufgesetzten Steckfach. Die Medium Flap Bag kann kurz sowie lang \u00fcber der Schulter oder Crossbody getragen werden, so dass maximaler Tragekomfort garantiert ist. Eine wundersch\u00f6ne und verspielte Handtasche, die in Kombination mit einem luftigen Sommerkleid das Outfit komplett macht.\n<\/p>\n<p>\n<strong>Excellent condition<\/strong><br \/>\nDiese CHANEL Crochet Raffia Single Flap Bag Handtasche aus zweiter Hand ist in einem hervorragenden Zustand. Die Tasche wurde kaum getragen. Dementsprechend sind das Leder, der Bast -auch die Ecken- sowie die goldfarbene Hardware in einem einwandfreien Zustand. Auch das Tascheninnere ist sauber, ohne Ger\u00fcche und weist keine L\u00f6cher\/Risse auf.\n<\/p>\n<p>\n<strong>Style:<\/strong> Shoulder bag, crossbody<br \/>\n<strong>Size:<\/strong> Medium<br \/>\n<strong>Dimensions (approx.):<\/strong> Breite 26 cm * H\u00f6he 16 cm * Tiefe 6 cm<br \/>\n<strong>Strap length:<\/strong> einfach = 97 cm, doppelt = 53 cm\n<\/p>\n<p>\n<strong>Exterior material:<\/strong> Bast, Leder<br \/>\n<strong>Interior Material<\/strong> leather\n<\/p>\n<p>The pictures represent the offered bag. The picture rights are held by MyLovelyBoutique.com. <\/p>\n<p>Follow us on <a href=\"https:\/\/www.instagram.com\/mylovelyboutique.de\/\" rel=\"noopener noreferrer\" target=\"_blank\"><span style=\"color: #e0adea\">Instagram<\/span><\/a> und lass Dich von unseren Outfit-Ideen inspirieren. <\/p>","protected":false},"excerpt":{"rendered":"<br \/>\n<table class=\"mlb-product-details\">\n<tbody>\n<tr>\n<td class=\"mlb-details-caption\">Model<\/td>\n<td class=\"mlb-details-value\">Crochet Raffia Single Flap Bag<\/td>\n<\/tr>\n<tr>\n<td class=\"mlb-details-caption\">Colour<\/td>\n<td class=\"mlb-details-value\">Naturfarben\/Beige<\/td>\n<\/tr>\n<tr>\n<td class=\"mlb-details-caption\">Hardware<\/td>\n<td class=\"mlb-details-value\">Gold<\/td>\n<\/tr>\n<tr>\n<td class=\"mlb-details-caption\">Year<\/td>\n<td class=\"mlb-details-value\">2014<\/td>\n<\/tr>\n<tr>\n<td class=\"mlb-details-caption\">Accessoires<\/td>\n<td class=\"mlb-details-value\">Dustbag, authenticity card, serialnumber with hologram<\/td>\n<\/tr>\n<tr>\n<td class=\"mlb-details-caption\">Condition<\/td>\n<td class=\"mlb-details-value\">Excellent condition<\/td>\n<\/tr>\n<\/tbody>\n<\/table>","protected":false},"featured_media":9725,"template":"","meta":[],"product_brand":[],"product_cat":[1430,87,154,85,99],"product_tag":[],"class_list":{"0":"post-9256","1":"product","2":"type-product","3":"status-publish","4":"has-post-thumbnail","6":"product_cat-chanel","7":"product_cat-crossbodytaschen","8":"product_cat-designer","9":"product_cat-schultertaschen","10":"product_cat-taschen","12":"first","13":"outofstock","14":"sold-individually","15":"shipping-taxable","16":"purchasable","17":"product-type-simple"},"_links":{"self":[{"href":"https:\/\/baselle.com\/en\/wp-json\/wp\/v2\/product\/9256","targetHints":{"allow":["GET"]}}],"collection":[{"href":"https:\/\/baselle.com\/en\/wp-json\/wp\/v2\/product"}],"about":[{"href":"https:\/\/baselle.com\/en\/wp-json\/wp\/v2\/types\/product"}],"wp:featuredmedia":[{"embeddable":true,"href":"https:\/\/baselle.com\/en\/wp-json\/wp\/v2\/media\/9725"}],"wp:attachment":[{"href":"https:\/\/baselle.com\/en\/wp-json\/wp\/v2\/media?parent=9256"}],"wp:term":[{"taxonomy":"product_brand","embeddable":true,"href":"https:\/\/baselle.com\/en\/wp-json\/wp\/v2\/product_brand?post=9256"},{"taxonomy":"product_cat","embeddable":true,"href":"https:\/\/baselle.com\/en\/wp-json\/wp\/v2\/product_cat?post=9256"},{"taxonomy":"product_tag","embeddable":true,"href":"https:\/\/baselle.com\/en\/wp-json\/wp\/v2\/product_tag?post=9256"}],"curies":[{"name":"wp","href":"https:\/\/api.w.org\/{rel}","templated":true}]}}