{"id":9255,"date":"2018-12-03T12:28:47","date_gmt":"2018-12-03T11:28:47","guid":{"rendered":"https:\/\/baselle.com\/?post_type=product&#038;p=9255"},"modified":"2021-10-31T11:39:06","modified_gmt":"2021-10-31T10:39:06","slug":"louis-vuitton-fringed-noe","status":"publish","type":"product","link":"https:\/\/baselle.com\/en\/product\/louis-vuitton-fringed-noe\/","title":{"rendered":"Louis Vuitton Fringed Noe"},"content":{"rendered":"<p>\n<strong>Louis Vuitton Fringed Noe GM Handtasche Beschreibung<\/strong><\/p>\n<p>Die originale Louis Vuitton Fringed Noe GM Handtasche verleiht spielend leicht jedem Look l\u00e4ssige Eleganz. Sie ist aus Monogram beschichtetem Canvas mit Lederbes\u00e4tzen gefertigt und verf\u00fcgt \u00fcber plissierte Details, einen schwarzen Ledersaum, einen Doppelschn\u00fcrverschluss und goldfarbene Hardware-Akzente. Die Fringed Noe hat einen abnehmbaren Griff sowie einen abnehmbaren Schulterriemen und kann daher sowohl als Handtasche, \u00fcber der Schulter oder Crossbody getragen werden.<\/p>\n<p>Der Kordelzug \u00f6ffnet sich zu einem schwarzen Mikrofaser-\/Lederinnenfutter mit einem Rei\u00dfverschlussfach in der Mitte, das sich perfekt zur Aufbewahrung f\u00fcr das N\u00f6tigste eignet.  <\/p>\n<p>Mit seinen verspielten Details zieht dieses wundersch\u00f6ne Modell garantiert alle Blicke auf sich!\n<\/p>\n<p>\n<strong>Very good condition:<\/strong><br \/>\nDiese Louis Vuitton Fringed Noe GM Handtasche aus zweiter Hand ist insgesamt in einem sehr guten Zustand. Das beschichtete Canvas sowie die Lederbes\u00e4tze sind in einem sehr gepflegten Zustand. Auch das Tascheninnere ist sauber, ohne Ger\u00fcche und weist keine L\u00f6cher\/Risse auf. Die goldenen Hardware-Akzente sind ebenfalls in einem sehr guten Zustand.\n<\/p>\n<p>\n<strong>Style:<\/strong> Shoulder bag, handbag<br \/>\n<strong>Size:<\/strong> GM<br \/>\n<strong>Dimensions (approx.):<\/strong> Breite 23 cm * H\u00f6he 22 cm * Tiefe 10 cm\n<\/p>\n<p>\n<strong>Exterior material:<\/strong> Monogram Canvas; Bes\u00e4tze aus Leder<br \/>\n<strong>Interior Material<\/strong> Mikrofaserinnenfutter\/Lederinnenfutter\n<\/p>\n<p>The pictures represent the offered bag. The picture rights are held by MyLovelyBoutique.com.<\/p>\n<p>Follow us on <a href=\"https:\/\/www.instagram.com\/mylovelyboutique.de\/\" target=\"_blank\" rel=\"noopener noreferrer\"><span style=\"color: #e0adea;\">Instagram<\/span><\/a> und lass Dich von unseren Outfit-Ideen inspirieren.<\/p>","protected":false},"excerpt":{"rendered":"<table class=\"mlb-product-details\">\n<tbody>\n<tr>\n<td class=\"mlb-details-caption\">Model<\/td>\n<td class=\"mlb-details-value\">Fringed Noe GM &#8211; Monogram Canvas<\/td>\n<\/tr>\n<tr>\n<td class=\"mlb-details-caption\">Colour<\/td>\n<td class=\"mlb-details-value\">Monogram Canvas\/Braun\/Schwarz<\/td>\n<\/tr>\n<tr>\n<td class=\"mlb-details-caption\">Hardware<\/td>\n<td class=\"mlb-details-value\">Gold<\/td>\n<\/tr>\n<tr>\n<td class=\"mlb-details-caption\">Year<\/td>\n<td class=\"mlb-details-value\">2017<\/td>\n<\/tr>\n<tr>\n<td class=\"mlb-details-caption\">Accessoires<\/td>\n<td class=\"mlb-details-value\">Dustbag<\/td>\n<\/tr>\n<tr>\n<td class=\"mlb-details-caption\">Condition<\/td>\n<td class=\"mlb-details-value\">Very good condition<\/td>\n<\/tr>\n<\/tbody>\n<\/table>","protected":false},"featured_media":9385,"template":"","meta":[],"product_brand":[],"product_cat":[87,154,68,86,1431,85,99],"product_tag":[],"class_list":{"0":"post-9255","1":"product","2":"type-product","3":"status-publish","4":"has-post-thumbnail","6":"product_cat-crossbodytaschen","7":"product_cat-designer","8":"product_cat-handtaschen","9":"product_cat-kleinetaschen","10":"product_cat-louisvuitton","11":"product_cat-schultertaschen","12":"product_cat-taschen","13":"product_shipping_class-bis1000","15":"first","16":"outofstock","17":"sold-individually","18":"shipping-taxable","19":"purchasable","20":"product-type-simple"},"_links":{"self":[{"href":"https:\/\/baselle.com\/en\/wp-json\/wp\/v2\/product\/9255","targetHints":{"allow":["GET"]}}],"collection":[{"href":"https:\/\/baselle.com\/en\/wp-json\/wp\/v2\/product"}],"about":[{"href":"https:\/\/baselle.com\/en\/wp-json\/wp\/v2\/types\/product"}],"wp:featuredmedia":[{"embeddable":true,"href":"https:\/\/baselle.com\/en\/wp-json\/wp\/v2\/media\/9385"}],"wp:attachment":[{"href":"https:\/\/baselle.com\/en\/wp-json\/wp\/v2\/media?parent=9255"}],"wp:term":[{"taxonomy":"product_brand","embeddable":true,"href":"https:\/\/baselle.com\/en\/wp-json\/wp\/v2\/product_brand?post=9255"},{"taxonomy":"product_cat","embeddable":true,"href":"https:\/\/baselle.com\/en\/wp-json\/wp\/v2\/product_cat?post=9255"},{"taxonomy":"product_tag","embeddable":true,"href":"https:\/\/baselle.com\/en\/wp-json\/wp\/v2\/product_tag?post=9255"}],"curies":[{"name":"wp","href":"https:\/\/api.w.org\/{rel}","templated":true}]}}