{"id":9254,"date":"2018-11-30T16:39:40","date_gmt":"2018-11-30T15:39:40","guid":{"rendered":"https:\/\/baselle.com\/?post_type=product&#038;p=9254"},"modified":"2020-02-27T12:01:32","modified_gmt":"2020-02-27T11:01:32","slug":"chanel-chevron-patchwork-shopping-bag-cuba-collection","status":"publish","type":"product","link":"https:\/\/baselle.com\/en\/product\/chanel-chevron-patchwork-shopping-bag-cuba-collection\/","title":{"rendered":"CHANEL Chevron Shopper"},"content":{"rendered":"<p>\n<strong>CHANEL Chevron Patchwork Shopper Handtasche Beschreibung<\/strong><\/p>\n<p>Die originale CHANEL Chevron Patchwork Shopper Handtasche ist aus der CHANEL Cuba Cruise Collection 2017. Diese Tote-Bag ist praktisch und raffiniert im Design, passend f\u00fcr ausgewogene Shopping Tage sowie f\u00fcr die Arbeit. Sie ist aus khakifarbenen Canvas gefertigt und verf\u00fcgt \u00fcber sch\u00fctzende Taschenf\u00fc\u00dfe, doppelte Griffe aus Leder und Canvas sowie gewebte Kettenriemen mit goldenen Hardware-Akzenten. <\/p>\n<p>Durch den CC-Turnlock-Verschluss \u00f6ffnet sich die CHANEL Patchwork Shopping Bag zu einem rosafarbenen Innenfutter. Im Tascheninneren befinden sich zwei Steckf\u00e4cher, ein Rei\u00dfverschlussfach sowie ein Lederband mit Karabiner zum Anbringen von Schl\u00fcssel etc.\n<\/p>\n<p>\n<strong>Excellent condition<\/strong><br \/>\nDiese CHANEL Chevron Patchwork Shopper Handtasche aus zweiter Hand ist insgesamt in einem hervorragenden Zustand. Die Tasche wurde kaum und mit gro\u00dfer Sorgfalt getragen. Dementsprechend sind das Canvas, auch die Ecken, die Lederbes\u00e4tze sowie die goldfarbene Hardware in einem sehr gepflegten Zustand. Auch das Tascheninnere ist sauber, ohne Ger\u00fcche und weist keine L\u00f6cher\/Risse auf.\n<\/p>\n<p>\n<strong>Style:<\/strong> Schultertasche\/Shopper\/Tote<br \/>\n<strong>Size:<\/strong> Large<br \/>\n<strong>Dimensions (approx.):<\/strong> Breite 40 cm * H\u00f6he 31 cm * Tiefe 13 cm<br \/>\n<strong>Shoulder chain:<\/strong> 76 cm\n<\/p>\n<p>\n<strong>Exterior material:<\/strong> Canvas, Lederbes\u00e4tze<br \/>\n<strong>Interior Material<\/strong> fabric lining\n<\/p>\n<p>The pictures represent the offered bag. The picture rights are held by MyLovelyBoutique.com. <\/p>\n<p>Follow us on <a href=\"https:\/\/www.instagram.com\/mylovelyboutique.de\/\" rel=\"noopener noreferrer\" target=\"_blank\"><span style=\"color: #e0adea\">Instagram<\/span><\/a> und lass Dich von unseren Outfit-Ideen inspirieren. <\/p>","protected":false},"excerpt":{"rendered":"<table class=\"mlb-product-details\">\n<tbody>\n<tr>\n<td class=\"mlb-details-caption\">Model<\/td>\n<td class=\"mlb-details-value\">Chevron Patchwork Shopper<\/td>\n<\/tr>\n<tr>\n<td class=\"mlb-details-caption\">Colour<\/td>\n<td class=\"mlb-details-value\">Khaki<\/td>\n<\/tr>\n<tr>\n<td class=\"mlb-details-caption\">Hardware<\/td>\n<td class=\"mlb-details-value\">Gold<\/td>\n<\/tr>\n<tr>\n<td class=\"mlb-details-caption\">Year<\/td>\n<td class=\"mlb-details-value\">2017<\/td>\n<\/tr>\n<tr>\n<td class=\"mlb-details-caption\">Accessoires<\/td>\n<td class=\"mlb-details-value\">Dustbag, authenticity card, serialnumber with hologram<\/td>\n<\/tr>\n<tr>\n<td class=\"mlb-details-caption\">Condition<\/td>\n<td class=\"mlb-details-value\">Excellent<\/td>\n<\/tr>\n<\/tbody>\n<\/table>","protected":false},"featured_media":9313,"template":"","meta":[],"product_brand":[],"product_cat":[1430,154,68,85,99],"product_tag":[],"class_list":{"0":"post-9254","1":"product","2":"type-product","3":"status-publish","4":"has-post-thumbnail","6":"product_cat-chanel","7":"product_cat-designer","8":"product_cat-handtaschen","9":"product_cat-schultertaschen","10":"product_cat-taschen","12":"first","13":"outofstock","14":"sold-individually","15":"shipping-taxable","16":"purchasable","17":"product-type-simple"},"_links":{"self":[{"href":"https:\/\/baselle.com\/en\/wp-json\/wp\/v2\/product\/9254","targetHints":{"allow":["GET"]}}],"collection":[{"href":"https:\/\/baselle.com\/en\/wp-json\/wp\/v2\/product"}],"about":[{"href":"https:\/\/baselle.com\/en\/wp-json\/wp\/v2\/types\/product"}],"wp:featuredmedia":[{"embeddable":true,"href":"https:\/\/baselle.com\/en\/wp-json\/wp\/v2\/media\/9313"}],"wp:attachment":[{"href":"https:\/\/baselle.com\/en\/wp-json\/wp\/v2\/media?parent=9254"}],"wp:term":[{"taxonomy":"product_brand","embeddable":true,"href":"https:\/\/baselle.com\/en\/wp-json\/wp\/v2\/product_brand?post=9254"},{"taxonomy":"product_cat","embeddable":true,"href":"https:\/\/baselle.com\/en\/wp-json\/wp\/v2\/product_cat?post=9254"},{"taxonomy":"product_tag","embeddable":true,"href":"https:\/\/baselle.com\/en\/wp-json\/wp\/v2\/product_tag?post=9254"}],"curies":[{"name":"wp","href":"https:\/\/api.w.org\/{rel}","templated":true}]}}