{"id":9251,"date":"2018-12-03T16:46:33","date_gmt":"2018-12-03T15:46:33","guid":{"rendered":"https:\/\/baselle.com\/?post_type=product&#038;p=9251"},"modified":"2019-08-12T17:54:20","modified_gmt":"2019-08-12T15:54:20","slug":"chanel-in-the-mix-messenger-bag-1","status":"publish","type":"product","link":"https:\/\/baselle.com\/en\/product\/chanel-in-the-mix-messenger-bag-1\/","title":{"rendered":"CHANEL Messenger Bag"},"content":{"rendered":"<p>\n<strong>CHANEL In The Mix Messenger Bag Handtasche Beschreibung<\/strong><\/p>\n<p>Die originale CHANEL In The Mix Messenger Bag Handtasche aus der Cruise Collection 2011 ist eine perfekte Begleitung f\u00fcr Arbeit, Studium oder Shopping Tage. Sie ist aus gestepptem und mit einem Schimmer beschichtetem Kalbsleder gefertigt und verf\u00fcgt \u00fcber cognac-farbige Lederdetails und silberne Hardware-Akzente mit Ruthenium-Finish. <\/p>\n<p>Die Messenger Bag besitzt zudem einen kurzen gewebten Kettenriemen sowie einen langen Lederriemen, so dass sie sowohl als Handtasche als auch als Schultertasche oder Crossbody getragen werden kann. Der doppelte CC-Turnlock- Verschluss \u00f6ffnet sich zu einem mit bordeauxfarbenen Stoff gef\u00fctterten Tascheninneren mit einem Rei\u00dfverschlussfach.\n<\/p>\n<p>\n<strong>Very good condition:<\/strong><br \/>\nDiese CHANEL In The Mix Messenger Bag Handtasche aus zweiter Hand ist insgesamt in einem sehr guten Zustand. Das Kalbsleder inkl. der Ecken ist in einem gepflegten Zustand. Das Tascheninnere ist sauber, ohne Ger\u00fcche und weist keine L\u00f6cher\/Risse auf. Auch die silbernen Hardware-Akzente sind in einem sehr guten Zustand.\n<\/p>\n<p>\n<strong>Style:<\/strong> Shoulder bag, crossbody<br \/>\n<strong>Size:<\/strong> Medium<br \/>\n<strong>Dimensions (approx.):<\/strong> Breite 30 cm * H\u00f6he 20 cm * Tiefe 8 cm<br \/>\n<strong>Shoulder strap (approx.):<\/strong> 120 cm\n<\/p>\n<p>\n<strong>Exterior material:<\/strong> gestepptes Kalbsleder<br \/>\n<strong>Interior Material<\/strong> fabric lining\n<\/p>\n<p>The pictures represent the offered bag. The picture rights are held by MyLovelyBoutique.com. <\/p>\n<p>Follow us on <a href=\"https:\/\/www.instagram.com\/mylovelyboutique.de\/\" rel=\"noopener noreferrer\" target=\"_blank\"><span style=\"color: #e0adea\">Instagram<\/span><\/a> und lass Dich von unseren Outfit-Ideen inspirieren. <\/p>","protected":false},"excerpt":{"rendered":"<table class=\"mlb-product-details\">\n<tbody>\n<tr>\n<td class=\"mlb-details-caption\">Model<\/td>\n<td class=\"mlb-details-value\">&#8220;In The Mix&#8221; Messenger Bag<\/td>\n<\/tr>\n<tr>\n<td class=\"mlb-details-caption\">Colour<\/td>\n<td class=\"mlb-details-value\">Graublau\/Cognac<\/td>\n<\/tr>\n<tr>\n<td class=\"mlb-details-caption\">Hardware<\/td>\n<td class=\"mlb-details-value\">Silver with ruthenium finish<\/td>\n<\/tr>\n<tr>\n<td class=\"mlb-details-caption\">Year<\/td>\n<td class=\"mlb-details-value\">2011<\/td>\n<\/tr>\n<tr>\n<td class=\"mlb-details-caption\">Accessoires<\/td>\n<td class=\"mlb-details-value\">Dustbag, authenticity card, serialnumber with hologram<\/td>\n<\/tr>\n<tr>\n<td class=\"mlb-details-caption\">Condition<\/td>\n<td class=\"mlb-details-value\">Very good condition<\/td>\n<\/tr>\n<\/tbody>\n<\/table>","protected":false},"featured_media":9389,"template":"","meta":[],"product_brand":[],"product_cat":[1430,87,154,99],"product_tag":[102],"class_list":{"0":"post-9251","1":"product","2":"type-product","3":"status-publish","4":"has-post-thumbnail","6":"product_cat-chanel","7":"product_cat-crossbodytaschen","8":"product_cat-designer","9":"product_cat-taschen","10":"product_tag-sale","11":"product_shipping_class-bis1000","13":"first","14":"outofstock","15":"sale","16":"sold-individually","17":"shipping-taxable","18":"purchasable","19":"product-type-simple"},"_links":{"self":[{"href":"https:\/\/baselle.com\/en\/wp-json\/wp\/v2\/product\/9251","targetHints":{"allow":["GET"]}}],"collection":[{"href":"https:\/\/baselle.com\/en\/wp-json\/wp\/v2\/product"}],"about":[{"href":"https:\/\/baselle.com\/en\/wp-json\/wp\/v2\/types\/product"}],"wp:featuredmedia":[{"embeddable":true,"href":"https:\/\/baselle.com\/en\/wp-json\/wp\/v2\/media\/9389"}],"wp:attachment":[{"href":"https:\/\/baselle.com\/en\/wp-json\/wp\/v2\/media?parent=9251"}],"wp:term":[{"taxonomy":"product_brand","embeddable":true,"href":"https:\/\/baselle.com\/en\/wp-json\/wp\/v2\/product_brand?post=9251"},{"taxonomy":"product_cat","embeddable":true,"href":"https:\/\/baselle.com\/en\/wp-json\/wp\/v2\/product_cat?post=9251"},{"taxonomy":"product_tag","embeddable":true,"href":"https:\/\/baselle.com\/en\/wp-json\/wp\/v2\/product_tag?post=9251"}],"curies":[{"name":"wp","href":"https:\/\/api.w.org\/{rel}","templated":true}]}}