{"id":9153,"date":"2018-11-16T18:03:45","date_gmt":"2018-11-16T17:03:45","guid":{"rendered":"https:\/\/baselle.com\/?post_type=product&#038;p=9153"},"modified":"2019-02-24T23:10:25","modified_gmt":"2019-02-24T22:10:25","slug":"louis-vuitton-pastilles-bag-chain-taschenschmuck-altgold-braun-1","status":"publish","type":"product","link":"https:\/\/baselle.com\/en\/product\/louis-vuitton-pastilles-bag-chain-taschenschmuck-altgold-braun-1\/","title":{"rendered":"Louis Vuitton Bag Chain"},"content":{"rendered":"<p>\n<strong>Louis Vuitton Pastilles Bag Chain Taschenschmuck Beschreibung<\/strong> <\/p>\n<p>Der originale Louis Vuitton Pastilles Bag Chain Taschenschmuck ist ein stilvoller, langkettiger Anh\u00e4nger, der an Deiner Handtasche mit einer D-Ring-Schlie\u00dfe und einem Schl\u00fcsselring am Ende befestigt wird. Der Anh\u00e4nger verf\u00fcgt \u00fcber zehn emaillierte Louis Vuitton-Embleme sowie \u00fcber vier goldfarbene Charm-Embleme. Er ist die perfekte Erg\u00e4nzung f\u00fcr jede passende Louis Vuitton Tasche und macht aus dieser einen verspielten Hingucker!\n<\/p>\n<p>\n<strong>Very good condition:<\/strong><br \/>\nDieser Louis Vuitton Pastilles Bag Chain Taschenschmuck aus zweiter Hand ist in einem sehr guten Zustand.\n<\/p>\n<p>\n<strong>Dimensions (approx.):<\/strong> Gesamtl\u00e4nge = 21 cm\n<\/p>\n<p>\n<strong>Material: <\/strong>Metal\n<\/p>\n<p>Die Bilder stellen den angebotenen Taschenschmuck dar und sind Eigentum von MyLovelyBoutique.com. Die Tasche ist NICHT Teil des Angebots und dient lediglich zu Demonstrationszwecken.<\/p>\n<p>Follow us on <a href=\"https:\/\/www.instagram.com\/mylovelyboutique.de\/\" rel=\"noopener\" target=\"_blank\"><span style=\"color: #e0adea\">Instagram<\/span><\/a> und lass Dich von unseren Outfit-Ideen inspirieren. <\/p>","protected":false},"excerpt":{"rendered":"<table class=\"mlb-product-details\">\n<tbody>\n<tr>\n<td class=\"mlb-details-caption\">Model<\/td>\n<td class=\"mlb-details-value\">Pastilles Bag Chain<\/td>\n<\/tr>\n<tr>\n<td class=\"mlb-details-caption\">Colour<\/td>\n<td class=\"mlb-details-value\">Gold\/Hell-und Dunkelbraun<\/td>\n<\/tr>\n<tr>\n<td class=\"mlb-details-caption\">Hardware<\/td>\n<td class=\"mlb-details-value\">Gold<\/td>\n<\/tr>\n<tr>\n<td class=\"mlb-details-caption\">Year<\/td>\n<td class=\"mlb-details-value\">&#8211;<\/td>\n<\/tr>\n<tr>\n<td class=\"mlb-details-caption\">Accessoires<\/td>\n<td class=\"mlb-details-value\">Box, dustbag<\/td>\n<\/tr>\n<tr>\n<td class=\"mlb-details-caption\">Condition<\/td>\n<td class=\"mlb-details-value\">Very good condition<\/td>\n<\/tr>\n<\/tbody>\n<\/table>","protected":false},"featured_media":9158,"template":"","meta":[],"product_brand":[],"product_cat":[57,154,1431,92],"product_tag":[],"class_list":{"0":"post-9153","1":"product","2":"type-product","3":"status-publish","4":"has-post-thumbnail","6":"product_cat-accessories","7":"product_cat-designer","8":"product_cat-louisvuitton","9":"product_cat-taschenschmuck","10":"product_shipping_class-0-500","12":"first","13":"outofstock","14":"sold-individually","15":"shipping-taxable","16":"purchasable","17":"product-type-simple"},"_links":{"self":[{"href":"https:\/\/baselle.com\/en\/wp-json\/wp\/v2\/product\/9153","targetHints":{"allow":["GET"]}}],"collection":[{"href":"https:\/\/baselle.com\/en\/wp-json\/wp\/v2\/product"}],"about":[{"href":"https:\/\/baselle.com\/en\/wp-json\/wp\/v2\/types\/product"}],"wp:featuredmedia":[{"embeddable":true,"href":"https:\/\/baselle.com\/en\/wp-json\/wp\/v2\/media\/9158"}],"wp:attachment":[{"href":"https:\/\/baselle.com\/en\/wp-json\/wp\/v2\/media?parent=9153"}],"wp:term":[{"taxonomy":"product_brand","embeddable":true,"href":"https:\/\/baselle.com\/en\/wp-json\/wp\/v2\/product_brand?post=9153"},{"taxonomy":"product_cat","embeddable":true,"href":"https:\/\/baselle.com\/en\/wp-json\/wp\/v2\/product_cat?post=9153"},{"taxonomy":"product_tag","embeddable":true,"href":"https:\/\/baselle.com\/en\/wp-json\/wp\/v2\/product_tag?post=9153"}],"curies":[{"name":"wp","href":"https:\/\/api.w.org\/{rel}","templated":true}]}}