{"id":9082,"date":"2018-11-09T21:51:23","date_gmt":"2018-11-09T20:51:23","guid":{"rendered":"https:\/\/baselle.com\/?post_type=product&#038;p=9082"},"modified":"2020-02-27T12:02:52","modified_gmt":"2020-02-27T11:02:52","slug":"louis-vuitton-speedy-30-roses-limited-edition-stephen-sprouse-handtasche-2","status":"publish","type":"product","link":"https:\/\/baselle.com\/en\/product\/louis-vuitton-speedy-30-roses-limited-edition-stephen-sprouse-handtasche-2\/","title":{"rendered":"Louis Vuitton Speedy Roses"},"content":{"rendered":"<p>\n<strong>Louis Vuitton Speedy 30 Roses Limited Edition Stephen Sprouse Handtasche Beschreibung<\/strong><\/p>\n<p>Die originale Louis Vuitton Speedy 30 Roses Limited Edition Stephen Sprouse Handtasche war mit dem wundersch\u00f6n verspielten Rosen-Motiv sofort in allen Stores ausverkauft. Sie ist neben der Louis Vuitton Speedy Watercolor noch heute eine der begehrtesten und Most-Wanted-Bags ihres Modells.  <\/p>\n<p>Die Speedy Roses ist aus ikonischem braunem Monogramm-Canvas mit Rosen-Motiven und Bes\u00e4tzen aus naturbelassenem Rindsleder gefertigt und verf\u00fcgt \u00fcber goldfarbene Hardware-Akzente sowie doppelt gerollte Ledergriffe.<br \/>\nDer Rei\u00dfverschluss an der Oberseite \u00f6ffnet sich zu einem mit braunem Stoff gef\u00fctterten Innenraum mit einem Steckfach, in denen sich wichtige Dinge des t\u00e4glichen Bedarfs aufbewahren lassen. <\/p>\n<p>Neben der Neverfull geh\u00f6rt die Speedy zu den Klassikern unter den Louis Vuitton Taschen &#8211; sie ist ein zeitloser, luxuri\u00f6ser und zugleich praktischer Alltagsbegleiter. Die Louis Vuitton Speedy 30 Roses aus der limitierten Stephen Sprouse Kollektion ist ein absolutes Lieblingspiece mit Sammlerwert!\n<\/p>\n<p>\n<strong>Very good condition:<\/strong><br \/>\nDiese Louis Vuitton Speedy 30 Roses Limited Edition Stephen Sprouse Handtasche aus zweiter Hand ist insgesamt in einem sehr guten Zustand. Sie wurde gerne und mit Sorgfalt getragen. Dementsprechend hat das naturbelassene Rindsleder eine Patina gebildet. Das Tascheninnere ist sauber, ohne Ger\u00fcche und weist keine Flecken oder Besch\u00e4digungen auf. Der Rei\u00dfverschluss ist leichtg\u00e4ngig und die goldfarbene Hardware ist ebenfalls in einem guten Zustand.\n<\/p>\n<p>\n<strong>Style:<\/strong> Handbag<br \/>\n<strong>Size:<\/strong> MM<br \/>\n<strong>Dimensions (approx.):<\/strong> width 30 cm * height 21 cm * depth 17 cm\n<\/p>\n<p>\n<strong>Exterior material:<\/strong> Monogram Canvas; Bes\u00e4tze aus Rindsleder<br \/>\n<strong>Interior Material<\/strong> fabric lining\n<\/p>\n<p>The pictures represent the offered bag. The picture rights are held by MyLovelyBoutique.com.<\/p>\n<p>Follow us on <a href=\"https:\/\/www.instagram.com\/mylovelyboutique.de\/\" target=\"_blank\" rel=\"noopener noreferrer\"><span style=\"color: #e0adea\">Instagram<\/span><\/a> und lass Dich von unseren Outfit-Ideen inspirieren.<\/p>","protected":false},"excerpt":{"rendered":"<table class=\"mlb-product-details\">\n<tbody>\n<tr>\n<td class=\"mlb-details-caption\">Model<\/td>\n<td class=\"mlb-details-value\">Speedy 30 Roses Limited Edition Stephen Sprouse (M48610)<\/td>\n<\/tr>\n<tr>\n<td class=\"mlb-details-caption\">Colour<\/td>\n<td class=\"mlb-details-value\">Braun\/Bunt<\/td>\n<\/tr>\n<tr>\n<td class=\"mlb-details-caption\">Hardware<\/td>\n<td class=\"mlb-details-value\">Gold<\/td>\n<\/tr>\n<tr>\n<td class=\"mlb-details-caption\">Year<\/td>\n<td class=\"mlb-details-value\">2008<\/td>\n<\/tr>\n<tr>\n<td class=\"mlb-details-caption\">Accessoires<\/td>\n<td class=\"mlb-details-value\">Dustbag<\/td>\n<\/tr>\n<tr>\n<td class=\"mlb-details-caption\">Condition<\/td>\n<td class=\"mlb-details-value\">Very good condition<\/td>\n<\/tr>\n<\/tbody>\n<\/table>","protected":false},"featured_media":9106,"template":"","meta":[],"product_brand":[],"product_cat":[154,68,1431,99],"product_tag":[],"class_list":{"0":"post-9082","1":"product","2":"type-product","3":"status-publish","4":"has-post-thumbnail","6":"product_cat-designer","7":"product_cat-handtaschen","8":"product_cat-louisvuitton","9":"product_cat-taschen","10":"product_shipping_class-bis1000","12":"first","13":"outofstock","14":"sold-individually","15":"shipping-taxable","16":"purchasable","17":"product-type-simple"},"_links":{"self":[{"href":"https:\/\/baselle.com\/en\/wp-json\/wp\/v2\/product\/9082","targetHints":{"allow":["GET"]}}],"collection":[{"href":"https:\/\/baselle.com\/en\/wp-json\/wp\/v2\/product"}],"about":[{"href":"https:\/\/baselle.com\/en\/wp-json\/wp\/v2\/types\/product"}],"wp:featuredmedia":[{"embeddable":true,"href":"https:\/\/baselle.com\/en\/wp-json\/wp\/v2\/media\/9106"}],"wp:attachment":[{"href":"https:\/\/baselle.com\/en\/wp-json\/wp\/v2\/media?parent=9082"}],"wp:term":[{"taxonomy":"product_brand","embeddable":true,"href":"https:\/\/baselle.com\/en\/wp-json\/wp\/v2\/product_brand?post=9082"},{"taxonomy":"product_cat","embeddable":true,"href":"https:\/\/baselle.com\/en\/wp-json\/wp\/v2\/product_cat?post=9082"},{"taxonomy":"product_tag","embeddable":true,"href":"https:\/\/baselle.com\/en\/wp-json\/wp\/v2\/product_tag?post=9082"}],"curies":[{"name":"wp","href":"https:\/\/api.w.org\/{rel}","templated":true}]}}