{"id":9076,"date":"2018-11-09T13:28:19","date_gmt":"2018-11-09T12:28:19","guid":{"rendered":"https:\/\/baselle.com\/?post_type=product&#038;p=9076"},"modified":"2019-05-02T16:15:17","modified_gmt":"2019-05-02T14:15:17","slug":"louis-vuitton-marly-mm-epi-leder-handtasche-coquelicot-1","status":"publish","type":"product","link":"https:\/\/baselle.com\/en\/product\/louis-vuitton-marly-mm-epi-leder-handtasche-coquelicot-1\/","title":{"rendered":"Louis Vuitton Marly MM"},"content":{"rendered":"<p>\n<strong>Louis Vuitton Marly MM Epi Leder Handtasche Beschreibung<\/strong> <\/p>\n<p>Die originale Louis Vuitton Marly MM Epi Leder Handtasche besticht durch l\u00e4ssige Raffinesse und ist perfekt f\u00fcr die moderne Frau. Diese strukturierte Business-Tote ist aus robustem Epi-Leder in Mohnblumenrot gefertigt und verf\u00fcgt \u00fcber eine eckige Silhouette. Weitere Merkmale dieses Modells sind das dezente LV-Logo, seitliche Druckkn\u00f6pfe, sch\u00fctzende Taschenf\u00fc\u00dfe sowie silberfarbene Hardware. Zudem garantieren die weichen Ledergriffe sowie der abnehmbare Schultergurt maximalen Tragekomfort im Alltag. <\/p>\n<p>Durch den versteckten Magnetverschluss l\u00e4sst sich die Louis Vuitton Marly MM zu einem roten Innenfutter aus Mikrofaser \u00f6ffnen. Im Tascheninneren befindet sich mittig ein Rei\u00dfverschlussfach sowie vier Einsteckf\u00e4cher, die perfekt f\u00fcr das Aufbewahren Deiner wichtigsten Dinge sind. Ein elegantes Lieblingsst\u00fcck f\u00fcr den t\u00e4glichen Gebrauch.\n<\/p>\n<p>\n<strong>Very good condition:<\/strong><br \/>\nDiese Louis Vuitton Marly MM Epi Leder Handtasche aus zweiter Hand ist insgesamt in einem sehr guten Zustand. Das Epi Leder hat bis auf einen kleinen Abrieb am Taschenboden keine weiteren M\u00e4ngel. Auch das Leder an den Taschenecken sowie die silberfarbene Hardware sind in einem einwandfreien Zustand. Das Tascheninnere ist sauber, ohne Ger\u00fcche und weist keine L\u00f6cher\/Risse auf.\n<\/p>\n<p>\n<strong>Style:<\/strong> Schultertasche\/Tote\/Shopper<br \/>\n<strong>Size:<\/strong> MM<br \/>\n<strong>Dimensions (approx.):<\/strong> Breite 40 cm * H\u00f6he 35 cm * Tiefe 16,5 cm\n<\/p>\n<p>\n<strong>Exterior material:<\/strong> Genarbtes Epi Rindsleder;<br \/>\n<strong>Interior Material<\/strong> microfibre lining\n<\/p>\n<p>Die Bilder stellen die angebotene Tasche dar und sind Eigentum von MyLovelyBoutique. Der Bag Charm ist NICHT Teil des Angebots. <\/p>\n<p>Follow us on <a href=\"https:\/\/www.instagram.com\/mylovelyboutique.de\/\" rel=\"noopener noreferrer\" target=\"_blank\"><span style=\"color: #e0adea\">Instagram<\/span><\/a> und lass Dich von unseren Outfit-Ideen inspirieren. <\/p>","protected":false},"excerpt":{"rendered":"<table class=\"mlb-product-details\">\n<tbody>\n<tr>\n<td class=\"mlb-details-caption\">Model<\/td>\n<td class=\"mlb-details-value\">Marly MM &#8211; Epi Leder Coquelicot (M9461E)<\/td>\n<\/tr>\n<tr>\n<td class=\"mlb-details-caption\">Colour<\/td>\n<td class=\"mlb-details-value\">Coquelicot\/Mohnblumenrot<\/td>\n<\/tr>\n<tr>\n<td class=\"mlb-details-caption\">Hardware<\/td>\n<td class=\"mlb-details-value\">Silver<\/td>\n<\/tr>\n<tr>\n<td class=\"mlb-details-caption\">Year<\/td>\n<td class=\"mlb-details-value\">2014<\/td>\n<\/tr>\n<tr>\n<td class=\"mlb-details-caption\">Accessoires<\/td>\n<td class=\"mlb-details-value\">Staubbeutel, LV-Booklet, LV-Produktinfo, Clochette mit Karabiner<\/td>\n<\/tr>\n<tr>\n<td class=\"mlb-details-caption\">Condition<\/td>\n<td class=\"mlb-details-value\">Very good condition<\/td>\n<\/tr>\n<\/tbody>\n<\/table>","protected":false},"featured_media":9133,"template":"","meta":[],"product_brand":[],"product_cat":[154,68,1431,85,99],"product_tag":[],"class_list":{"0":"post-9076","1":"product","2":"type-product","3":"status-publish","4":"has-post-thumbnail","6":"product_cat-designer","7":"product_cat-handtaschen","8":"product_cat-louisvuitton","9":"product_cat-schultertaschen","10":"product_cat-taschen","11":"product_shipping_class-bis2500","13":"first","14":"outofstock","15":"sold-individually","16":"shipping-taxable","17":"purchasable","18":"product-type-simple"},"_links":{"self":[{"href":"https:\/\/baselle.com\/en\/wp-json\/wp\/v2\/product\/9076","targetHints":{"allow":["GET"]}}],"collection":[{"href":"https:\/\/baselle.com\/en\/wp-json\/wp\/v2\/product"}],"about":[{"href":"https:\/\/baselle.com\/en\/wp-json\/wp\/v2\/types\/product"}],"wp:featuredmedia":[{"embeddable":true,"href":"https:\/\/baselle.com\/en\/wp-json\/wp\/v2\/media\/9133"}],"wp:attachment":[{"href":"https:\/\/baselle.com\/en\/wp-json\/wp\/v2\/media?parent=9076"}],"wp:term":[{"taxonomy":"product_brand","embeddable":true,"href":"https:\/\/baselle.com\/en\/wp-json\/wp\/v2\/product_brand?post=9076"},{"taxonomy":"product_cat","embeddable":true,"href":"https:\/\/baselle.com\/en\/wp-json\/wp\/v2\/product_cat?post=9076"},{"taxonomy":"product_tag","embeddable":true,"href":"https:\/\/baselle.com\/en\/wp-json\/wp\/v2\/product_tag?post=9076"}],"curies":[{"name":"wp","href":"https:\/\/api.w.org\/{rel}","templated":true}]}}