{"id":9074,"date":"2018-11-19T14:50:44","date_gmt":"2018-11-19T13:50:44","guid":{"rendered":"https:\/\/baselle.com\/?post_type=product&#038;p=9074"},"modified":"2020-02-27T12:02:44","modified_gmt":"2020-02-27T11:02:44","slug":"louis-vuitton-kalahari-gm-handtasche-1","status":"publish","type":"product","link":"https:\/\/baselle.com\/en\/product\/louis-vuitton-kalahari-gm-handtasche-1\/","title":{"rendered":"Louis Vuitton Kalahari GM"},"content":{"rendered":"<p>\n<strong>Louis Vuitton Kalahari GM Handtasche Beschreibung<\/strong><\/p>\n<p>Die originale Louis Vuitton Kalahari GM Handtasche aus der Printemps-Et\u00e9 Collection 2009 wurde passend nach der sch\u00f6nen W\u00fcste Afrikas s\u00fcdlich der Sahara benannt. Sie ist aus Louis Vuittons beliebtem Monogram-Canvas mit naturbelassenen Lederbes\u00e4tzen gefertigt und verf\u00fcgt \u00fcber raffinierte Falten mit Kordelzug-Akzenten, polierte Perlen aus Harz sowie goldfarbene Hardware.<\/p>\n<p>Die Oversized-Klappe \u00f6ffnet sich zu einem braunen Mikrofaserinnenfutter mit zwei aufgesetzten Steckf\u00e4chern, in denen sich wichtige Dinge des t\u00e4glichen Bedarfs aufbewahren lassen. <\/p>\n<p>Mit ihren verspielten Details zieht dieses wundersch\u00f6ne Modell alle Blicke auf sich und ist daher das perfekte Accessoire zu schlichten Outfits.<\/p>\n<p>Der Neupreis dieser Tasche lag bei 2200,00\u20ac.\n<\/p>\n<p>\n<strong>Very good condition:<\/strong><br \/>\nDiese Louis Vuitton Kalahari GM Handtasche aus zweiter Hand ist insgesamt in einem sehr guten Zustand. Das naturbelassene Rindsleder hat eine dezente Patina gebildet. Auf dem noch hellen Leder sind Spuren durch Regentropfen erkennbar. Das Monogram Canvas sowie die Kordel-Details sind in einem einwandfreien Zustand. Auch das Tascheninnere ist sauber, ohne Ger\u00fcche und weist keine L\u00f6cher\/Risse auf. Die goldenen Hardware-Akzente sind ebenfalls in einem sehr guten Zustand.\n<\/p>\n<p>\n<strong>Style:<\/strong> Shoulder bag, handbag<br \/>\n<strong>Size:<\/strong> GM<br \/>\n<strong>Dimensions (approx.):<\/strong> Breite 34 cm * H\u00f6he 30 cm * Tiefe 9 cm\n<\/p>\n<p>\n<strong>Exterior material:<\/strong> Monogram Canvas; Bes\u00e4tze aus Rindsleder<br \/>\n<strong>Interior Material<\/strong> microfibre lining\n<\/p>\n<p>The pictures represent the offered bag. The picture rights are held by MyLovelyBoutique.com.<\/p>\n<p>Follow us on <a href=\"https:\/\/www.instagram.com\/mylovelyboutique.de\/\" target=\"_blank\" rel=\"noopener noreferrer\"><span style=\"color: #e0adea;\">Instagram<\/span><\/a> und lass Dich von unseren Outfit-Ideen inspirieren.<\/p>","protected":false},"excerpt":{"rendered":"<table class=\"mlb-product-details\">\n<tbody>\n<tr>\n<td class=\"mlb-details-caption\">Model<\/td>\n<td class=\"mlb-details-value\">Kalahari GM &#8211; Monogram Canvas (M97015)<\/td>\n<\/tr>\n<tr>\n<td class=\"mlb-details-caption\">Colour<\/td>\n<td class=\"mlb-details-value\">Monogram Canvas\/Braun<\/td>\n<\/tr>\n<tr>\n<td class=\"mlb-details-caption\">Hardware<\/td>\n<td class=\"mlb-details-value\">Gold<\/td>\n<\/tr>\n<tr>\n<td class=\"mlb-details-caption\">Year<\/td>\n<td class=\"mlb-details-value\">2009<\/td>\n<\/tr>\n<tr>\n<td class=\"mlb-details-caption\">Accessoires<\/td>\n<td class=\"mlb-details-value\">Dustbag<\/td>\n<\/tr>\n<tr>\n<td class=\"mlb-details-caption\">Condition<\/td>\n<td class=\"mlb-details-value\">Very good condition<\/td>\n<\/tr>\n<\/tbody>\n<\/table>","protected":false},"featured_media":9371,"template":"","meta":[],"product_brand":[],"product_cat":[154,1431,85,99],"product_tag":[],"class_list":{"0":"post-9074","1":"product","2":"type-product","3":"status-publish","4":"has-post-thumbnail","6":"product_cat-designer","7":"product_cat-louisvuitton","8":"product_cat-schultertaschen","9":"product_cat-taschen","10":"product_shipping_class-bis1000","12":"first","13":"outofstock","14":"sold-individually","15":"shipping-taxable","16":"purchasable","17":"product-type-simple"},"_links":{"self":[{"href":"https:\/\/baselle.com\/en\/wp-json\/wp\/v2\/product\/9074","targetHints":{"allow":["GET"]}}],"collection":[{"href":"https:\/\/baselle.com\/en\/wp-json\/wp\/v2\/product"}],"about":[{"href":"https:\/\/baselle.com\/en\/wp-json\/wp\/v2\/types\/product"}],"wp:featuredmedia":[{"embeddable":true,"href":"https:\/\/baselle.com\/en\/wp-json\/wp\/v2\/media\/9371"}],"wp:attachment":[{"href":"https:\/\/baselle.com\/en\/wp-json\/wp\/v2\/media?parent=9074"}],"wp:term":[{"taxonomy":"product_brand","embeddable":true,"href":"https:\/\/baselle.com\/en\/wp-json\/wp\/v2\/product_brand?post=9074"},{"taxonomy":"product_cat","embeddable":true,"href":"https:\/\/baselle.com\/en\/wp-json\/wp\/v2\/product_cat?post=9074"},{"taxonomy":"product_tag","embeddable":true,"href":"https:\/\/baselle.com\/en\/wp-json\/wp\/v2\/product_tag?post=9074"}],"curies":[{"name":"wp","href":"https:\/\/api.w.org\/{rel}","templated":true}]}}