{"id":9049,"date":"2018-11-02T21:24:07","date_gmt":"2018-11-02T20:24:07","guid":{"rendered":"https:\/\/baselle.com\/?post_type=product&#038;p=9049"},"modified":"2019-02-22T16:41:01","modified_gmt":"2019-02-22T15:41:01","slug":"louis-vuitton-heart-coin-purse-portemonnaie-coeur-monogram-vernis-amarante","status":"publish","type":"product","link":"https:\/\/baselle.com\/en\/product\/louis-vuitton-heart-coin-purse-portemonnaie-coeur-monogram-vernis-amarante\/","title":{"rendered":"Louis Vuitton Heart Purse"},"content":{"rendered":"<p>\n<strong>Louis Vuitton Portemonnaie Coeur M\u00fcnztasche Beschreibung<\/strong> <\/p>\n<p>Die originale Louis Vuitton Portemonnaie Coeur M\u00fcnztasche aus der Saint Valentin Kollektion 2010 eignet sich perfekt als Geschenk f\u00fcr die Liebste. Sie ist aus amarantfarbenen Kalbslackleder und goldfarbener Hardware gefertigt und verf\u00fcgt \u00fcber aufgesetzte Kristalldetails mit LV-Gravur. Durch ihre Kette kann die Heart Coin Purse beliebig in oder an einer Tasche angebracht werde. Auch an einer Hosenschlaufe befestigt wird aus der kleinen Louis Vuitton M\u00fcnztasche ein Accessoire mit Eyecatching-Garantie!\n<\/p>\n<p>\n<strong>Very good condition:<\/strong><br \/>\nDiese Louis Vuitton Heart Coin Purse M\u00fcnztasche aus zweiter Hand ist in einem sehr guten Zustand. Sie wurde mit Vorsicht getragen und stets im Staubbeutel aufbewahrt. Dementsprechend sind das Kalbslackleder sowie die Kristalldetails in einem gepflegten Zustand. Das Lederinnenfutter weist weder Ger\u00fcche, Flecken oder Besch\u00e4digungen auf. Auch die goldfarbene Hardware ist in einem guten Zustand.\n<\/p>\n<p>\n<strong>Style:<\/strong> M\u00fcnzgeldtasche<br \/>\n<strong>Dimensions (approx.):<\/strong> Breite 10,25 cm * H\u00f6he 9,5 cm * Tiefe 1,5 cm\n<\/p>\n<p>\n<strong>Exterior material:<\/strong> Patent calfskin leather<br \/>\n<strong>Interior Material<\/strong> leather\n<\/p>\n<p>Die Bilder stellen die angebotene M\u00fcnztasche dar und sind Eigentum von MyLovelyBoutique.com. <\/p>\n<p>Follow us on <a href=\"https:\/\/www.instagram.com\/mylovelyboutique.de\/\" rel=\"noopener\" target=\"_blank\"><span style=\"color: #e0adea\">Instagram<\/span><\/a> und lass Dich von unseren Outfit-Ideen inspirieren. <\/p>","protected":false},"excerpt":{"rendered":"<table class=\"mlb-product-details\">\n<tbody>\n<tr>\n<td class=\"mlb-details-caption\">Model<\/td>\n<td class=\"mlb-details-value\">Portemonnaie Coeur &#8211; Mon. Vernis Heart Coin Purse<\/td>\n<\/tr>\n<tr>\n<td class=\"mlb-details-caption\">Colour<\/td>\n<td class=\"mlb-details-value\">Amarante<\/td>\n<\/tr>\n<tr>\n<td class=\"mlb-details-caption\">Hardware<\/td>\n<td class=\"mlb-details-value\">Gold<\/td>\n<\/tr>\n<tr>\n<td class=\"mlb-details-caption\">Year<\/td>\n<td class=\"mlb-details-value\">2010<\/td>\n<\/tr>\n<tr>\n<td class=\"mlb-details-caption\">Accessoires<\/td>\n<td class=\"mlb-details-value\">Box, dustbag<\/td>\n<\/tr>\n<tr>\n<td class=\"mlb-details-caption\">Condition<\/td>\n<td class=\"mlb-details-value\">Very good condition<\/td>\n<\/tr>\n<\/tbody>\n<\/table>","protected":false},"featured_media":9052,"template":"","meta":[],"product_brand":[],"product_cat":[57,154,90,1431],"product_tag":[],"class_list":{"0":"post-9049","1":"product","2":"type-product","3":"status-publish","4":"has-post-thumbnail","6":"product_cat-accessories","7":"product_cat-designer","8":"product_cat-kleinlederwaren","9":"product_cat-louisvuitton","10":"product_shipping_class-0-500","12":"first","13":"outofstock","14":"sold-individually","15":"shipping-taxable","16":"purchasable","17":"product-type-simple"},"_links":{"self":[{"href":"https:\/\/baselle.com\/en\/wp-json\/wp\/v2\/product\/9049","targetHints":{"allow":["GET"]}}],"collection":[{"href":"https:\/\/baselle.com\/en\/wp-json\/wp\/v2\/product"}],"about":[{"href":"https:\/\/baselle.com\/en\/wp-json\/wp\/v2\/types\/product"}],"wp:featuredmedia":[{"embeddable":true,"href":"https:\/\/baselle.com\/en\/wp-json\/wp\/v2\/media\/9052"}],"wp:attachment":[{"href":"https:\/\/baselle.com\/en\/wp-json\/wp\/v2\/media?parent=9049"}],"wp:term":[{"taxonomy":"product_brand","embeddable":true,"href":"https:\/\/baselle.com\/en\/wp-json\/wp\/v2\/product_brand?post=9049"},{"taxonomy":"product_cat","embeddable":true,"href":"https:\/\/baselle.com\/en\/wp-json\/wp\/v2\/product_cat?post=9049"},{"taxonomy":"product_tag","embeddable":true,"href":"https:\/\/baselle.com\/en\/wp-json\/wp\/v2\/product_tag?post=9049"}],"curies":[{"name":"wp","href":"https:\/\/api.w.org\/{rel}","templated":true}]}}