{"id":9002,"date":"2018-11-02T15:24:38","date_gmt":"2018-11-02T14:24:38","guid":{"rendered":"https:\/\/baselle.com\/?post_type=product&#038;p=9002"},"modified":"2020-02-27T11:59:56","modified_gmt":"2020-02-27T10:59:56","slug":"chanel-coco-pleats-hobo-bag-khaki","status":"publish","type":"product","link":"https:\/\/baselle.com\/en\/product\/chanel-coco-pleats-hobo-bag-khaki\/","title":{"rendered":"CHANEL Coco Pleats Hobo"},"content":{"rendered":"<p>\n<strong>CHANEL Coco Pleats Hobo Bag Handtasche Beschreibung<\/strong><\/p>\n<p>Die originale CHANEL Coco Pleats Hobo Bag Handtasche vereint elegantes Design mit l\u00e4ssigem Tragekomfort. Sie ist aus gestepptem Kalbsleder gefertigt und verf\u00fcgt \u00fcber plissierte Details und silberne Hardware-Akzente mit Ruthenium-Finish. Die Hobo-Bag hat einen Kettenriemen und einen abnehmbaren Schulterriemen, der zudem in der L\u00e4nge verstellbar ist. Der abnehmbare Trageriemen aus Leder kann zwischen einer Gesamtl\u00e4nge von maximal 126 cm bis zu einer L\u00e4nge von 84 cm variiert werden. Die CHANEL Coco Pleats Hobo Bag kann daher sowohl als Handtasche, kurz bzw. lang \u00fcber der Schulter oder Crossbody getragen werden, so dass maximaler Tragekomfort garantiert ist. <\/p>\n<p>Durch den innenliegenden Magnetverschluss \u00f6ffnet sich die Hobo Bag zu einem grauen Innenfutter. Im Tascheninneren befinden sich zwei Steckf\u00e4cher, ein Rei\u00dfverschlussfach sowie ein Lederband mit Karabiner zum Anbringen von Schl\u00fcssel etc. Zudem befindet sich eine Au\u00dfentasche mit Rei\u00dfverschluss und CC-Anh\u00e4nger auf der Vorderseite der Tasche. Durch diese verspielten kleinen Details wird aus der komfortablen CHANEL Coco Pleats Hobo Bag ein stylischer Alltagsbegleiter.\n<\/p>\n<p>\n<strong>Very good condition:<\/strong><br \/>\nDiese CHANEL Coco Pleats Hobo Bag Handtasche aus zweiter Hand ist insgesamt in einem sehr guten Zustand. Das Kalbsleder inkl. der Ecken ist in einem gepflegten Zustand. Das Tascheninnere ist sauber, ohne Ger\u00fcche und weist keine L\u00f6cher\/Risse auf. Auch die silbernen Hardware-Akzente sind in einem sehr guten Zustand und teilweise noch mit Schutzfolie bedeckt.\n<\/p>\n<p>\n<strong>Style:<\/strong> Shoulder bag, crossbody<br \/>\n<strong>Size:<\/strong> Medium<br \/>\n<strong>Dimensions (approx.):<\/strong> Breite 41 cm * H\u00f6he 27 cm * Tiefe 4 cm<br \/>\n<strong>Shoulder chain:<\/strong> variabel von max. 126 cm bis min. 84 cm\n<\/p>\n<p>\n<strong>Exterior material:<\/strong> gestepptes Kalbsleder<br \/>\n<strong>Interior Material<\/strong> fabric lining\n<\/p>\n<p>The pictures represent the offered bag. The picture rights are held by MyLovelyBoutique.com. <\/p>\n<p>Follow us on <a href=\"https:\/\/www.instagram.com\/mylovelyboutique.de\/\" rel=\"noopener noreferrer\" target=\"_blank\"><span style=\"color: #e0adea\">Instagram<\/span><\/a> und lass Dich von unseren Outfit-Ideen inspirieren. <\/p>","protected":false},"excerpt":{"rendered":"<table class=\"mlb-product-details\">\n<tbody>\n<tr>\n<td class=\"mlb-details-caption\">Model<\/td>\n<td class=\"mlb-details-value\">Coco Pleats Hobo Bag<\/td>\n<\/tr>\n<tr>\n<td class=\"mlb-details-caption\">Colour<\/td>\n<td class=\"mlb-details-value\">Khaki<\/td>\n<\/tr>\n<tr>\n<td class=\"mlb-details-caption\">Hardware<\/td>\n<td class=\"mlb-details-value\">Silver with ruthenium finish<\/td>\n<\/tr>\n<tr>\n<td class=\"mlb-details-caption\">Year<\/td>\n<td class=\"mlb-details-value\">2012<\/td>\n<\/tr>\n<tr>\n<td class=\"mlb-details-caption\">Accessoires<\/td>\n<td class=\"mlb-details-value\">Dustbag, serialnumber with hologram<\/td>\n<\/tr>\n<tr>\n<td class=\"mlb-details-caption\">Condition<\/td>\n<td class=\"mlb-details-value\">Very good condition<\/td>\n<\/tr>\n<\/tbody>\n<\/table>","protected":false},"featured_media":9005,"template":"","meta":[],"product_brand":[],"product_cat":[1430,87,154,68,85,99],"product_tag":[102],"class_list":{"0":"post-9002","1":"product","2":"type-product","3":"status-publish","4":"has-post-thumbnail","6":"product_cat-chanel","7":"product_cat-crossbodytaschen","8":"product_cat-designer","9":"product_cat-handtaschen","10":"product_cat-schultertaschen","11":"product_cat-taschen","12":"product_tag-sale","13":"product_shipping_class-bis1000","15":"first","16":"outofstock","17":"sale","18":"sold-individually","19":"shipping-taxable","20":"purchasable","21":"product-type-simple"},"_links":{"self":[{"href":"https:\/\/baselle.com\/en\/wp-json\/wp\/v2\/product\/9002","targetHints":{"allow":["GET"]}}],"collection":[{"href":"https:\/\/baselle.com\/en\/wp-json\/wp\/v2\/product"}],"about":[{"href":"https:\/\/baselle.com\/en\/wp-json\/wp\/v2\/types\/product"}],"wp:featuredmedia":[{"embeddable":true,"href":"https:\/\/baselle.com\/en\/wp-json\/wp\/v2\/media\/9005"}],"wp:attachment":[{"href":"https:\/\/baselle.com\/en\/wp-json\/wp\/v2\/media?parent=9002"}],"wp:term":[{"taxonomy":"product_brand","embeddable":true,"href":"https:\/\/baselle.com\/en\/wp-json\/wp\/v2\/product_brand?post=9002"},{"taxonomy":"product_cat","embeddable":true,"href":"https:\/\/baselle.com\/en\/wp-json\/wp\/v2\/product_cat?post=9002"},{"taxonomy":"product_tag","embeddable":true,"href":"https:\/\/baselle.com\/en\/wp-json\/wp\/v2\/product_tag?post=9002"}],"curies":[{"name":"wp","href":"https:\/\/api.w.org\/{rel}","templated":true}]}}