{"id":8950,"date":"2018-10-25T20:18:13","date_gmt":"2018-10-25T18:18:13","guid":{"rendered":"https:\/\/baselle.com\/?post_type=product&#038;p=8950"},"modified":"2020-02-27T12:05:21","modified_gmt":"2020-02-27T11:05:21","slug":"chanel-patent-calfskin-quilted-classic-extra-mini-flap-bag-handtasche-original-second-hand","status":"publish","type":"product","link":"https:\/\/baselle.com\/en\/product\/chanel-patent-calfskin-quilted-classic-extra-mini-flap-bag-handtasche-original-second-hand\/","title":{"rendered":"CHANEL Extra Mini Flap Bag"},"content":{"rendered":"<p>\n<strong>CHANEL Classic Extra Mini Flap Bag Handtasche Beschreibung<\/strong><\/p>\n<p>Die originale CHANEL Classic Extra Mini Flap Bag Handtasche ist eine schicke und klassische Tasche im typisch zeitlosen Stil von Chanel. In ihrer kleinen Gr\u00f6\u00dfe eignet sie sich perfekt als Abendtasche sowie f\u00fcr besondere Anl\u00e4sse. Die Mini-Timeless ist aus gestepptem Kalbsleder gefertigt und verf\u00fcgt \u00fcber gewebte Kettenriemen, einem CC-Turnlock und silberne Hardware-Akzente mit Ruthenium-Finish.<\/p>\n<p>Der CC-Turnlock-Verschluss \u00f6ffnet sich zu einem grauen Lederfutter, aufgeteilt in zwei F\u00e4cher sowie ein Steckfach. Die Mini Flap Bag kann \u00fcber der Schulter sowie Crossbody getragen werden, so dass maximaler Tragekomfort garantiert ist. Eine komfortable und kompakte Handtasche, die Chanels klassisches Design verk\u00f6rpert.\n<\/p>\n<p>\n<strong>Very good condition:<\/strong><br \/>\nDiese CHANEL Classic Extra Mini Flap Bag Handtasche aus zweiter Hand ist insgesamt in einem sehr guten Zustand. Die Tasche wurde mit Sorgfalt getragen, weshalb das Patentleder in einem sehr gepflegten Zustand ist. Auch an den Ecken sind keinerlei Gebrauchspuren zu erkennen. Das Tascheninnere ist sauber, ohne Ger\u00fcche und weist keine L\u00f6cher\/Risse auf. Die silbernen Hardware-Akzente sind in einem guten Zustand und weisen am CC-Turnlock-Verschluss durch das \u00d6ffnen\/Verschlie\u00dfen der Tasche Mikrokratzer auf.\n<\/p>\n<p>\n<strong>Style:<\/strong> Shoulder bag, crossbody<br \/>\n<strong>Size:<\/strong> Extra Mini<br \/>\n<strong>Dimensions (approx.):<\/strong> Breite 17 cm * H\u00f6he 10 cm * Tiefe 6 cm<br \/>\n<strong>Shoulder chain:<\/strong> 119 cm\n<\/p>\n<p>\n<strong>Exterior material:<\/strong> calfskin leather<br \/>\n<strong>Interior Material<\/strong> leather\n<\/p>\n<p>The pictures represent the offered bag. The picture rights are held by MyLovelyBoutique.com. <\/p>\n<p>Follow us on <a href=\"https:\/\/www.instagram.com\/mylovelyboutique.de\/\" rel=\"noopener noreferrer\" target=\"_blank\"><span style=\"color: #e0adea\">Instagram<\/span><\/a> und lass Dich von unseren Outfit-Ideen inspirieren. <\/p>","protected":false},"excerpt":{"rendered":"<br \/>\n<table class=\"mlb-product-details\">\n<tbody>\n<tr>\n<td class=\"mlb-details-caption\">Model<\/td>\n<td class=\"mlb-details-value\">Classic Extra Mini Flap Bag Patent Calfskin<\/td>\n<\/tr>\n<tr>\n<td class=\"mlb-details-caption\">Colour<\/td>\n<td class=\"mlb-details-value\">Anthrazit\/Schlammgrau<\/td>\n<\/tr>\n<tr>\n<td class=\"mlb-details-caption\">Hardware<\/td>\n<td class=\"mlb-details-value\">Ruthenium<\/td>\n<\/tr>\n<tr>\n<td class=\"mlb-details-caption\">Year<\/td>\n<td class=\"mlb-details-value\">2014<\/td>\n<\/tr>\n<tr>\n<td class=\"mlb-details-caption\">Accessoires<\/td>\n<td class=\"mlb-details-value\">Staubbeutel, Seriennummer mit Hologramm, CC-Booklet<\/td>\n<\/tr>\n<tr>\n<td class=\"mlb-details-caption\">Condition<\/td>\n<td class=\"mlb-details-value\">Very good condition<\/td>\n<\/tr>\n<\/tbody>\n<\/table>","protected":false},"featured_media":8955,"template":"","meta":[],"product_brand":[],"product_cat":[1430,87,154,86,85,99],"product_tag":[],"class_list":{"0":"post-8950","1":"product","2":"type-product","3":"status-publish","4":"has-post-thumbnail","6":"product_cat-chanel","7":"product_cat-crossbodytaschen","8":"product_cat-designer","9":"product_cat-kleinetaschen","10":"product_cat-schultertaschen","11":"product_cat-taschen","12":"product_shipping_class-bis1000","14":"first","15":"outofstock","16":"sold-individually","17":"shipping-taxable","18":"purchasable","19":"product-type-simple"},"_links":{"self":[{"href":"https:\/\/baselle.com\/en\/wp-json\/wp\/v2\/product\/8950","targetHints":{"allow":["GET"]}}],"collection":[{"href":"https:\/\/baselle.com\/en\/wp-json\/wp\/v2\/product"}],"about":[{"href":"https:\/\/baselle.com\/en\/wp-json\/wp\/v2\/types\/product"}],"wp:featuredmedia":[{"embeddable":true,"href":"https:\/\/baselle.com\/en\/wp-json\/wp\/v2\/media\/8955"}],"wp:attachment":[{"href":"https:\/\/baselle.com\/en\/wp-json\/wp\/v2\/media?parent=8950"}],"wp:term":[{"taxonomy":"product_brand","embeddable":true,"href":"https:\/\/baselle.com\/en\/wp-json\/wp\/v2\/product_brand?post=8950"},{"taxonomy":"product_cat","embeddable":true,"href":"https:\/\/baselle.com\/en\/wp-json\/wp\/v2\/product_cat?post=8950"},{"taxonomy":"product_tag","embeddable":true,"href":"https:\/\/baselle.com\/en\/wp-json\/wp\/v2\/product_tag?post=8950"}],"curies":[{"name":"wp","href":"https:\/\/api.w.org\/{rel}","templated":true}]}}