{"id":8895,"date":"2018-10-21T17:59:17","date_gmt":"2018-10-21T15:59:17","guid":{"rendered":"https:\/\/baselle.com\/?post_type=product&#038;p=8895"},"modified":"2020-02-27T12:01:23","modified_gmt":"2020-02-27T11:01:23","slug":"louis-vuitton-pallas-sesame-handtasche-second-hand","status":"publish","type":"product","link":"https:\/\/baselle.com\/en\/product\/louis-vuitton-pallas-sesame-handtasche-second-hand\/","title":{"rendered":"Louis Vuitton Pallas"},"content":{"rendered":"<p>\n<strong>Louis Vuitton Pallas Monogram Canvas Handtasche Beschreibung<\/strong><\/p>\n<p>Die originale Louis Vuitton Pallas Monogram Canvas Handtasche vereint klassischen Stil mit moderner Funktionalit\u00e4t. Dieses Modell aus Monogram beschichtetem Canvas verf\u00fcgt \u00fcber farbige Kalbsleder-Akzente, sch\u00fctzende Taschenf\u00fc\u00dfe und goldfarbene Hardware. Die weichen Ledergriffe sowie der abnehmbare und verstellbare Schultergurt garantieren Dir maximalen Tragekomfort im Alltag.<\/p>\n<p>Der Zwei-Wege-Rei\u00dfverschluss an der Oberseite \u00f6ffnet sich zu einem sesamfarbenen Innenraum aus Mikrofaser mit drei Steckf\u00e4chern sowie einem D-Ring, an dem sich z.B. der Schl\u00fcsselbund griffbereit aufbewahren l\u00e4sst. Zus\u00e4tzlichen Stauraum bieten die zwei Einsteckf\u00e4cher jeweils auf der Vorder- und R\u00fcckseite dieser wundersch\u00f6nen Tote Bag von Louis Vuitton.  <\/p>\n<p>Der Neupreis dieser Tasche liegt aktuell bei 1940,00\u20ac.\n<\/p>\n<p>\n<strong>Very good condition:<\/strong><br \/>\nDiese Louis Vuitton Pallas Monogram Canvas Handtasche aus zweiter Hand ist insgesamt in einem sehr guten Zustand. Sie wurde wenig getragen und sehr pfleglich behandelt. Dementsprechend sind das beschichtete Canvas sowie das Kalbsleder in einem einwandfreien Zustand. Auch das Tascheninnere ist sauber und weist keine L\u00f6cher\/Risse auf. Die goldfarbene Hardware ist in einem sehr guten Zustand &#8211; Gebrauchspuren sind hier lediglich an den Taschenf\u00fc\u00dfchen erkennbar.\n<\/p>\n<p>\n<strong>Style:<\/strong> Shoulder bag, handbag<br \/>\n<strong>Size:<\/strong> NM<br \/>\n<strong>Dimensions (approx.):<\/strong> width 34 cm * height 26 cm * depth 13 cm\n<\/p>\n<p>\n<strong>Exterior material:<\/strong> Monogram Canvas; Griffe &amp; Seitenfalten aus Kalbsleder<br \/>\n<strong>Interior Material<\/strong> microfibre lining\n<\/p>\n<p>The pictures represent the offered bag. The picture rights are held by MyLovelyBoutique.com.<\/p>\n<p>Follow us on <a href=\"https:\/\/www.instagram.com\/mylovelyboutique.de\/\" target=\"_blank\" rel=\"noopener noreferrer\"><span style=\"color: #e0adea\">Instagram<\/span><\/a> und lass Dich von unseren Outfit-Ideen inspirieren.<\/p>","protected":false},"excerpt":{"rendered":"<table class=\"mlb-product-details\">\n<tbody>\n<tr>\n<td class=\"mlb-details-caption\">Model<\/td>\n<td class=\"mlb-details-value\">Pallas &#8211; Monogram Canvas S\u00e9same (M44268)<\/td>\n<\/tr>\n<tr>\n<td class=\"mlb-details-caption\">Colour<\/td>\n<td class=\"mlb-details-value\">Monogram Canvas\/Braun\/Sesam<\/td>\n<\/tr>\n<tr>\n<td class=\"mlb-details-caption\">Hardware<\/td>\n<td class=\"mlb-details-value\">Gold<\/td>\n<\/tr>\n<tr>\n<td class=\"mlb-details-caption\">Year<\/td>\n<td class=\"mlb-details-value\">2018<\/td>\n<\/tr>\n<tr>\n<td class=\"mlb-details-caption\">Accessoires<\/td>\n<td class=\"mlb-details-value\">Originalrechnung, Box, Staubbeutel, abnehmbarer Schulterriemen, LV-Materialinfo<\/td>\n<\/tr>\n<tr>\n<td class=\"mlb-details-caption\">Condition<\/td>\n<td class=\"mlb-details-value\">Very good condition<\/td>\n<\/tr>\n<\/tbody>\n<\/table>","protected":false},"featured_media":8916,"template":"","meta":[],"product_brand":[],"product_cat":[154,68,1431,85,99],"product_tag":[],"class_list":{"0":"post-8895","1":"product","2":"type-product","3":"status-publish","4":"has-post-thumbnail","6":"product_cat-designer","7":"product_cat-handtaschen","8":"product_cat-louisvuitton","9":"product_cat-schultertaschen","10":"product_cat-taschen","11":"product_shipping_class-bis1000","13":"first","14":"outofstock","15":"sale","16":"sold-individually","17":"shipping-taxable","18":"purchasable","19":"product-type-simple"},"_links":{"self":[{"href":"https:\/\/baselle.com\/en\/wp-json\/wp\/v2\/product\/8895","targetHints":{"allow":["GET"]}}],"collection":[{"href":"https:\/\/baselle.com\/en\/wp-json\/wp\/v2\/product"}],"about":[{"href":"https:\/\/baselle.com\/en\/wp-json\/wp\/v2\/types\/product"}],"wp:featuredmedia":[{"embeddable":true,"href":"https:\/\/baselle.com\/en\/wp-json\/wp\/v2\/media\/8916"}],"wp:attachment":[{"href":"https:\/\/baselle.com\/en\/wp-json\/wp\/v2\/media?parent=8895"}],"wp:term":[{"taxonomy":"product_brand","embeddable":true,"href":"https:\/\/baselle.com\/en\/wp-json\/wp\/v2\/product_brand?post=8895"},{"taxonomy":"product_cat","embeddable":true,"href":"https:\/\/baselle.com\/en\/wp-json\/wp\/v2\/product_cat?post=8895"},{"taxonomy":"product_tag","embeddable":true,"href":"https:\/\/baselle.com\/en\/wp-json\/wp\/v2\/product_tag?post=8895"}],"curies":[{"name":"wp","href":"https:\/\/api.w.org\/{rel}","templated":true}]}}