{"id":8429,"date":"2018-10-03T19:50:13","date_gmt":"2018-10-03T17:50:13","guid":{"rendered":"https:\/\/baselle.com\/?post_type=product&#038;p=8429"},"modified":"2020-02-27T12:05:16","modified_gmt":"2020-02-27T11:05:16","slug":"louis-vuitton-segur-monogram-canvas-handtasche-gebraucht","status":"publish","type":"product","link":"https:\/\/baselle.com\/en\/product\/louis-vuitton-segur-monogram-canvas-handtasche-gebraucht\/","title":{"rendered":"Louis Vuitton Segur"},"content":{"rendered":"<p>\n<strong>Louis Vuitton Segur Monogram Canvas Handtasche Beschreibung<\/strong><\/p>\n<p>Die originale Louis Vuitton Segur Monogram Canvas Handtasche ist eine stilvolle Schultertasche ideal f\u00fcr den t\u00e4glichen Gebrauch. Sie ist aus Louis Vuittons beliebtem Monogram-Canvas mit naturbelassenen Lederbes\u00e4tzen gefertigt und verf\u00fcgt \u00fcber raffinierte Falten, sch\u00fctzende Taschenf\u00fc\u00dfe sowie goldfarbene Hardware. Die weichen Ledergriffe sowie der abnehmbare Schultergurt garantieren Dir maximalen Tragekomfort im Alltag.<\/p>\n<p>Der Doppelrei\u00dfverschluss an der Oberseite \u00f6ffnet sich zu einem mit dunkelviolettem Stoff gef\u00fctterten Innenraum mit zwei Steckf\u00e4chern, in denen sich wichtige Dinge des t\u00e4glichen Bedarfs aufbewahren lassen. Die Louis Vuitton Segur ist eine zeitlose, luxuri\u00f6se sowie praktische Lieblingstasche f\u00fcr den Alltag.<\/p>\n<p>Der Neupreis dieser Tasche lag bei 1350,00\u20ac. Die Segur ist bei Louis Vuitton nicht mehr verf\u00fcgbar.\n<\/p>\n<p>\n<strong>Mint condition<\/strong><br \/>\nDiese Louis Vuitton Segur Handtasche aus zweiter Hand ist ungetragen. Dementsprechend ist sie in einem neuwertigen Zustand ohne Gebrauchspuren. Das Canvas, die Rindslederbes\u00e4tze, das Tascheninnere sowie die goldfarbene Hardware sind daher in einem einwandfreien Zustand.\n<\/p>\n<p>\n<strong>Style:<\/strong> Shoulder bag, handbag<br \/>\n<strong>Size:<\/strong> NM<br \/>\n<strong>Dimensions (approx.):<\/strong> Breite 37 cm * H\u00f6he 25 cm * Tiefe 15 cm\n<\/p>\n<p>\n<strong>Exterior material:<\/strong> Monogram Canvas; Bes\u00e4tze aus Rindsleder<br \/>\n<strong>Interior Material<\/strong> fabric lining\n<\/p>\n<p>The pictures represent the offered bag. The picture rights are held by MyLovelyBoutique.com.<\/p>\n<p>Follow us on <a href=\"https:\/\/www.instagram.com\/mylovelyboutique.de\/\" target=\"_blank\" rel=\"noopener noreferrer\"><span style=\"color: #e0adea;\">Instagram<\/span><\/a> und lass Dich von unseren Outfit-Ideen inspirieren.<\/p>","protected":false},"excerpt":{"rendered":"<table class=\"mlb-product-details\">\n<tbody>\n<tr>\n<td class=\"mlb-details-caption\">Model<\/td>\n<td class=\"mlb-details-value\">Segur &#8211; Monogram Canvas (M41632)<\/td>\n<\/tr>\n<tr>\n<td class=\"mlb-details-caption\">Colour<\/td>\n<td class=\"mlb-details-value\">Monogram Canvas\/Braun<\/td>\n<\/tr>\n<tr>\n<td class=\"mlb-details-caption\">Hardware<\/td>\n<td class=\"mlb-details-value\">Gold<\/td>\n<\/tr>\n<tr>\n<td class=\"mlb-details-caption\">Year<\/td>\n<td class=\"mlb-details-value\">2015<\/td>\n<\/tr>\n<tr>\n<td class=\"mlb-details-caption\">Accessoires<\/td>\n<td class=\"mlb-details-value\">Staubbeutel, abnehmbarer Schulterriemen, LV-Materialinfo<\/td>\n<\/tr>\n<tr>\n<td class=\"mlb-details-caption\">Condition<\/td>\n<td class=\"mlb-details-value\">Mint condition<\/td>\n<\/tr>\n<\/tbody>\n<\/table>","protected":false},"featured_media":8432,"template":"","meta":[],"product_brand":[],"product_cat":[154,68,1431,85,99],"product_tag":[],"class_list":{"0":"post-8429","1":"product","2":"type-product","3":"status-publish","4":"has-post-thumbnail","6":"product_cat-designer","7":"product_cat-handtaschen","8":"product_cat-louisvuitton","9":"product_cat-schultertaschen","10":"product_cat-taschen","11":"product_shipping_class-bis2500","13":"first","14":"outofstock","15":"sold-individually","16":"shipping-taxable","17":"purchasable","18":"product-type-simple"},"_links":{"self":[{"href":"https:\/\/baselle.com\/en\/wp-json\/wp\/v2\/product\/8429","targetHints":{"allow":["GET"]}}],"collection":[{"href":"https:\/\/baselle.com\/en\/wp-json\/wp\/v2\/product"}],"about":[{"href":"https:\/\/baselle.com\/en\/wp-json\/wp\/v2\/types\/product"}],"wp:featuredmedia":[{"embeddable":true,"href":"https:\/\/baselle.com\/en\/wp-json\/wp\/v2\/media\/8432"}],"wp:attachment":[{"href":"https:\/\/baselle.com\/en\/wp-json\/wp\/v2\/media?parent=8429"}],"wp:term":[{"taxonomy":"product_brand","embeddable":true,"href":"https:\/\/baselle.com\/en\/wp-json\/wp\/v2\/product_brand?post=8429"},{"taxonomy":"product_cat","embeddable":true,"href":"https:\/\/baselle.com\/en\/wp-json\/wp\/v2\/product_cat?post=8429"},{"taxonomy":"product_tag","embeddable":true,"href":"https:\/\/baselle.com\/en\/wp-json\/wp\/v2\/product_tag?post=8429"}],"curies":[{"name":"wp","href":"https:\/\/api.w.org\/{rel}","templated":true}]}}