{"id":8341,"date":"2018-10-02T17:22:59","date_gmt":"2018-10-02T15:22:59","guid":{"rendered":"https:\/\/baselle.com\/?post_type=product&#038;p=8341"},"modified":"2019-02-22T16:41:10","modified_gmt":"2019-02-22T15:41:10","slug":"louis-vuitton-marly-bb-2-epi-leder-handtasche-second-hand","status":"publish","type":"product","link":"https:\/\/baselle.com\/en\/product\/louis-vuitton-marly-bb-2-epi-leder-handtasche-second-hand\/","title":{"rendered":"Louis Vuitton Marly BB"},"content":{"rendered":"<p>\n<strong>Louis Vuitton Marly BB Epi Leder Handtasche Beschreibung<\/strong> <\/p>\n<p>Die originale Louis Vuitton Marly BB Epi Leder Handtasche besticht durch l\u00e4ssige Raffinesse und ist perfekt f\u00fcr die moderne Frau. Diese strukturierte Business-Tote ist aus robustem rotem Epi-Leder gefertigt und verf\u00fcgt \u00fcber eine eckige Silhouette. Weitere Merkmale dieses Modells sind das dezente LV-Logo, seitliche Druckkn\u00f6pfe, sch\u00fctzende Taschenf\u00fc\u00dfe sowie silberfarbene Hardware. Zudem garantieren die weichen Ledergriffe sowie der abnehmbare Schultergurt maximalen Tragekomfort im Alltag. <\/p>\n<p>Durch den versteckten Magnetverschluss l\u00e4sst sich die Louis Vuitton Marly BB zu einem rotfarbenen Innenfutter aus Mikrofaser \u00f6ffnen. Im Tascheninneren befindet sich ein Rei\u00dfverschlussfach sowie zwei Einsteckf\u00e4cher, die perfekt f\u00fcr das Aufbewahren Deiner wichtigsten Dinge sind. Ein elegantes Lieblingsst\u00fcck f\u00fcr den t\u00e4glichen Gebrauch.\n<\/p>\n<p>\n<strong>Good condition:<\/strong><br \/>\nDiese gebrauchte Louis Vuitton Marly BB wurde gerne getragen. Dementsprechend sind Gebrauchspuren entstanden in Form von Abrieb an den Ecken. Das Tascheninnere ist in einem sehr guten Zustand, es ist sauber und weist keine L\u00f6cher\/Risse auf. Die silberne Hardware ist ebenfalls in einem sehr guten Zustand.\n<\/p>\n<p>\n<strong>Style:<\/strong> Schulter-\/Handtasche\/Tote\/Crossbody<br \/>\n<strong>Size:<\/strong> BB<br \/>\n<strong>Dimensions (approx.):<\/strong> Breite 32 cm * H\u00f6he 20 cm * Tiefe 12,5 cm\n<\/p>\n<p>\n<strong>Exterior material:<\/strong> Genarbtes Epi Rindsleder<br \/>\n<strong>Interior Material<\/strong> microfibre lining\n<\/p>\n<p>Die Bilder stellen die angebotene Tasche dar und sind Eigentum von MyLovelyBoutique.com. Der Taschenanh\u00e4nger ist NICHT Teil des Angebots.<\/p>\n<p>Follow us on <a href=\"https:\/\/www.instagram.com\/mylovelyboutique.de\/\" rel=\"noopener\" target=\"_blank\"><span style=\"color: #e0adea;\">Instagram<\/span><\/a> und lass Dich von unseren Outfit-Ideen inspirieren. <\/p>","protected":false},"excerpt":{"rendered":"<table class=\"mlb-product-details\">\n<tbody>\n<tr>\n<td class=\"mlb-details-caption\">Model<\/td>\n<td class=\"mlb-details-value\">Marly BB &#8211; Epi Leder Coquelicot (M94619)<\/td>\n<\/tr>\n<tr>\n<td class=\"mlb-details-caption\">Colour<\/td>\n<td class=\"mlb-details-value\">Rot\/Coquelicot (Mohnblumen Rot)<\/td>\n<\/tr>\n<tr>\n<td class=\"mlb-details-caption\">Hardware<\/td>\n<td class=\"mlb-details-value\">Silver<\/td>\n<\/tr>\n<tr>\n<td class=\"mlb-details-caption\">Year<\/td>\n<td class=\"mlb-details-value\">2014<\/td>\n<\/tr>\n<tr>\n<td class=\"mlb-details-caption\">Accessoires<\/td>\n<td class=\"mlb-details-value\">Dustbag, LV material info, removable shoulder strap<\/td>\n<\/tr>\n<tr>\n<td class=\"mlb-details-caption\">Condition<\/td>\n<td class=\"mlb-details-value\">Good condition<\/td>\n<\/tr>\n<\/tbody>\n<\/table>","protected":false},"featured_media":8345,"template":"","meta":[],"product_brand":[],"product_cat":[87,154,68,86,1431,99],"product_tag":[],"class_list":{"0":"post-8341","1":"product","2":"type-product","3":"status-publish","4":"has-post-thumbnail","6":"product_cat-crossbodytaschen","7":"product_cat-designer","8":"product_cat-handtaschen","9":"product_cat-kleinetaschen","10":"product_cat-louisvuitton","11":"product_cat-taschen","12":"product_shipping_class-bis2500","14":"first","15":"outofstock","16":"sold-individually","17":"shipping-taxable","18":"purchasable","19":"product-type-simple"},"_links":{"self":[{"href":"https:\/\/baselle.com\/en\/wp-json\/wp\/v2\/product\/8341","targetHints":{"allow":["GET"]}}],"collection":[{"href":"https:\/\/baselle.com\/en\/wp-json\/wp\/v2\/product"}],"about":[{"href":"https:\/\/baselle.com\/en\/wp-json\/wp\/v2\/types\/product"}],"wp:featuredmedia":[{"embeddable":true,"href":"https:\/\/baselle.com\/en\/wp-json\/wp\/v2\/media\/8345"}],"wp:attachment":[{"href":"https:\/\/baselle.com\/en\/wp-json\/wp\/v2\/media?parent=8341"}],"wp:term":[{"taxonomy":"product_brand","embeddable":true,"href":"https:\/\/baselle.com\/en\/wp-json\/wp\/v2\/product_brand?post=8341"},{"taxonomy":"product_cat","embeddable":true,"href":"https:\/\/baselle.com\/en\/wp-json\/wp\/v2\/product_cat?post=8341"},{"taxonomy":"product_tag","embeddable":true,"href":"https:\/\/baselle.com\/en\/wp-json\/wp\/v2\/product_tag?post=8341"}],"curies":[{"name":"wp","href":"https:\/\/api.w.org\/{rel}","templated":true}]}}