{"id":7931,"date":"2018-09-03T17:23:13","date_gmt":"2018-09-03T15:23:13","guid":{"rendered":"https:\/\/baselle.com\/?post_type=product&#038;p=7931"},"modified":"2020-02-27T12:08:32","modified_gmt":"2020-02-27T11:08:32","slug":"louis-vuitton-romance-monogram-idylle-handtasche-gebraucht","status":"publish","type":"product","link":"https:\/\/baselle.com\/en\/product\/louis-vuitton-romance-monogram-idylle-handtasche-gebraucht\/","title":{"rendered":"Louis Vuitton Romance"},"content":{"rendered":"<p>\n<strong>Louis Vuitton Romance Monogram Idylle Handtasche Beschreibung<\/strong><\/p>\n<p>Die originale Louis Vuitton Romance Monogram Idylle Handtasche ist durch ihr federleichtes Gewicht eine tolle Begleitung f\u00fcr den ganzt\u00e4gigen Stadtbummel. Sie ist aus rotbraunem Monogramm-Idylle Stoff gefertigt und verf\u00fcgt \u00fcber seitliche Steckf\u00e4cher, einen verstellbaren Schulterriemen und goldfarbene Hardware-Akzente. <\/p>\n<p>Der gravierte Push-Lock-Verschluss sowie ein magnetischer Druckknopfverschluss \u00f6ffnen sich zu einem mit braunen Stoff ausgekleideten Tascheninneren. Zwei Einsteckf\u00e4cher sowie ein D-Ring eignen sich perfekt f\u00fcr das Aufbewahren Deiner wichtigsten Dinge. Der Schulterriemen ist f\u00fcnffach verstellbar und bietet Dir maximalen Tragekomfort sowohl \u00fcber der Winterjacke sowie \u00fcber das Sommerkleid. Dies macht die Louis Vuitton Romance Mon. Idylle zum Lieblingsst\u00fcck f\u00fcr den t\u00e4glichen Gebrauch!\n<\/p>\n<p>\n<strong>Mint condition<\/strong><br \/>\nDie Louis Vuitton Romance Monogram Idylle Handtasche wurde nicht getragen. Dementsprechend ist sie in einem neuwertigen Zustand ohne Gebrauchspuren. Der Idylle Stoff, die Rindslederbes\u00e4tze sowie die goldfarbene Hardware sind daher in einem einwandfreien Zustand.\n<\/p>\n<p>\n<strong>Style:<\/strong> Shoulder bag<br \/>\n<strong>Size:<\/strong> MM<br \/>\n<strong>Dimensions (approx.):<\/strong> Breite 43 cm * H\u00f6he 41 cm * Tiefe 9 cm\n<\/p>\n<p>\n<strong>Exterior material:<\/strong> Monogram Idylle Stoff; Bes\u00e4tze aus Rindsleder<br \/>\n<strong>Interior Material<\/strong> fabric lining\n<\/p>\n<p>The pictures represent the offered bag. The picture rights are held by MyLovelyBoutique.com.<\/p>\n<p>Follow us on <a href=\"https:\/\/www.instagram.com\/mylovelyboutique.de\/\" target=\"_blank\" rel=\"noopener noreferrer\"><span style=\"color: #e0adea;\">Instagram<\/span><\/a> und lass Dich von unseren Outfit-Ideen inspirieren.<\/p>","protected":false},"excerpt":{"rendered":"<table class=\"mlb-product-details\">\n<tbody>\n<tr>\n<td class=\"mlb-details-caption\">Model<\/td>\n<td class=\"mlb-details-value\">Romance Monogram Idylle Sepia (M56701)<\/td>\n<\/tr>\n<tr>\n<td class=\"mlb-details-caption\">Colour<\/td>\n<td class=\"mlb-details-value\">Sepia\/Rotbraun-Rosa<\/td>\n<\/tr>\n<tr>\n<td class=\"mlb-details-caption\">Hardware<\/td>\n<td class=\"mlb-details-value\">Gold<\/td>\n<\/tr>\n<tr>\n<td class=\"mlb-details-caption\">Year<\/td>\n<td class=\"mlb-details-value\">2009<\/td>\n<\/tr>\n<tr>\n<td class=\"mlb-details-caption\">Accessoires<\/td>\n<td class=\"mlb-details-value\">Box<\/td>\n<\/tr>\n<tr>\n<td class=\"mlb-details-caption\">Condition<\/td>\n<td class=\"mlb-details-value\">Mint condition<\/td>\n<\/tr>\n<\/tbody>\n<\/table>","protected":false},"featured_media":7932,"template":"","meta":[],"product_brand":[],"product_cat":[154,1431,85,99],"product_tag":[],"class_list":{"0":"post-7931","1":"product","2":"type-product","3":"status-publish","4":"has-post-thumbnail","6":"product_cat-designer","7":"product_cat-louisvuitton","8":"product_cat-schultertaschen","9":"product_cat-taschen","10":"product_shipping_class-bis2500","12":"first","13":"outofstock","14":"sold-individually","15":"shipping-taxable","16":"purchasable","17":"product-type-simple"},"_links":{"self":[{"href":"https:\/\/baselle.com\/en\/wp-json\/wp\/v2\/product\/7931","targetHints":{"allow":["GET"]}}],"collection":[{"href":"https:\/\/baselle.com\/en\/wp-json\/wp\/v2\/product"}],"about":[{"href":"https:\/\/baselle.com\/en\/wp-json\/wp\/v2\/types\/product"}],"wp:featuredmedia":[{"embeddable":true,"href":"https:\/\/baselle.com\/en\/wp-json\/wp\/v2\/media\/7932"}],"wp:attachment":[{"href":"https:\/\/baselle.com\/en\/wp-json\/wp\/v2\/media?parent=7931"}],"wp:term":[{"taxonomy":"product_brand","embeddable":true,"href":"https:\/\/baselle.com\/en\/wp-json\/wp\/v2\/product_brand?post=7931"},{"taxonomy":"product_cat","embeddable":true,"href":"https:\/\/baselle.com\/en\/wp-json\/wp\/v2\/product_cat?post=7931"},{"taxonomy":"product_tag","embeddable":true,"href":"https:\/\/baselle.com\/en\/wp-json\/wp\/v2\/product_tag?post=7931"}],"curies":[{"name":"wp","href":"https:\/\/api.w.org\/{rel}","templated":true}]}}