{"id":7866,"date":"2018-08-28T14:00:52","date_gmt":"2018-08-28T12:00:52","guid":{"rendered":"https:\/\/baselle.com\/?post_type=product&#038;p=7866"},"modified":"2020-02-27T12:08:26","modified_gmt":"2020-02-27T11:08:26","slug":"chanel-timeless-jumbo","status":"publish","type":"product","link":"https:\/\/baselle.com\/en\/product\/chanel-timeless-jumbo\/","title":{"rendered":"CHANEL Timeless Jumbo"},"content":{"rendered":"<p>\nVery good condition:<br \/>\nDas Leder &#8211; auch die Ecken &#8211; sind in einem sehr guten Zustand. Das Tascheninnere ist sauber und weist keine L\u00f6cher\/Risse auf. Die goldene Hardware ist ebenfalls in einem hervorragenden Zustand.\n<\/p>\n<p>\nStil: Schultertasche\/Crossbody Tasche<br \/>\nHandtaschengr\u00f6\u00dfe: Jumbo<br \/>\nMa\u00dfe (ca.): B30cm*H20cm*T9,5cm<br \/>\nTr\u00e4gerl\u00e4nge: einfach=133cm, doppelt=78cm\n<\/p>\n<p>\nObermaterial: Lammleder<br \/>\nInnenmaterial: Lammleder\n<\/p>\n<p>\nDie Chanel Timeless ist DER Klassiker von CHANEL und in der Jumbo Gr\u00f6\u00dfe eine praktische und zeitlose Tasche f\u00fcr B\u00fcro und Alltag.<br \/>\nDie Kette ist in der L\u00e4nge verstellbar, so dass die Tasche lang oder kurz \u00fcber der Schulter sowie Crossbody getragen werden kann. Das Tascheninnere teilt sich auf in ein gro\u00dfes Hauptfach, ein Steckfach und ein Rei\u00dfverschlu\u00dfinnenfach. Eine praktische aufgesetzte Au\u00dfentasche ist am Taschenr\u00fccken vorhanden.<br \/>\nVerschlossen wird die Chanel Timeless durch das typische CC-Turnlock.<\/p>","protected":false},"excerpt":{"rendered":"<table class=\"mlb-product-details\">\n<tbody>\n<tr>\n<td class=\"mlb-details-caption\">Model<\/td>\n<td class=\"mlb-details-value\">Timeless Classic Flap Bag Jumbo<\/td>\n<\/tr>\n<tr>\n<td class=\"mlb-details-caption\">Colour<\/td>\n<td class=\"mlb-details-value\">Black<\/td>\n<\/tr>\n<tr>\n<td class=\"mlb-details-caption\">Hardware<\/td>\n<td class=\"mlb-details-value\">Gold<\/td>\n<\/tr>\n<tr>\n<td class=\"mlb-details-caption\">Year<\/td>\n<td class=\"mlb-details-value\">2009<\/td>\n<\/tr>\n<tr>\n<td class=\"mlb-details-caption\">Accessoires<\/td>\n<td class=\"mlb-details-value\">Box, Staubbeutel, Authentizit\u00e4tskarte, Seriennummer mit Hologramm, CC-Booklet<\/td>\n<\/tr>\n<tr>\n<td class=\"mlb-details-caption\">Condition<\/td>\n<td class=\"mlb-details-value\">Very good condition<\/td>\n<\/tr>\n<\/tbody>\n<\/table>","protected":false},"featured_media":7869,"template":"","meta":[],"product_brand":[],"product_cat":[1430,87,154,85,99],"product_tag":[],"class_list":{"0":"post-7866","1":"product","2":"type-product","3":"status-publish","4":"has-post-thumbnail","6":"product_cat-chanel","7":"product_cat-crossbodytaschen","8":"product_cat-designer","9":"product_cat-schultertaschen","10":"product_cat-taschen","12":"first","13":"outofstock","14":"sold-individually","15":"shipping-taxable","16":"purchasable","17":"product-type-simple"},"_links":{"self":[{"href":"https:\/\/baselle.com\/en\/wp-json\/wp\/v2\/product\/7866","targetHints":{"allow":["GET"]}}],"collection":[{"href":"https:\/\/baselle.com\/en\/wp-json\/wp\/v2\/product"}],"about":[{"href":"https:\/\/baselle.com\/en\/wp-json\/wp\/v2\/types\/product"}],"wp:featuredmedia":[{"embeddable":true,"href":"https:\/\/baselle.com\/en\/wp-json\/wp\/v2\/media\/7869"}],"wp:attachment":[{"href":"https:\/\/baselle.com\/en\/wp-json\/wp\/v2\/media?parent=7866"}],"wp:term":[{"taxonomy":"product_brand","embeddable":true,"href":"https:\/\/baselle.com\/en\/wp-json\/wp\/v2\/product_brand?post=7866"},{"taxonomy":"product_cat","embeddable":true,"href":"https:\/\/baselle.com\/en\/wp-json\/wp\/v2\/product_cat?post=7866"},{"taxonomy":"product_tag","embeddable":true,"href":"https:\/\/baselle.com\/en\/wp-json\/wp\/v2\/product_tag?post=7866"}],"curies":[{"name":"wp","href":"https:\/\/api.w.org\/{rel}","templated":true}]}}