{"id":7834,"date":"2018-09-03T15:47:14","date_gmt":"2018-09-03T13:47:14","guid":{"rendered":"https:\/\/baselle.com\/?post_type=product&#038;p=7834"},"modified":"2019-02-22T16:41:13","modified_gmt":"2019-02-22T15:41:13","slug":"louis-vuitton-speedy-30-roses-limited-edition-stephen-sprouse-handtasche-1","status":"publish","type":"product","link":"https:\/\/baselle.com\/en\/product\/louis-vuitton-speedy-30-roses-limited-edition-stephen-sprouse-handtasche-1\/","title":{"rendered":"Louis Vuitton Speedy Roses"},"content":{"rendered":"<p>\nVery good condition:<br \/>\nDas Monogram Canvas ist in einem sehr guten Zustand. An den Taschenhenkeln ist das naturbelassene Rindsleder nachgedunkelt. Das Tascheninnere ist sauber und weist keine L\u00f6cher\/Risse auf. Die goldene Hardware ist in einem guten Zustand.\n<\/p>\n<p>\nStil: Handtasche<br \/>\nHandtaschengr\u00f6\u00dfe: Mittel<br \/>\nMa\u00dfe (ca.): B30cm*H21cm*T17cm\n<\/p>\n<p>\nObermaterial: Monogram Canvas<br \/>\nInnenmaterial: Textilinnenfutter\n<\/p>\n<p>\nDie Speedy aus der limitierten Stephen Sprouse Kollektion mit dem wundersch\u00f6n verspielten Rosen-Motiv war sofort in allen Stores ausverkauft. Sie ist neben der Louis Vuitton Speedy Watercolor noch heute eine der begehrtesten und Most-Wanted-Bags ihres Modells.<br \/> <br \/>\nNeben der Neverfull geh\u00f6rt die Speedy zu den Klassikern unter den Louis Vuitton Taschen &#8211; sie ist ein zeitloser, luxuri\u00f6ser und zugleich praktischer Alltagsbegleiter. Das ger\u00e4umige Tascheninnere teilt sich auf in ein gro\u00dfes Hauptfach sowie ein Steckfach.<\/p>","protected":false},"excerpt":{"rendered":"<table class=\"mlb-product-details\">\n<tbody>\n<tr>\n<td class=\"mlb-details-caption\">Model<\/td>\n<td class=\"mlb-details-value\">Speedy 30 Roses Limited Edition Stephen Sprouse (M48610)<\/td>\n<\/tr>\n<tr>\n<td class=\"mlb-details-caption\">Colour<\/td>\n<td class=\"mlb-details-value\">Braun\/Bunt<\/td>\n<\/tr>\n<tr>\n<td class=\"mlb-details-caption\">Hardware<\/td>\n<td class=\"mlb-details-value\">Gold<\/td>\n<\/tr>\n<tr>\n<td class=\"mlb-details-caption\">Year<\/td>\n<td class=\"mlb-details-value\">2009<\/td>\n<\/tr>\n<tr>\n<td class=\"mlb-details-caption\">Accessoires<\/td>\n<td class=\"mlb-details-value\">Rechnungskopie (mit geschw\u00e4rzten Daten), Staubbeutel, Schloss + Schl\u00fcssel, LV-Booklet<\/td>\n<\/tr>\n<tr>\n<td class=\"mlb-details-caption\">Condition<\/td>\n<td class=\"mlb-details-value\">Very good condition<\/td>\n<\/tr>\n<\/tbody>\n<\/table>","protected":false},"featured_media":7909,"template":"","meta":[],"product_brand":[],"product_cat":[154,68,1431,99],"product_tag":[],"class_list":{"0":"post-7834","1":"product","2":"type-product","3":"status-publish","4":"has-post-thumbnail","6":"product_cat-designer","7":"product_cat-handtaschen","8":"product_cat-louisvuitton","9":"product_cat-taschen","10":"product_shipping_class-bis1000","12":"first","13":"outofstock","14":"sold-individually","15":"shipping-taxable","16":"purchasable","17":"product-type-simple"},"_links":{"self":[{"href":"https:\/\/baselle.com\/en\/wp-json\/wp\/v2\/product\/7834","targetHints":{"allow":["GET"]}}],"collection":[{"href":"https:\/\/baselle.com\/en\/wp-json\/wp\/v2\/product"}],"about":[{"href":"https:\/\/baselle.com\/en\/wp-json\/wp\/v2\/types\/product"}],"wp:featuredmedia":[{"embeddable":true,"href":"https:\/\/baselle.com\/en\/wp-json\/wp\/v2\/media\/7909"}],"wp:attachment":[{"href":"https:\/\/baselle.com\/en\/wp-json\/wp\/v2\/media?parent=7834"}],"wp:term":[{"taxonomy":"product_brand","embeddable":true,"href":"https:\/\/baselle.com\/en\/wp-json\/wp\/v2\/product_brand?post=7834"},{"taxonomy":"product_cat","embeddable":true,"href":"https:\/\/baselle.com\/en\/wp-json\/wp\/v2\/product_cat?post=7834"},{"taxonomy":"product_tag","embeddable":true,"href":"https:\/\/baselle.com\/en\/wp-json\/wp\/v2\/product_tag?post=7834"}],"curies":[{"name":"wp","href":"https:\/\/api.w.org\/{rel}","templated":true}]}}