{"id":7822,"date":"2018-08-27T20:27:06","date_gmt":"2018-08-27T18:27:06","guid":{"rendered":"https:\/\/baselle.com\/?post_type=product&#038;p=7822"},"modified":"2020-01-05T20:00:44","modified_gmt":"2020-01-05T19:00:44","slug":"chanel-tweed-rocket-bag","status":"publish","type":"product","link":"https:\/\/baselle.com\/en\/product\/chanel-tweed-rocket-bag\/","title":{"rendered":"CHANEL Tweed Rocket Bag"},"content":{"rendered":"<p>\n<strong>CHANEL Tweed Rocket Bag Handtasche Beschreibung<\/strong><\/p>\n<p>Die originale CHANEL Tweed Rocket Bag Handtasche ist eine Rarit\u00e4t aus der CHANEL Fall\/Winter Collection 2017.<br \/>\nDas zart schimmernde Tweed sowie die vorne aufgesetztes Space Rakete zaubern aus einer komfortablen Shopping Bag einen wahrhaften Eyecatcher. Durch kleine Details wie die Fransen und die Kette am oberen Taschenrand im typischen Chanel-Stil verleiht die Rocket Bag selbst einem noch so schlichten Outfit das gewisse Etwas.<\/p>\n<p>Im Tascheninneren aus silberfarbener Seide befindet sich ein Steckfach zum Aufbewahren wichtiger Dinge des t\u00e4glichen Bedarfs. <\/p>\n<p>Nicht nur der robuste Tweedstoff sowie das federleichte Gewicht sprechen f\u00fcr diese Chanel Tasche, auch auf Reisen kann sie praktisch verstaut werden ohne viel Platz im Koffer zu beanspruchen. Ihre Gr\u00f6\u00dfe bietet dennoch mehr als genug Stauraum f\u00fcr alles, was Frau ben\u00f6tigt: Die Tweed Rocket Bag ist somit DIE perfekte Tasche f\u00fcr jeden Tag.\n<\/p>\n<p>\n<strong>Mint condition<\/strong><br \/>\nDiese CHANEL Tweed Rocket Bag Handtasche ist ungetragen. Dementsprechend ist sie in einem neuwertigen Zustand ohne Gebrauchspuren. Der schimmernde Tweedstoff sowie das Tascheninnere sind daher in einem einwandfreien Zustand. Auch die silberfarbene Hardware, die Schmuckperlen sowie das Harz sind in einem hervorragenden Zustand.\n<\/p>\n<p>\n<strong>Style:<\/strong> Shoulder bag<br \/>\n<strong>Size:<\/strong> Large<br \/>\n<strong>Dimensions (approx.):<\/strong> Breite 40 cm * H\u00f6he 38 cm * Tiefe 2 cm\n<\/p>\n<p>\n<strong>Exterior material:<\/strong> Tweed, Harz, Strass, Metall<br \/>\n<strong>Interior Material<\/strong> silk\n<\/p>\n<p>The pictures represent the offered bag. The picture rights are held by MyLovelyBoutique.com.<\/p>\n<p>Follow us on <a href=\"https:\/\/www.instagram.com\/mylovelyboutique.de\/\" target=\"_blank\" rel=\"noopener noreferrer\"><span style=\"color: #e0adea;\">Instagram<\/span><\/a> und lass Dich von unseren Outfit-Ideen inspirieren.<\/p>","protected":false},"excerpt":{"rendered":"<table class=\"mlb-product-details\">\n<tbody>\n<tr>\n<td class=\"mlb-details-caption\">Model<\/td>\n<td class=\"mlb-details-value\">Rocket Grand Shopping Tweed Bag<\/td>\n<\/tr>\n<tr>\n<td class=\"mlb-details-caption\">Colour<\/td>\n<td class=\"mlb-details-value\">Black<\/td>\n<\/tr>\n<tr>\n<td class=\"mlb-details-caption\">Hardware<\/td>\n<td class=\"mlb-details-value\">Silver<\/td>\n<\/tr>\n<tr>\n<td class=\"mlb-details-caption\">Year<\/td>\n<td class=\"mlb-details-value\">2017<\/td>\n<\/tr>\n<tr>\n<td class=\"mlb-details-caption\">Accessoires<\/td>\n<td class=\"mlb-details-value\">Staubbeutel, Originalrechnung, Authentizit\u00e4tskarte, Seriennummer mit Hologramm<\/td>\n<\/tr>\n<tr>\n<td class=\"mlb-details-caption\">Condition<\/td>\n<td class=\"mlb-details-value\">Mint condition<\/td>\n<\/tr>\n<\/tbody>\n<\/table>","protected":false},"featured_media":7864,"template":"","meta":[],"product_brand":[],"product_cat":[1430,154,85,99],"product_tag":[],"class_list":{"0":"post-7822","1":"product","2":"type-product","3":"status-publish","4":"has-post-thumbnail","6":"product_cat-chanel","7":"product_cat-designer","8":"product_cat-schultertaschen","9":"product_cat-taschen","10":"product_shipping_class-bis1000","12":"first","13":"outofstock","14":"sold-individually","15":"shipping-taxable","16":"purchasable","17":"product-type-simple"},"_links":{"self":[{"href":"https:\/\/baselle.com\/en\/wp-json\/wp\/v2\/product\/7822","targetHints":{"allow":["GET"]}}],"collection":[{"href":"https:\/\/baselle.com\/en\/wp-json\/wp\/v2\/product"}],"about":[{"href":"https:\/\/baselle.com\/en\/wp-json\/wp\/v2\/types\/product"}],"wp:featuredmedia":[{"embeddable":true,"href":"https:\/\/baselle.com\/en\/wp-json\/wp\/v2\/media\/7864"}],"wp:attachment":[{"href":"https:\/\/baselle.com\/en\/wp-json\/wp\/v2\/media?parent=7822"}],"wp:term":[{"taxonomy":"product_brand","embeddable":true,"href":"https:\/\/baselle.com\/en\/wp-json\/wp\/v2\/product_brand?post=7822"},{"taxonomy":"product_cat","embeddable":true,"href":"https:\/\/baselle.com\/en\/wp-json\/wp\/v2\/product_cat?post=7822"},{"taxonomy":"product_tag","embeddable":true,"href":"https:\/\/baselle.com\/en\/wp-json\/wp\/v2\/product_tag?post=7822"}],"curies":[{"name":"wp","href":"https:\/\/api.w.org\/{rel}","templated":true}]}}