{"id":7821,"date":"2018-08-25T17:27:43","date_gmt":"2018-08-25T15:27:43","guid":{"rendered":"https:\/\/baselle.com\/?post_type=product&#038;p=7821"},"modified":"2020-02-27T12:08:39","modified_gmt":"2020-02-27T11:08:39","slug":"louis-vuitton-tambourine","status":"publish","type":"product","link":"https:\/\/baselle.com\/en\/product\/louis-vuitton-tambourine\/","title":{"rendered":"Louis Vuitton Tambourine"},"content":{"rendered":"<p>\nVery good condition:<br \/>\nDas Monogram Canvas ist in einem sehr guten Zustand. Das naturbelassene Rindsleder hat eine gleichm\u00e4\u00dfige Patina gebildet. Das Tascheninnere ist sauber und weist keine L\u00f6cher\/Risse auf.\n<\/p>\n<p>\nStil: Schultertasche\/Crossbody Tasche<br \/>\nHandtaschengr\u00f6\u00dfe: PM<br \/>\nMa\u00dfe (ca.): B18cm*H17cm*T8cm\n<\/p>\n<p>\nObermaterial: Monogram Canvas; Besatz aus Rindsleder<br \/>\nInnenmaterial: Mikrofaserinnenfutter\n<\/p>\n<p>\nDie Louis Vuitton Tambourine ist eine zeitlose und kompakte Tasche, die heute noch wie damals gefragt ist und zu den absoluten Louis Vuitton Vintage Favoriten geh\u00f6rt. Grund daf\u00fcr ist nicht nur ihre s\u00fc\u00dfe rundliche Form &#8211; auch der siebenfach verstellbare Lederriemen erm\u00f6glicht ein super bequemes flexibles Tragen: Ob crossbody auf angesagter H\u00fcfth\u00f6he oder doch bequem unterhalb der H\u00fcfte, ob im Sommer \u00fcber ein Kleidchen oder \u00fcber eine dickere Winterjacke &#8211; diese Tasche wird in jedem Fall zu Deinem Liebling.<br \/>\nGe\u00f6ffnet wird die Tambourine durch einen \u00dcberschlag. Das Tascheninnere ist in ein Hauptfach und ein kleines Einsteckfach aufgeteilt.<\/p>","protected":false},"excerpt":{"rendered":"<table class=\"mlb-product-details\">\n<tbody>\n<tr>\n<td class=\"mlb-details-caption\">Model<\/td>\n<td class=\"mlb-details-value\">Tambourine &#8211; Monogram Canvas (M51179)<\/td>\n<\/tr>\n<tr>\n<td class=\"mlb-details-caption\">Colour<\/td>\n<td class=\"mlb-details-value\">Monogram Canvas\/Braun<\/td>\n<\/tr>\n<tr>\n<td class=\"mlb-details-caption\">Hardware<\/td>\n<td class=\"mlb-details-value\">Gold<\/td>\n<\/tr>\n<tr>\n<td class=\"mlb-details-caption\">Year<\/td>\n<td class=\"mlb-details-value\">2006<\/td>\n<\/tr>\n<tr>\n<td class=\"mlb-details-caption\">Accessoires<\/td>\n<td class=\"mlb-details-value\">&#8211;<\/td>\n<\/tr>\n<tr>\n<td class=\"mlb-details-caption\">Condition<\/td>\n<td class=\"mlb-details-value\">Very good condition<\/td>\n<\/tr>\n<\/tbody>\n<\/table>","protected":false},"featured_media":7851,"template":"","meta":[],"product_brand":[],"product_cat":[87,154,86,1431,99],"product_tag":[],"class_list":{"0":"post-7821","1":"product","2":"type-product","3":"status-publish","4":"has-post-thumbnail","6":"product_cat-crossbodytaschen","7":"product_cat-designer","8":"product_cat-kleinetaschen","9":"product_cat-louisvuitton","10":"product_cat-taschen","11":"product_shipping_class-bis2500","13":"first","14":"outofstock","15":"sold-individually","16":"shipping-taxable","17":"purchasable","18":"product-type-simple"},"_links":{"self":[{"href":"https:\/\/baselle.com\/en\/wp-json\/wp\/v2\/product\/7821","targetHints":{"allow":["GET"]}}],"collection":[{"href":"https:\/\/baselle.com\/en\/wp-json\/wp\/v2\/product"}],"about":[{"href":"https:\/\/baselle.com\/en\/wp-json\/wp\/v2\/types\/product"}],"wp:featuredmedia":[{"embeddable":true,"href":"https:\/\/baselle.com\/en\/wp-json\/wp\/v2\/media\/7851"}],"wp:attachment":[{"href":"https:\/\/baselle.com\/en\/wp-json\/wp\/v2\/media?parent=7821"}],"wp:term":[{"taxonomy":"product_brand","embeddable":true,"href":"https:\/\/baselle.com\/en\/wp-json\/wp\/v2\/product_brand?post=7821"},{"taxonomy":"product_cat","embeddable":true,"href":"https:\/\/baselle.com\/en\/wp-json\/wp\/v2\/product_cat?post=7821"},{"taxonomy":"product_tag","embeddable":true,"href":"https:\/\/baselle.com\/en\/wp-json\/wp\/v2\/product_tag?post=7821"}],"curies":[{"name":"wp","href":"https:\/\/api.w.org\/{rel}","templated":true}]}}