{"id":7784,"date":"2018-08-12T14:23:15","date_gmt":"2018-08-12T12:23:15","guid":{"rendered":"https:\/\/baselle.com\/?post_type=product&#038;p=7784"},"modified":"2020-02-27T12:06:11","modified_gmt":"2020-02-27T11:06:11","slug":"louis-vuitton-sistina-gm-damier-canvas-handtasche-gebraucht-original","status":"publish","type":"product","link":"https:\/\/baselle.com\/en\/product\/louis-vuitton-sistina-gm-damier-canvas-handtasche-gebraucht-original\/","title":{"rendered":"Louis Vuitton Sistina GM"},"content":{"rendered":"<p>\n<strong>Louis Vuitton Sistina GM Damier Canvas Handtasche Beschreibung<\/strong><\/p>\n<p>Die originale Louis Vuitton Sistina GM Damier Canvas Handtasche aus der Damier-Kollektion ist ein elegantes Design f\u00fcr die moderne Frau. Sie ist aus plissiertem Canvas gefertigt mit Details aus dunkelbraunem Leder und goldfarbenen Hardware-Akzenten. Der gravierte Jumbo-Push-Lock-Verschluss \u00f6ffnet sich zu einem ger\u00e4umigen rotfarbenen Innenfutter aus Mikrofaser mit drei Innenf\u00e4chern. Das mittlere Fach ist durch einen Doppelrei\u00dfverschluss zu \u00f6ffnen, zwei weitere Einsteckf\u00e4cher eignen sich perfekt f\u00fcr das Aufbewahren Deiner wichtigsten Dinge. <\/p>\n<p>Die doppelten Schulterriemen sind jeweils dreifach verstellbar, damit die Sistina GM ebenso einfach \u00fcber die dicke Winterjacke wie auch passend \u00fcber die Sommerbluse getragen werden kann. Dies macht die Louis Vuitton Sistina GM zur ultimativen Tasche f\u00fcr den t\u00e4glichen Gebrauch!\n<\/p>\n<p>\n<strong>Very good condition:<\/strong><br \/>\nDiese gebrauchte Louis Vuitton Sistina GM Handtasche ist insgesamt in einem sehr guten Zustand. Sie wurde wenig getragen und pfleglich behandelt. Dementsprechend sind das Canvas sowie die Lederbes\u00e4tze in einem sehr guten Zustand. Auch das Tascheninnere ist sauber und weist keine L\u00f6cher\/Risse auf. Die goldfarbene Hardware ist in einem hervorragenden Zustand.\n<\/p>\n<p>\n<strong>Style:<\/strong> Shoulder bag<br \/>\n<strong>Size:<\/strong> GM<br \/>\n<strong>Dimensions (approx.):<\/strong> Breite 44 cm * H\u00f6he 31 cm * Tiefe 20 cm\n<\/p>\n<p>\n<strong>Exterior material:<\/strong> Damier Canvas, Bes\u00e4tze aus Leder<br \/>\n<strong>Interior Material<\/strong> microfibre lining\n<\/p>\n<p>The pictures represent the offered bag. The picture rights are held by MyLovelyBoutique.com. <\/p>\n<p>Follow us on <a href=\"https:\/\/www.instagram.com\/mylovelyboutique.de\/\" rel=\"noopener noreferrer\" target=\"_blank\"><span style=\"color: #e0adea;\">Instagram<\/span><\/a> und lass Dich von unseren Outfit-Ideen inspirieren. <\/p>","protected":false},"excerpt":{"rendered":"<table class=\"mlb-product-details\">\n<tbody>\n<tr>\n<td class=\"mlb-details-caption\">Model<\/td>\n<td class=\"mlb-details-value\">Sistina GM Damier Canvas (N41540)<\/td>\n<\/tr>\n<tr>\n<td class=\"mlb-details-caption\">Colour<\/td>\n<td class=\"mlb-details-value\">Braun\/Dunkelbraun<\/td>\n<\/tr>\n<tr>\n<td class=\"mlb-details-caption\">Hardware<\/td>\n<td class=\"mlb-details-value\">Gold<\/td>\n<\/tr>\n<tr>\n<td class=\"mlb-details-caption\">Year<\/td>\n<td class=\"mlb-details-value\">2011<\/td>\n<\/tr>\n<tr>\n<td class=\"mlb-details-caption\">Accessoires<\/td>\n<td class=\"mlb-details-value\"> Staubbeutel, LV-Materialinfo<\/td>\n<\/tr>\n<tr>\n<td class=\"mlb-details-caption\">Condition<\/td>\n<td class=\"mlb-details-value\">Very good condition<\/td>\n<\/tr>\n<\/tbody>\n<\/table>","protected":false},"featured_media":7787,"template":"","meta":[],"product_brand":[],"product_cat":[154,1431,85,99],"product_tag":[],"class_list":{"0":"post-7784","1":"product","2":"type-product","3":"status-publish","4":"has-post-thumbnail","6":"product_cat-designer","7":"product_cat-louisvuitton","8":"product_cat-schultertaschen","9":"product_cat-taschen","10":"product_shipping_class-bis2500","12":"first","13":"outofstock","14":"sold-individually","15":"shipping-taxable","16":"purchasable","17":"product-type-simple"},"_links":{"self":[{"href":"https:\/\/baselle.com\/en\/wp-json\/wp\/v2\/product\/7784","targetHints":{"allow":["GET"]}}],"collection":[{"href":"https:\/\/baselle.com\/en\/wp-json\/wp\/v2\/product"}],"about":[{"href":"https:\/\/baselle.com\/en\/wp-json\/wp\/v2\/types\/product"}],"wp:featuredmedia":[{"embeddable":true,"href":"https:\/\/baselle.com\/en\/wp-json\/wp\/v2\/media\/7787"}],"wp:attachment":[{"href":"https:\/\/baselle.com\/en\/wp-json\/wp\/v2\/media?parent=7784"}],"wp:term":[{"taxonomy":"product_brand","embeddable":true,"href":"https:\/\/baselle.com\/en\/wp-json\/wp\/v2\/product_brand?post=7784"},{"taxonomy":"product_cat","embeddable":true,"href":"https:\/\/baselle.com\/en\/wp-json\/wp\/v2\/product_cat?post=7784"},{"taxonomy":"product_tag","embeddable":true,"href":"https:\/\/baselle.com\/en\/wp-json\/wp\/v2\/product_tag?post=7784"}],"curies":[{"name":"wp","href":"https:\/\/api.w.org\/{rel}","templated":true}]}}