{"id":7471,"date":"2018-06-22T16:51:22","date_gmt":"2018-06-22T14:51:22","guid":{"rendered":"https:\/\/baselle.com\/?post_type=product&#038;p=7471"},"modified":"2020-02-27T12:01:11","modified_gmt":"2020-02-27T11:01:11","slug":"chanel-large-reissue-tote","status":"publish","type":"product","link":"https:\/\/baselle.com\/en\/product\/chanel-large-reissue-tote\/","title":{"rendered":"CHANEL Large Reissue Tote"},"content":{"rendered":"<p>\n<strong>CHANEL Large Reissue Tote Bag Handtasche Beschreibung<\/strong><\/p>\n<p>Die originale CHANEL Large Reissue Tote Bag Handtasche ist aus der CHANEL Paris-Byzance Pre-Fall Collection 2011. Diese Tote-Bag ist praktisch und raffiniert im Design, passend f\u00fcr ausgewogene Shopping Tage sowie f\u00fcr die Arbeit. Sie ist aus zart schimmerndem Leder gefertigt und verf\u00fcgt \u00fcber sch\u00fctzende Taschenf\u00fc\u00dfe, ein aufgesetztes Mademoiselle-Schloss sowie doppelte Kettenriemen aus silberner Hardware mit Ruthenium-Finish. <\/p>\n<p>Durch den innenliegenden Magnetverschluss \u00f6ffnet sich die CHANEL Reissue Tote Bag zu einem grauen Innenfutter. Im Tascheninneren befinden sich zwei Steckf\u00e4cher, ein Rei\u00dfverschlussfach sowie ein Lederband mit Karabiner zum Anbringen von Schl\u00fcssel etc. Zudem befindet sich eine Au\u00dfentasche auf der Vorderseite der Tasche.\n<\/p>\n<p>\n<strong>Very good condition:<\/strong><br \/>\nDiese CHANEL Large Reissue Tote Bag Handtasche aus zweiter Hand ist insgesamt in einem sehr guten Zustand. Das schimmernde Leder inkl. der Ecken ist in einem gepflegten Zustand. Das Tascheninnere ist sauber, ohne Ger\u00fcche und weist keine L\u00f6cher\/Risse auf. Auch die silbernen Hardware-Akzente sind in einem sehr guten Zustand\n<\/p>\n<p>\n<strong>Style:<\/strong> Schultertasche\/Shopper\/Tote<br \/>\n<strong>Size:<\/strong> Large<br \/>\n<strong>Dimensions (approx.):<\/strong> Breite 30 cm * H\u00f6he 30 cm * Tiefe 11 cm<br \/>\n<strong>Shoulder chain:<\/strong> 74 cm\n<\/p>\n<p>\n<strong>Exterior material:<\/strong> gestepptes schimmerndes Kalbsleder<br \/>\n<strong>Interior Material<\/strong> fabric lining\n<\/p>\n<p>The pictures represent the offered bag. The picture rights are held by MyLovelyBoutique.com. <\/p>\n<p>Follow us on <a href=\"https:\/\/www.instagram.com\/mylovelyboutique.de\/\" rel=\"noopener noreferrer\" target=\"_blank\"><span style=\"color: #e0adea\">Instagram<\/span><\/a> und lass Dich von unseren Outfit-Ideen inspirieren. <\/p>","protected":false},"excerpt":{"rendered":"<table class=\"mlb-product-details\">\n<tbody>\n<tr>\n<td class=\"mlb-details-caption\">Model<\/td>\n<td class=\"mlb-details-value\">Iridescent Large Reissue Tote Bag<\/td>\n<\/tr>\n<tr>\n<td class=\"mlb-details-caption\">Colour<\/td>\n<td class=\"mlb-details-value\">Dunkelbraun<\/td>\n<\/tr>\n<tr>\n<td class=\"mlb-details-caption\">Hardware<\/td>\n<td class=\"mlb-details-value\">Silver with ruthenium finish<\/td>\n<\/tr>\n<tr>\n<td class=\"mlb-details-caption\">Year<\/td>\n<td class=\"mlb-details-value\">2011<\/td>\n<\/tr>\n<tr>\n<td class=\"mlb-details-caption\">Accessoires<\/td>\n<td class=\"mlb-details-value\">Seriennummer mit Hologramm<\/td>\n<\/tr>\n<tr>\n<td class=\"mlb-details-caption\">Condition<\/td>\n<td class=\"mlb-details-value\">Very good condition<\/td>\n<\/tr>\n<\/tbody>\n<\/table>","protected":false},"featured_media":7472,"template":"","meta":[],"product_brand":[],"product_cat":[1430,154,85,99],"product_tag":[102],"class_list":{"0":"post-7471","1":"product","2":"type-product","3":"status-publish","4":"has-post-thumbnail","6":"product_cat-chanel","7":"product_cat-designer","8":"product_cat-schultertaschen","9":"product_cat-taschen","10":"product_tag-sale","11":"product_shipping_class-bis1000","13":"first","14":"outofstock","15":"sale","16":"sold-individually","17":"shipping-taxable","18":"purchasable","19":"product-type-simple"},"_links":{"self":[{"href":"https:\/\/baselle.com\/en\/wp-json\/wp\/v2\/product\/7471","targetHints":{"allow":["GET"]}}],"collection":[{"href":"https:\/\/baselle.com\/en\/wp-json\/wp\/v2\/product"}],"about":[{"href":"https:\/\/baselle.com\/en\/wp-json\/wp\/v2\/types\/product"}],"wp:featuredmedia":[{"embeddable":true,"href":"https:\/\/baselle.com\/en\/wp-json\/wp\/v2\/media\/7472"}],"wp:attachment":[{"href":"https:\/\/baselle.com\/en\/wp-json\/wp\/v2\/media?parent=7471"}],"wp:term":[{"taxonomy":"product_brand","embeddable":true,"href":"https:\/\/baselle.com\/en\/wp-json\/wp\/v2\/product_brand?post=7471"},{"taxonomy":"product_cat","embeddable":true,"href":"https:\/\/baselle.com\/en\/wp-json\/wp\/v2\/product_cat?post=7471"},{"taxonomy":"product_tag","embeddable":true,"href":"https:\/\/baselle.com\/en\/wp-json\/wp\/v2\/product_tag?post=7471"}],"curies":[{"name":"wp","href":"https:\/\/api.w.org\/{rel}","templated":true}]}}