{"id":7432,"date":"2018-06-08T14:37:37","date_gmt":"2018-06-08T12:37:37","guid":{"rendered":"https:\/\/baselle.com\/?post_type=product&#038;p=7432"},"modified":"2019-02-22T16:42:46","modified_gmt":"2019-02-22T15:42:46","slug":"chanel-small-chic-with-me-flap-bag","status":"publish","type":"product","link":"https:\/\/baselle.com\/en\/product\/chanel-small-chic-with-me-flap-bag\/","title":{"rendered":"CHANEL Small Chic With Me"},"content":{"rendered":"<p>\n<strong>CHANEL Small Chic With Me Flap Bag Beschreibung<\/strong><\/p>\n<p>Die originale CHANEL Small Chic With Me Flap Bag ist aus der CHANEL Fall\/Winter Pre-Collection 2014\/2015. Sie ist zeitlos und -wie ihr Name schon verr\u00e4t- chic und daher das perfekte Accessoire f\u00fcr den Abend. Diese auff\u00e4llige Flap Bag aus schwarzem Stepplammleder verf\u00fcgt \u00fcber detailverzierte Kettenglieder, einen polierten Press-Verschluss und goldfarbene Hardware-Akzente. Der Verschluss \u00f6ffnet sich zu einem aus rotem Leder gefertigten Innenfutter mit einem Rei\u00dfverschlussfach sowie einem aufgesetzten Steckfach.<\/p>\n<p>Der Schulterriemen der CHANEL Flap Bag ist lang genug, so dass sie \u00fcber der Schulter sowie Crossbody getragen werden kann. Der obere Teil des Schulterriemens geht von den Kettengliedern \u00fcber in einen weichen schwarzen Schulterpad. Diese klassische Abendtasche von CHANEL ist daher nicht nur elegant, sondern auch super komfortabel.\n<\/p>\n<p>\n<strong>Very good condition:<\/strong><br \/>\nDiese CHANEL Small Chic With Me Flap Bag aus zweiter Hand ist insgesamt in einem sehr guten Zustand. Das Leder -auch die Ecken- sind in einem sch\u00f6nen gepflegten Zustand. Auch das Tascheninnere ist sauber und weist keine L\u00f6cher\/Risse auf. Die goldenen Hardware-Akzente sind in einem guten Zustand.\n<\/p>\n<p>\n<strong>Style:<\/strong> Schulter-\/Crossbodytasche<br \/>\n<strong>Size:<\/strong> Small<br \/>\n<strong>Dimensions (approx.):<\/strong> Breite 19 cm * H\u00f6he 12 cm * Tiefe 5,5 cm<br \/>\n<strong>Shoulder chain:<\/strong> 123 cm\n<\/p>\n<p>\n<strong>Exterior material:<\/strong> Lambskin leather<br \/>\n<strong>Interior Material<\/strong> Lambskin leather\n<\/p>\n<p>The pictures represent the offered bag. The picture rights are held by MyLovelyBoutique.com. <\/p>\n<p>Follow us on <a href=\"https:\/\/www.instagram.com\/mylovelyboutique.de\/\" rel=\"noopener\" target=\"_blank\"><span style=\"color: #e0adea\">Instagram<\/span><\/a> und lass Dich von unseren Outfit-Ideen inspirieren. <\/p>","protected":false},"excerpt":{"rendered":"<table class=\"mlb-product-details\">\n<tbody>\n<tr>\n<td class=\"mlb-details-caption\">Model<\/td>\n<td class=\"mlb-details-value\">Small Chic With Me Flap Bag<\/td>\n<\/tr>\n<tr>\n<td class=\"mlb-details-caption\">Colour<\/td>\n<td class=\"mlb-details-value\">Black<\/td>\n<\/tr>\n<tr>\n<td class=\"mlb-details-caption\">Hardware<\/td>\n<td class=\"mlb-details-value\">Gold<\/td>\n<\/tr>\n<tr>\n<td class=\"mlb-details-caption\">Year<\/td>\n<td class=\"mlb-details-value\">2015<\/td>\n<\/tr>\n<tr>\n<td class=\"mlb-details-caption\">Accessoires<\/td>\n<td class=\"mlb-details-value\">Dustbag, serialnumber with hologram<\/td>\n<\/tr>\n<tr>\n<td class=\"mlb-details-caption\">Condition<\/td>\n<td class=\"mlb-details-value\">Very good condition<\/td>\n<\/tr>\n<\/tbody>\n<\/table>","protected":false},"featured_media":7434,"template":"","meta":[],"product_brand":[],"product_cat":[1430,87,154,85,99],"product_tag":[102],"class_list":{"0":"post-7432","1":"product","2":"type-product","3":"status-publish","4":"has-post-thumbnail","6":"product_cat-chanel","7":"product_cat-crossbodytaschen","8":"product_cat-designer","9":"product_cat-schultertaschen","10":"product_cat-taschen","11":"product_tag-sale","12":"product_shipping_class-bis1000","14":"first","15":"outofstock","16":"sale","17":"sold-individually","18":"shipping-taxable","19":"purchasable","20":"product-type-simple"},"_links":{"self":[{"href":"https:\/\/baselle.com\/en\/wp-json\/wp\/v2\/product\/7432","targetHints":{"allow":["GET"]}}],"collection":[{"href":"https:\/\/baselle.com\/en\/wp-json\/wp\/v2\/product"}],"about":[{"href":"https:\/\/baselle.com\/en\/wp-json\/wp\/v2\/types\/product"}],"wp:featuredmedia":[{"embeddable":true,"href":"https:\/\/baselle.com\/en\/wp-json\/wp\/v2\/media\/7434"}],"wp:attachment":[{"href":"https:\/\/baselle.com\/en\/wp-json\/wp\/v2\/media?parent=7432"}],"wp:term":[{"taxonomy":"product_brand","embeddable":true,"href":"https:\/\/baselle.com\/en\/wp-json\/wp\/v2\/product_brand?post=7432"},{"taxonomy":"product_cat","embeddable":true,"href":"https:\/\/baselle.com\/en\/wp-json\/wp\/v2\/product_cat?post=7432"},{"taxonomy":"product_tag","embeddable":true,"href":"https:\/\/baselle.com\/en\/wp-json\/wp\/v2\/product_tag?post=7432"}],"curies":[{"name":"wp","href":"https:\/\/api.w.org\/{rel}","templated":true}]}}