{"id":7421,"date":"2018-06-08T14:08:47","date_gmt":"2018-06-08T12:08:47","guid":{"rendered":"https:\/\/baselle.com\/?post_type=product&#038;p=7421"},"modified":"2020-02-27T12:04:41","modified_gmt":"2020-02-27T11:04:41","slug":"chanel-rita-flap-bag-handtasche-original-second-hand","status":"publish","type":"product","link":"https:\/\/baselle.com\/en\/product\/chanel-rita-flap-bag-handtasche-original-second-hand\/","title":{"rendered":"CHANEL Rita Flap Bag"},"content":{"rendered":"<p>\n<strong>CHANEL Rita Flap Bag Handtasche Beschreibung<\/strong><\/p>\n<p>Die originale CHANEL Rita Flap Bag Handtasche ist eine kompakte und wundersch\u00f6ne Everyday-Bag aus der CHANEL Cruise Collection 2013. Sie ist aus diamantschwarzem Leder gefertigt und verf\u00fcgt \u00fcber altgoldene Hardware-Akzente wie das eingravierte &#8220;CHANEL&#8221;-Logo auf der Platte oberhalb der Tasche. Auch in den aktuellen Kollektionen 2018 des Hauses CHANEL ist dieser Eyecatcher auf einigen Modellen wieder zu finden. <\/p>\n<p>Durch das typische Mademoiselle-Turnlock \u00f6ffnet sich die CHANEL Rita Flap Bag zu einem mit hellbeigem Stoff gef\u00fctterten Innenraum mit einem kleinen Steckfach. Die Tasche kann \u00fcber der Schulter sowie Crossbody getragen werden, so dass maximaler Tragekomfort im Alltag garantiert ist. Eine elegante Tasche mit dezenten Details f\u00fcr den t\u00e4glichen Gebrauch.\n<\/p>\n<p>\n<strong>Very good condition:<\/strong><br \/>\nDiese gebrauchte CHANEL Rita Flap Bag Handtasche ist insgesamt in einem sehr guten Zustand. Das Leder ist in einem gepflegten guten Zustand. Im Tascheninneren befinden sich Gebrauchspuren durch einen Kugelschreiber. Die goldenen Hardware-Akzente sind in einem guten Zustand.\n<\/p>\n<p>\n<strong>Style:<\/strong> Shoulder bag, crossbody<br \/>\n<strong>Size:<\/strong> Small<br \/>\n<strong>Dimensions (approx.):<\/strong> Breite 21 cm * H\u00f6he 13 cm * Tiefe 7 cm<br \/>\n<strong>Shoulder chain:<\/strong> 108 cm\n<\/p>\n<p>\n<strong>Exterior material:<\/strong> leather<br \/>\n<strong>Interior Material<\/strong> fabric lining\n<\/p>\n<p>The pictures represent the offered bag. The picture rights are held by MyLovelyBoutique.com. <\/p>\n<p>Follow us on <a href=\"https:\/\/www.instagram.com\/mylovelyboutique.de\/\" rel=\"noopener noreferrer\" target=\"_blank\"><span style=\"color: #e0adea\">Instagram<\/span><\/a> und lass Dich von unseren Outfit-Ideen inspirieren. <\/p>","protected":false},"excerpt":{"rendered":"<table class=\"mlb-product-details\">\n<tbody>\n<tr>\n<td class=\"mlb-details-caption\">Model<\/td>\n<td class=\"mlb-details-value\">Rita Flap Bag<\/td>\n<\/tr>\n<tr>\n<td class=\"mlb-details-caption\">Colour<\/td>\n<td class=\"mlb-details-value\">Black<\/td>\n<\/tr>\n<tr>\n<td class=\"mlb-details-caption\">Hardware<\/td>\n<td class=\"mlb-details-value\">Altgold<\/td>\n<\/tr>\n<tr>\n<td class=\"mlb-details-caption\">Year<\/td>\n<td class=\"mlb-details-value\">2013<\/td>\n<\/tr>\n<tr>\n<td class=\"mlb-details-caption\">Accessoires<\/td>\n<td class=\"mlb-details-value\">Dustbag, authenticity card, serialnumber with hologram<\/td>\n<\/tr>\n<tr>\n<td class=\"mlb-details-caption\">Condition<\/td>\n<td class=\"mlb-details-value\">Very good condition<\/td>\n<\/tr>\n<\/tbody>\n<\/table>","protected":false},"featured_media":7423,"template":"","meta":[],"product_brand":[],"product_cat":[1430,87,154,85,99],"product_tag":[102],"class_list":{"0":"post-7421","1":"product","2":"type-product","3":"status-publish","4":"has-post-thumbnail","6":"product_cat-chanel","7":"product_cat-crossbodytaschen","8":"product_cat-designer","9":"product_cat-schultertaschen","10":"product_cat-taschen","11":"product_tag-sale","12":"product_shipping_class-bis1000","14":"first","15":"outofstock","16":"sale","17":"sold-individually","18":"shipping-taxable","19":"purchasable","20":"product-type-simple"},"_links":{"self":[{"href":"https:\/\/baselle.com\/en\/wp-json\/wp\/v2\/product\/7421","targetHints":{"allow":["GET"]}}],"collection":[{"href":"https:\/\/baselle.com\/en\/wp-json\/wp\/v2\/product"}],"about":[{"href":"https:\/\/baselle.com\/en\/wp-json\/wp\/v2\/types\/product"}],"wp:featuredmedia":[{"embeddable":true,"href":"https:\/\/baselle.com\/en\/wp-json\/wp\/v2\/media\/7423"}],"wp:attachment":[{"href":"https:\/\/baselle.com\/en\/wp-json\/wp\/v2\/media?parent=7421"}],"wp:term":[{"taxonomy":"product_brand","embeddable":true,"href":"https:\/\/baselle.com\/en\/wp-json\/wp\/v2\/product_brand?post=7421"},{"taxonomy":"product_cat","embeddable":true,"href":"https:\/\/baselle.com\/en\/wp-json\/wp\/v2\/product_cat?post=7421"},{"taxonomy":"product_tag","embeddable":true,"href":"https:\/\/baselle.com\/en\/wp-json\/wp\/v2\/product_tag?post=7421"}],"curies":[{"name":"wp","href":"https:\/\/api.w.org\/{rel}","templated":true}]}}