{"id":7409,"date":"2018-06-08T13:26:42","date_gmt":"2018-06-08T11:26:42","guid":{"rendered":"https:\/\/baselle.com\/?post_type=product&#038;p=7409"},"modified":"2020-02-27T12:08:06","modified_gmt":"2020-02-27T11:08:06","slug":"chanel-timeless-flap-bag","status":"publish","type":"product","link":"https:\/\/baselle.com\/en\/product\/chanel-timeless-flap-bag\/","title":{"rendered":"CHANEL Timeless Flap Bag"},"content":{"rendered":"<p>Good condition:<br \/>\nDas Leder ist insgesamt in einem guten Zustand. Das Tascheninnere ist sauber und weist keine L\u00f6cher\/Risse auf. Die goldene Hardware ist in einem sehr guten Zustand.<\/p>\n<p>Stil: Schulter\/Crossbody<br \/>\nHandtaschengr\u00f6\u00dfe: Small<br \/>\nMa\u00dfe (ca.): B25cm*H15,5cm*T7cm<br \/>\nTr\u00e4gerl\u00e4nge: einfach=90cm, doppelt=55cm<\/p>\n<p>Obermaterial: Leder<br \/>\nInnenmaterial: Leder<\/p>\n<p>Die Chanel Timeless ist DER Klassiker von CHANEL und in der Medium Gr\u00f6\u00dfe eine kompakte Tasche, die nicht zu gro\u00df ist und dennoch Platz f\u00fcr die wichtigsten Dinge wie Portemonnaie und Smartphone bietet.<br \/>\nDie Kette ist in der L\u00e4nge verstellbar, so dass die Tasche lang oder kurz \u00fcber der Schulter sowie eventuell auch Crossbody getragen werden kann. Das Tascheninnere teilt sich auf in ein gro\u00dfes Hauptfach, ein Steckfach und ein Rei\u00dfverschlu\u00dfinnenfach. Eine praktische aufgesetzte Au\u00dfentasche ist am Taschenr\u00fccken vorhanden.<br \/>\nVerschlossen wird die Chanel Timeless durch das typische CC-Turnlock.<\/p>","protected":false},"excerpt":{"rendered":"<table class=\"mlb-product-details\">\n<tbody>\n<tr>\n<td class=\"mlb-details-caption\">Model<\/td>\n<td class=\"mlb-details-value\">Timeless Classic Flap Bag Medium<\/td>\n<\/tr>\n<tr>\n<td class=\"mlb-details-caption\">Colour<\/td>\n<td class=\"mlb-details-value\">Ecru\/Elfenbein<\/td>\n<\/tr>\n<tr>\n<td class=\"mlb-details-caption\">Hardware<\/td>\n<td class=\"mlb-details-value\">Gold<\/td>\n<\/tr>\n<tr>\n<td class=\"mlb-details-caption\">Year<\/td>\n<td class=\"mlb-details-value\">2004<\/td>\n<\/tr>\n<tr>\n<td class=\"mlb-details-caption\">Accessoires<\/td>\n<td class=\"mlb-details-value\">Staubbeutel, Authentizit\u00e4tskarte, Seriennummer mit Hologramm, CC-Booklet<\/td>\n<\/tr>\n<tr>\n<td class=\"mlb-details-caption\">Condition<\/td>\n<td class=\"mlb-details-value\">Good condition<\/td>\n<\/tr>\n<\/tbody>\n<\/table>","protected":false},"featured_media":7412,"template":"","meta":[],"product_brand":[],"product_cat":[1430,154,85,99],"product_tag":[],"class_list":{"0":"post-7409","1":"product","2":"type-product","3":"status-publish","4":"has-post-thumbnail","6":"product_cat-chanel","7":"product_cat-designer","8":"product_cat-schultertaschen","9":"product_cat-taschen","10":"product_shipping_class-bis1000","12":"first","13":"outofstock","14":"sold-individually","15":"shipping-taxable","16":"purchasable","17":"product-type-simple"},"_links":{"self":[{"href":"https:\/\/baselle.com\/en\/wp-json\/wp\/v2\/product\/7409","targetHints":{"allow":["GET"]}}],"collection":[{"href":"https:\/\/baselle.com\/en\/wp-json\/wp\/v2\/product"}],"about":[{"href":"https:\/\/baselle.com\/en\/wp-json\/wp\/v2\/types\/product"}],"wp:featuredmedia":[{"embeddable":true,"href":"https:\/\/baselle.com\/en\/wp-json\/wp\/v2\/media\/7412"}],"wp:attachment":[{"href":"https:\/\/baselle.com\/en\/wp-json\/wp\/v2\/media?parent=7409"}],"wp:term":[{"taxonomy":"product_brand","embeddable":true,"href":"https:\/\/baselle.com\/en\/wp-json\/wp\/v2\/product_brand?post=7409"},{"taxonomy":"product_cat","embeddable":true,"href":"https:\/\/baselle.com\/en\/wp-json\/wp\/v2\/product_cat?post=7409"},{"taxonomy":"product_tag","embeddable":true,"href":"https:\/\/baselle.com\/en\/wp-json\/wp\/v2\/product_tag?post=7409"}],"curies":[{"name":"wp","href":"https:\/\/api.w.org\/{rel}","templated":true}]}}