{"id":7374,"date":"2018-05-03T19:46:19","date_gmt":"2018-05-03T17:46:19","guid":{"rendered":"https:\/\/baselle.com\/?post_type=product&#038;p=7374"},"modified":"2019-02-22T16:42:49","modified_gmt":"2019-02-22T15:42:49","slug":"chanel-timeless-classic","status":"publish","type":"product","link":"https:\/\/baselle.com\/en\/product\/chanel-timeless-classic\/","title":{"rendered":"CHANEL Timeless Classic"},"content":{"rendered":"<p>Good condition:<br \/>\nDas Leder ist in einem guten Zustand, auch die Ecken sind in einem guten Zustand. Auf der Innenseite der Lasche befinden sich vereinzelt Gebrauchspuren; Diese sind jedoch beim Tragen der Tasche nicht sichtbar. Die silberne Hardware ist in einem sehr guten Zustand.<\/p>\n<p>Stil: Schulter\/Crossbody<br \/>\nHandtaschengr\u00f6\u00dfe: Jumbo<br \/>\nMa\u00dfe (ca.): B30cm*H20cm*T9,5cm<br \/>\nTr\u00e4gerl\u00e4nge: einfach=133cm, doppelt=78cm<\/p>\n<p>Obermaterial: Leder<br \/>\nInnenmaterial: Leder<\/p>\n<p>Die Chanel Timeless ist DER Klassiker von CHANEL und in der Jumbo Gr\u00f6\u00dfe eine praktische und zeitlose Tasche f\u00fcr B\u00fcro und Alltag.<br \/>\nDie Kette ist in der L\u00e4nge verstellbar, so dass die Tasche lang oder kurz \u00fcber der Schulter sowie Crossbody getragen werden kann. Das Tascheninnere teilt sich auf in ein gro\u00dfes Hauptfach, ein Steckfach und ein Rei\u00dfverschlu\u00dfinnenfach. Eine praktische aufgesetzte Au\u00dfentasche ist am Taschenr\u00fccken vorhanden.<br \/>\nVerschlossen wird die Chanel Timeless durch das typische CC-Turnlock.<\/p>","protected":false},"excerpt":{"rendered":"<table class=\"mlb-product-details\">\n<tbody>\n<tr>\n<td class=\"mlb-details-caption\">Model<\/td>\n<td class=\"mlb-details-value\">Timeless Classic Flap Bag Jumbo<\/td>\n<\/tr>\n<tr>\n<td class=\"mlb-details-caption\">Colour<\/td>\n<td class=\"mlb-details-value\">Anthrazit<\/td>\n<\/tr>\n<tr>\n<td class=\"mlb-details-caption\">Hardware<\/td>\n<td class=\"mlb-details-value\">Silver<\/td>\n<\/tr>\n<tr>\n<td class=\"mlb-details-caption\">Year<\/td>\n<td class=\"mlb-details-value\">2009<\/td>\n<\/tr>\n<tr>\n<td class=\"mlb-details-caption\">Accessoires<\/td>\n<td class=\"mlb-details-value\">Box, dustbag, serialnumber with hologram<\/td>\n<\/tr>\n<tr>\n<td class=\"mlb-details-caption\">Condition<\/td>\n<td class=\"mlb-details-value\">Good condition<\/td>\n<\/tr>\n<\/tbody>\n<\/table>","protected":false},"featured_media":7375,"template":"","meta":[],"product_brand":[],"product_cat":[1430,87,154,85,99],"product_tag":[],"class_list":{"0":"post-7374","1":"product","2":"type-product","3":"status-publish","4":"has-post-thumbnail","6":"product_cat-chanel","7":"product_cat-crossbodytaschen","8":"product_cat-designer","9":"product_cat-schultertaschen","10":"product_cat-taschen","12":"first","13":"outofstock","14":"sold-individually","15":"shipping-taxable","16":"purchasable","17":"product-type-simple"},"_links":{"self":[{"href":"https:\/\/baselle.com\/en\/wp-json\/wp\/v2\/product\/7374","targetHints":{"allow":["GET"]}}],"collection":[{"href":"https:\/\/baselle.com\/en\/wp-json\/wp\/v2\/product"}],"about":[{"href":"https:\/\/baselle.com\/en\/wp-json\/wp\/v2\/types\/product"}],"wp:featuredmedia":[{"embeddable":true,"href":"https:\/\/baselle.com\/en\/wp-json\/wp\/v2\/media\/7375"}],"wp:attachment":[{"href":"https:\/\/baselle.com\/en\/wp-json\/wp\/v2\/media?parent=7374"}],"wp:term":[{"taxonomy":"product_brand","embeddable":true,"href":"https:\/\/baselle.com\/en\/wp-json\/wp\/v2\/product_brand?post=7374"},{"taxonomy":"product_cat","embeddable":true,"href":"https:\/\/baselle.com\/en\/wp-json\/wp\/v2\/product_cat?post=7374"},{"taxonomy":"product_tag","embeddable":true,"href":"https:\/\/baselle.com\/en\/wp-json\/wp\/v2\/product_tag?post=7374"}],"curies":[{"name":"wp","href":"https:\/\/api.w.org\/{rel}","templated":true}]}}