{"id":7363,"date":"2018-05-03T17:45:59","date_gmt":"2018-05-03T15:45:59","guid":{"rendered":"https:\/\/baselle.com\/?post_type=product&#038;p=7363"},"modified":"2020-02-27T12:10:02","modified_gmt":"2020-02-27T11:10:02","slug":"chanel-messenger-bag-2","status":"publish","type":"product","link":"https:\/\/baselle.com\/en\/product\/chanel-messenger-bag-2\/","title":{"rendered":"CHANEL Messenger Bag"},"content":{"rendered":"<p>Good condition:<br \/>\nDas Veloursleder ist in einem guten Zustand. Das Tascheninnere ist sauber und weist keine L\u00f6cher\/Risse auf. Die silberne Hardware ist in einem sehr guten Zustand.<\/p>\n<p>Stil: Schultertasche\/Crossbody\/Clutch<br \/>\nHandtaschengr\u00f6\u00dfe: Small<br \/>\nMa\u00dfe (ca.): B21cm*H16,5cm*T8cm<br \/>\nTr\u00e4gerl\u00e4nge: 116cm<\/p>\n<p>Obermaterial: Veloursleder<br \/>\nInnenmaterial: Textilinnenfutter<\/p>\n<p>Die Messenger Bag ist aus der Pre-Fall 2013 M\u00e9tiers d&#8217;Art Collection.<br \/>\nSie l\u00e4sst sich bequem \u00fcber der Schulter oder Crossbody tragen. Der Trageriemen kann auch komplett entfernt werden, so dass die Tasche abends als Clutch getragen werden kann. Das Tascheninnere teilt sich in ein Hauptfach und ein Steckfach auf. Vor dem Hauptfach befindet sich ein aufgesetztes Netz-Steckfach. Schlie\u00dfen l\u00e4sst sich die Messenger Bag mit einem Magnetverschlu\u00df sowie einem \u00dcberschlag.<\/p>","protected":false},"excerpt":{"rendered":"<table class=\"mlb-product-details\">\n<tbody>\n<tr>\n<td class=\"mlb-details-caption\">Model<\/td>\n<td class=\"mlb-details-value\">Small Messenger Bag<\/td>\n<\/tr>\n<tr>\n<td class=\"mlb-details-caption\">Colour<\/td>\n<td class=\"mlb-details-value\">Black<\/td>\n<\/tr>\n<tr>\n<td class=\"mlb-details-caption\">Hardware<\/td>\n<td class=\"mlb-details-value\">Ruthenium<\/td>\n<\/tr>\n<tr>\n<td class=\"mlb-details-caption\">Year<\/td>\n<td class=\"mlb-details-value\">2013<\/td>\n<\/tr>\n<tr>\n<td class=\"mlb-details-caption\">Accessoires<\/td>\n<td class=\"mlb-details-value\">Authentizit\u00e4tskarte, Hologramm mit Seriennummer<\/td>\n<\/tr>\n<tr>\n<td class=\"mlb-details-caption\">Condition<\/td>\n<td class=\"mlb-details-value\">Good condition<\/td>\n<\/tr>\n<\/tbody>\n<\/table>","protected":false},"featured_media":7364,"template":"","meta":[],"product_brand":[],"product_cat":[1430,87,154,68,86,99],"product_tag":[],"class_list":{"0":"post-7363","1":"product","2":"type-product","3":"status-publish","4":"has-post-thumbnail","6":"product_cat-chanel","7":"product_cat-crossbodytaschen","8":"product_cat-designer","9":"product_cat-handtaschen","10":"product_cat-kleinetaschen","11":"product_cat-taschen","12":"product_shipping_class-bis1000","14":"first","15":"outofstock","16":"sold-individually","17":"shipping-taxable","18":"purchasable","19":"product-type-simple"},"_links":{"self":[{"href":"https:\/\/baselle.com\/en\/wp-json\/wp\/v2\/product\/7363","targetHints":{"allow":["GET"]}}],"collection":[{"href":"https:\/\/baselle.com\/en\/wp-json\/wp\/v2\/product"}],"about":[{"href":"https:\/\/baselle.com\/en\/wp-json\/wp\/v2\/types\/product"}],"wp:featuredmedia":[{"embeddable":true,"href":"https:\/\/baselle.com\/en\/wp-json\/wp\/v2\/media\/7364"}],"wp:attachment":[{"href":"https:\/\/baselle.com\/en\/wp-json\/wp\/v2\/media?parent=7363"}],"wp:term":[{"taxonomy":"product_brand","embeddable":true,"href":"https:\/\/baselle.com\/en\/wp-json\/wp\/v2\/product_brand?post=7363"},{"taxonomy":"product_cat","embeddable":true,"href":"https:\/\/baselle.com\/en\/wp-json\/wp\/v2\/product_cat?post=7363"},{"taxonomy":"product_tag","embeddable":true,"href":"https:\/\/baselle.com\/en\/wp-json\/wp\/v2\/product_tag?post=7363"}],"curies":[{"name":"wp","href":"https:\/\/api.w.org\/{rel}","templated":true}]}}