{"id":7345,"date":"2018-04-22T12:00:17","date_gmt":"2018-04-22T10:00:17","guid":{"rendered":"https:\/\/baselle.com\/?post_type=product&#038;p=7345"},"modified":"2020-02-27T12:09:49","modified_gmt":"2020-02-27T11:09:49","slug":"louis-vuitton-stellar-pm","status":"publish","type":"product","link":"https:\/\/baselle.com\/en\/product\/louis-vuitton-stellar-pm\/","title":{"rendered":"Louis Vuitton Stellar PM"},"content":{"rendered":"<p>Very good condition:<br \/>\nDas Kalbsleder mit der Mahina Lochpr\u00e4gung ist in einem sehr guten Zustand. Die Ecken weisen teils keinen bis minimalen Abrieb auf. Das Tascheninnere ist sauber und weist keine L\u00f6cher\/Risse auf. Die goldene Hardware ist in einem guten Zustand.<\/p>\n<p>Stil: Schulter\/Shopper\/Handtasche<br \/>\nHandtaschengr\u00f6\u00dfe: PM<br \/>\nMa\u00dfe (ca.): B41cm*H26cm*T15cm<\/p>\n<p>Obermaterial: Kalbsleder<br \/>\nInnenmaterial: Mikrofaserinnenfutter<\/p>\n<p>Die Louis Vuitton Stellar ist eine der wenigen Taschen von Louis Vuitton, die komplett mit Rei\u00dfverschluss zu verschlie\u00dfen sind. Das an der Taschenseite befindliche Schloss kann durch die in der Clochette befindlichen Schl\u00fcssel ge\u00f6ffnet und beliebig angebracht werden.<br \/>\nDie Tasche hat zwei kurze Tragegriffe sowie einen abnehmbaren Schulterriemen, der zudem 5-fach in der L\u00e4nge verstellbar ist.<br \/>\nDie Stellar kann daher sowohl als Handtasche oder kurz bzw. etwas l\u00e4nger \u00fcber der Schulter getragen werden. Sie bietet zudem sehr viel Platz im Inneren und ist in ein Hauptfach, zwei offene Innenf\u00e4cher und in ein Innenfach mit Zipper aufgeteilt.<\/p>\n<p>Der Neupreis der Tasche lag bei 2730,00 \u20ac.<\/p>\n<p>&nbsp;<\/p>","protected":false},"excerpt":{"rendered":"<table class=\"mlb-product-details\">\n<tbody>\n<tr>\n<td class=\"mlb-details-caption\">Model<\/td>\n<td class=\"mlb-details-value\">Stellar Mahina Leather PM Sable<\/td>\n<\/tr>\n<tr>\n<td class=\"mlb-details-caption\">Colour<\/td>\n<td class=\"mlb-details-value\">Sable\/Light Beige<\/td>\n<\/tr>\n<tr>\n<td class=\"mlb-details-caption\">Hardware<\/td>\n<td class=\"mlb-details-value\">Gold<\/td>\n<\/tr>\n<tr>\n<td class=\"mlb-details-caption\">Year<\/td>\n<td class=\"mlb-details-value\">2011<\/td>\n<\/tr>\n<tr>\n<td class=\"mlb-details-caption\">Accessoires<\/td>\n<td class=\"mlb-details-value\">Staubbeutel, Schloss+Schl\u00fcssel, Clochette<\/td>\n<\/tr>\n<tr>\n<td class=\"mlb-details-caption\">Condition<\/td>\n<td class=\"mlb-details-value\">Very good condition<\/td>\n<\/tr>\n<\/tbody>\n<\/table>","protected":false},"featured_media":7348,"template":"","meta":[],"product_brand":[],"product_cat":[154,68,1431,85,99],"product_tag":[],"class_list":{"0":"post-7345","1":"product","2":"type-product","3":"status-publish","4":"has-post-thumbnail","6":"product_cat-designer","7":"product_cat-handtaschen","8":"product_cat-louisvuitton","9":"product_cat-schultertaschen","10":"product_cat-taschen","11":"product_shipping_class-bis1000","13":"first","14":"outofstock","15":"sold-individually","16":"shipping-taxable","17":"purchasable","18":"product-type-simple"},"_links":{"self":[{"href":"https:\/\/baselle.com\/en\/wp-json\/wp\/v2\/product\/7345","targetHints":{"allow":["GET"]}}],"collection":[{"href":"https:\/\/baselle.com\/en\/wp-json\/wp\/v2\/product"}],"about":[{"href":"https:\/\/baselle.com\/en\/wp-json\/wp\/v2\/types\/product"}],"wp:featuredmedia":[{"embeddable":true,"href":"https:\/\/baselle.com\/en\/wp-json\/wp\/v2\/media\/7348"}],"wp:attachment":[{"href":"https:\/\/baselle.com\/en\/wp-json\/wp\/v2\/media?parent=7345"}],"wp:term":[{"taxonomy":"product_brand","embeddable":true,"href":"https:\/\/baselle.com\/en\/wp-json\/wp\/v2\/product_brand?post=7345"},{"taxonomy":"product_cat","embeddable":true,"href":"https:\/\/baselle.com\/en\/wp-json\/wp\/v2\/product_cat?post=7345"},{"taxonomy":"product_tag","embeddable":true,"href":"https:\/\/baselle.com\/en\/wp-json\/wp\/v2\/product_tag?post=7345"}],"curies":[{"name":"wp","href":"https:\/\/api.w.org\/{rel}","templated":true}]}}