{"id":7311,"date":"2018-04-13T17:46:05","date_gmt":"2018-04-13T15:46:05","guid":{"rendered":"https:\/\/baselle.com\/?post_type=product&#038;p=7311"},"modified":"2020-02-27T12:06:30","modified_gmt":"2020-02-27T11:06:30","slug":"chanel-chevron-flap-bag","status":"publish","type":"product","link":"https:\/\/baselle.com\/en\/product\/chanel-chevron-flap-bag\/","title":{"rendered":"CHANEL Chevron Flap Bag"},"content":{"rendered":"<p>Very good condition:<br \/>\nDas Leder ist in einem hervorragenden Zustand. Das Tascheninnere ist sauber und weist keine L\u00f6cher\/Risse auf. Die goldene Hardware ist ebenfalls in einem einwandfreien Zustand.<\/p>\n<p>Stil: Schulter-\/Crossbodytasche\/Handtasche<br \/>\nHandtaschengr\u00f6\u00dfe: Small<br \/>\nMa\u00dfe (ca.): B18cm*H15cm*T7,5cm<br \/>\nTr\u00e4gerl\u00e4nge: 130cm<\/p>\n<p>Obermaterial: Leder<br \/>\nInnenmaterial: Leder<\/p>\n<p>Die Chanel Chevron Top Handle Flap Bag ist eine bezaubernde kleine Tasche aus der 2016\/2017 M\u00e9tiers d&#8217;Art Collection.<br \/>\nSie l\u00e4sst sich bequem \u00fcber der Schulter, Crossbody oder an der Hand tragen. Das Tascheninnere teilt sich in ein Hauptfach, ein Steckfach und ein Rei\u00dfverschlussinnenfach auf. Auf dem Taschenr\u00fccken befindet sich ein weiteres aufgesetztes Steckfach. Schlie\u00dfen l\u00e4sst sich diese Chanel Tasche mit dem typischen CC-Turnlock.<\/p>","protected":false},"excerpt":{"rendered":"<table class=\"mlb-product-details\">\n<tbody>\n<tr>\n<td class=\"mlb-details-caption\">Model<\/td>\n<td class=\"mlb-details-value\">Chevron Top Handle Flap Bag<\/td>\n<\/tr>\n<tr>\n<td class=\"mlb-details-caption\">Colour<\/td>\n<td class=\"mlb-details-value\">Lachsrosa<\/td>\n<\/tr>\n<tr>\n<td class=\"mlb-details-caption\">Hardware<\/td>\n<td class=\"mlb-details-value\">Mattgold<\/td>\n<\/tr>\n<tr>\n<td class=\"mlb-details-caption\">Year<\/td>\n<td class=\"mlb-details-value\">2017<\/td>\n<\/tr>\n<tr>\n<td class=\"mlb-details-caption\">Accessoires<\/td>\n<td class=\"mlb-details-value\">Staubbeutel, Authentizit\u00e4tskarte, Hologramm mit Seriennummer<\/td>\n<\/tr>\n<tr>\n<td class=\"mlb-details-caption\">Condition<\/td>\n<td class=\"mlb-details-value\">Very good condition<\/td>\n<\/tr>\n<\/tbody>\n<\/table>","protected":false},"featured_media":7331,"template":"","meta":[],"product_brand":[],"product_cat":[1430,87,154,68,86,85,99],"product_tag":[],"class_list":{"0":"post-7311","1":"product","2":"type-product","3":"status-publish","4":"has-post-thumbnail","6":"product_cat-chanel","7":"product_cat-crossbodytaschen","8":"product_cat-designer","9":"product_cat-handtaschen","10":"product_cat-kleinetaschen","11":"product_cat-schultertaschen","12":"product_cat-taschen","14":"first","15":"outofstock","16":"sold-individually","17":"shipping-taxable","18":"purchasable","19":"product-type-simple"},"_links":{"self":[{"href":"https:\/\/baselle.com\/en\/wp-json\/wp\/v2\/product\/7311","targetHints":{"allow":["GET"]}}],"collection":[{"href":"https:\/\/baselle.com\/en\/wp-json\/wp\/v2\/product"}],"about":[{"href":"https:\/\/baselle.com\/en\/wp-json\/wp\/v2\/types\/product"}],"wp:featuredmedia":[{"embeddable":true,"href":"https:\/\/baselle.com\/en\/wp-json\/wp\/v2\/media\/7331"}],"wp:attachment":[{"href":"https:\/\/baselle.com\/en\/wp-json\/wp\/v2\/media?parent=7311"}],"wp:term":[{"taxonomy":"product_brand","embeddable":true,"href":"https:\/\/baselle.com\/en\/wp-json\/wp\/v2\/product_brand?post=7311"},{"taxonomy":"product_cat","embeddable":true,"href":"https:\/\/baselle.com\/en\/wp-json\/wp\/v2\/product_cat?post=7311"},{"taxonomy":"product_tag","embeddable":true,"href":"https:\/\/baselle.com\/en\/wp-json\/wp\/v2\/product_tag?post=7311"}],"curies":[{"name":"wp","href":"https:\/\/api.w.org\/{rel}","templated":true}]}}