{"id":7310,"date":"2018-04-13T18:05:13","date_gmt":"2018-04-13T16:05:13","guid":{"rendered":"https:\/\/baselle.com\/?post_type=product&#038;p=7310"},"modified":"2020-02-27T12:10:13","modified_gmt":"2020-02-27T11:10:13","slug":"louis-vuitton-montaigne-mm","status":"publish","type":"product","link":"https:\/\/baselle.com\/en\/product\/louis-vuitton-montaigne-mm\/","title":{"rendered":"Louis Vuitton Montaigne MM"},"content":{"rendered":"<p>\nNeuwertig:<br \/>\nDas Vernis Leder ist in einem einwandfreien Zustand. Das Tascheninnere ist sauber und weist keine L\u00f6cher\/Risse auf. Die goldene Hardware ist ebenfalls in einem hervorragenden Zustand.\n<\/p>\n<p>\nStil: Schulter\/Shopper<br \/>\nHandtaschengr\u00f6\u00dfe: MM<br \/>\nMa\u00dfe (ca.): B34cm*H23cm*T15cm<br \/>\nSchulterriemen: 74cm\n<\/p>\n<p>\nObermaterial: Vernis Leder<br \/>\nInnenmaterial: Textilinnenfutter\n<\/p>\n<p>\nDie Montaigne MM ist eine klassische Busniess Bag, die in ihrer Farbe &#8220;Mordore&#8221; ein absoulter Hingucker ist und sich zudem ganzj\u00e4hrig tragen und zu zahlreichen anderen Farben kombinieren l\u00e4sst.<br \/> <br \/>\nSie ist aufgeteilt in zwei Hauptf\u00e4cher, getrennt durch ein Rei\u00dfverschlussfach in der Mitte. In einem Hauptfach befinden sich zwei aufgesetzte Steckf\u00e4cher und in dem anderen Hauptfach ein weiteres aufgesetztes Steckfach. Der lange Schulterriemen ist abnehmbar. Der Neupreis dieser Tasche liegt bei 2120 \u20ac.<\/p>","protected":false},"excerpt":{"rendered":"<table class=\"mlb-product-details\">\n<tbody>\n<tr>\n<td class=\"mlb-details-caption\">Model<\/td>\n<td class=\"mlb-details-value\">Louis Vuitton Montaigne MM (M50564)<\/td>\n<\/tr>\n<tr>\n<td class=\"mlb-details-caption\">Colour<\/td>\n<td class=\"mlb-details-value\">Mordore\/Goldbraun<\/td>\n<\/tr>\n<tr>\n<td class=\"mlb-details-caption\">Hardware<\/td>\n<td class=\"mlb-details-value\">Gold<\/td>\n<\/tr>\n<tr>\n<td class=\"mlb-details-caption\">Year<\/td>\n<td class=\"mlb-details-value\">2015<\/td>\n<\/tr>\n<tr>\n<td class=\"mlb-details-caption\">Accessoires<\/td>\n<td class=\"mlb-details-value\">Staubbeutel, Schulterriemen, Clochette, Schloss + Schl\u00fcssel verpackt im kleinen Staubbeutel, LV-Booklet<\/td>\n<\/tr>\n<tr>\n<td class=\"mlb-details-caption\">Condition<\/td>\n<td class=\"mlb-details-value\">Mint condition<\/td>\n<\/tr>\n<\/tbody>\n<\/table>","protected":false},"featured_media":7313,"template":"","meta":[],"product_brand":[],"product_cat":[154,68,1431,85,99],"product_tag":[],"class_list":{"0":"post-7310","1":"product","2":"type-product","3":"status-publish","4":"has-post-thumbnail","6":"product_cat-designer","7":"product_cat-handtaschen","8":"product_cat-louisvuitton","9":"product_cat-schultertaschen","10":"product_cat-taschen","11":"product_shipping_class-bis1000","13":"first","14":"outofstock","15":"sold-individually","16":"shipping-taxable","17":"purchasable","18":"product-type-simple"},"_links":{"self":[{"href":"https:\/\/baselle.com\/en\/wp-json\/wp\/v2\/product\/7310","targetHints":{"allow":["GET"]}}],"collection":[{"href":"https:\/\/baselle.com\/en\/wp-json\/wp\/v2\/product"}],"about":[{"href":"https:\/\/baselle.com\/en\/wp-json\/wp\/v2\/types\/product"}],"wp:featuredmedia":[{"embeddable":true,"href":"https:\/\/baselle.com\/en\/wp-json\/wp\/v2\/media\/7313"}],"wp:attachment":[{"href":"https:\/\/baselle.com\/en\/wp-json\/wp\/v2\/media?parent=7310"}],"wp:term":[{"taxonomy":"product_brand","embeddable":true,"href":"https:\/\/baselle.com\/en\/wp-json\/wp\/v2\/product_brand?post=7310"},{"taxonomy":"product_cat","embeddable":true,"href":"https:\/\/baselle.com\/en\/wp-json\/wp\/v2\/product_cat?post=7310"},{"taxonomy":"product_tag","embeddable":true,"href":"https:\/\/baselle.com\/en\/wp-json\/wp\/v2\/product_tag?post=7310"}],"curies":[{"name":"wp","href":"https:\/\/api.w.org\/{rel}","templated":true}]}}