{"id":7308,"date":"2018-04-13T18:26:11","date_gmt":"2018-04-13T16:26:11","guid":{"rendered":"https:\/\/baselle.com\/?post_type=product&#038;p=7308"},"modified":"2020-02-27T12:08:14","modified_gmt":"2020-02-27T11:08:14","slug":"louis-vuitton-brompton","status":"publish","type":"product","link":"https:\/\/baselle.com\/en\/product\/louis-vuitton-brompton\/","title":{"rendered":"Louis Vuitton Brompton"},"content":{"rendered":"<p>\nVery good condition:<br \/>\nDas Canvas sowie die Lederbes\u00e4tze sind in einem sehr guten Zustand. Das Tascheninnere ist sauber und weist keine L\u00f6cher\/Risse auf. Die goldene Hardware ist ebenfalls in einem hervorragenden Zustand.\n<\/p>\n<p>\nStil: Schultertasche\/Shopper<br \/>\nHandtaschengr\u00f6\u00dfe: MM<br \/>\nMa\u00dfe (ca.): B34cm*H24cm*T14cm<br \/>\nSchulterriemen: 80cm\n<\/p>\n<p>\nObermaterial: Damier Canvas, Bes\u00e4tze aus Leder<br \/>\nInnenmaterial: Mikrofaserinnenfutter\n<\/p>\n<p>\nOb f\u00fcr die Arbeit oder als Shopping-Bag, die Brompton Bag Tote ist eine klassische und wundersch\u00f6ne Tasche f\u00fcr den Alltag. Sie bietet viel Stauraum und zahlreiche F\u00e4cher, so dass Dir nervig langes Gesuche nach Schl\u00fcssel, Smartphone etc. erspart bleibt.<br \/> <br \/>\nDie Louis Vuitton Brompton Bag ist aufgeteilt in zwei getrennte Hauptf\u00e4cher sowie ein gro\u00dfes Rei\u00dfverschlussfach. In einem Hauptfach befinden sich zwei weitere aufgesetzte Steckf\u00e4cher und in dem anderen Hauptfach befindet sich ein Rei\u00dfverschlussinnenfach. Der lange Schulterriemen ist abnehmbar. Der Neupreis dieser Tasche lag bei 1780 \u20ac.<\/p>","protected":false},"excerpt":{"rendered":"<table class=\"mlb-product-details\">\n<tbody>\n<tr>\n<td class=\"mlb-details-caption\">Model<\/td>\n<td class=\"mlb-details-value\">Louis Vuitton Brompton Bag (N41582)<\/td>\n<\/tr>\n<tr>\n<td class=\"mlb-details-caption\">Colour<\/td>\n<td class=\"mlb-details-value\">Braun\/Dunkelbraun<\/td>\n<\/tr>\n<tr>\n<td class=\"mlb-details-caption\">Hardware<\/td>\n<td class=\"mlb-details-value\">Gold<\/td>\n<\/tr>\n<tr>\n<td class=\"mlb-details-caption\">Year<\/td>\n<td class=\"mlb-details-value\">2016<\/td>\n<\/tr>\n<tr>\n<td class=\"mlb-details-caption\">Accessoires<\/td>\n<td class=\"mlb-details-value\">Rechnungsduplikat (Geschenk-Rechnung), Staubbeutel, Schulterriemen, Clochette, Schloss + Schl\u00fcssel, LV-Materialinfo<\/td>\n<\/tr>\n<tr>\n<td class=\"mlb-details-caption\">Condition<\/td>\n<td class=\"mlb-details-value\">Very good condition<\/td>\n<\/tr>\n<\/tbody>\n<\/table>","protected":false},"featured_media":7322,"template":"","meta":[],"product_brand":[],"product_cat":[154,68,1431,85,99],"product_tag":[],"class_list":{"0":"post-7308","1":"product","2":"type-product","3":"status-publish","4":"has-post-thumbnail","6":"product_cat-designer","7":"product_cat-handtaschen","8":"product_cat-louisvuitton","9":"product_cat-schultertaschen","10":"product_cat-taschen","11":"product_shipping_class-bis1000","13":"first","14":"outofstock","15":"sold-individually","16":"shipping-taxable","17":"purchasable","18":"product-type-simple"},"_links":{"self":[{"href":"https:\/\/baselle.com\/en\/wp-json\/wp\/v2\/product\/7308","targetHints":{"allow":["GET"]}}],"collection":[{"href":"https:\/\/baselle.com\/en\/wp-json\/wp\/v2\/product"}],"about":[{"href":"https:\/\/baselle.com\/en\/wp-json\/wp\/v2\/types\/product"}],"wp:featuredmedia":[{"embeddable":true,"href":"https:\/\/baselle.com\/en\/wp-json\/wp\/v2\/media\/7322"}],"wp:attachment":[{"href":"https:\/\/baselle.com\/en\/wp-json\/wp\/v2\/media?parent=7308"}],"wp:term":[{"taxonomy":"product_brand","embeddable":true,"href":"https:\/\/baselle.com\/en\/wp-json\/wp\/v2\/product_brand?post=7308"},{"taxonomy":"product_cat","embeddable":true,"href":"https:\/\/baselle.com\/en\/wp-json\/wp\/v2\/product_cat?post=7308"},{"taxonomy":"product_tag","embeddable":true,"href":"https:\/\/baselle.com\/en\/wp-json\/wp\/v2\/product_tag?post=7308"}],"curies":[{"name":"wp","href":"https:\/\/api.w.org\/{rel}","templated":true}]}}