{"id":7192,"date":"2018-02-25T17:52:33","date_gmt":"2018-02-25T16:52:33","guid":{"rendered":"https:\/\/baselle.com\/?post_type=product&#038;p=7192"},"modified":"2020-02-27T12:06:36","modified_gmt":"2020-02-27T11:06:36","slug":"chanel-boy-bag-medium","status":"publish","type":"product","link":"https:\/\/baselle.com\/en\/product\/chanel-boy-bag-medium\/","title":{"rendered":"CHANEL Boy Bag Medium"},"content":{"rendered":"<p>\nVery good condition:<br \/>\nDas Leder sowie das Tweed sind in einem sehr guten Zustand. Auch die Ecken sind in einem hervorragenden Zustand. Das Tascheninnere ist sauber und ohne L\u00f6cher\/Risse oder Ger\u00fcche. Die silberne Hardware ist in ebenfalls einem sehr guten Zustand.\n<\/p>\n<p>\nStil: Schulter\/Crossbody<br \/>\nHandtaschengr\u00f6\u00dfe: Medium<br \/>\nMa\u00dfe (ca.): B25cm*H15cm*T7cm<br \/>\nTr\u00e4gerl\u00e4nge: einfach=107cm, doppelt=67cm\n<\/p>\n<p>\nObermaterial: Leder\/Tweed<br \/>\nInnenmaterial: Textilinnenfutter\n<\/p>\n<p>\nDiese wundersch\u00f6ne Boy Bag von CHANEL bezaubert nicht nur durch ihr wundersch\u00f6nes Petrolgr\u00fcn, auch der Mix aus dem aufwendig geflochtenem Tweed und dem Leder machen aus dieser Tasche einen absoluten Eyecatcher. Vor allem die Kombination mit der rutheniumfarbenen Kette l\u00e4sst die Tasche elegant und nicht zu aufdringlich wirken. Sie kann zu unz\u00e4hligen Farben wie Rot, Rosa, Lila, Gelb, klassischem Schwarz oder Wei\u00df und vielem mehr kombiniert werden und ist daher perfekt f\u00fcr jeden Anlass.<br \/> <br \/>\nDie Tasche kann lang oder kurz \u00fcber der Schulter sowie auch crossbody getragen werden. Das Tascheninnere teilt sich auf in ein gro\u00dfes Hauptfach und ein Steckfach. Verschlossen wird die Tasche durch das typische CC-Boy Push Lock.<\/p>","protected":false},"excerpt":{"rendered":"<table class=\"mlb-product-details\">\n<tbody>\n<tr>\n<td class=\"mlb-details-caption\">Model<\/td>\n<td class=\"mlb-details-value\">Leather and Tweed Le Boy Bag Medium<\/td>\n<\/tr>\n<tr>\n<td class=\"mlb-details-caption\">Colour<\/td>\n<td class=\"mlb-details-value\">Petrolgr\u00fcn<\/td>\n<\/tr>\n<tr>\n<td class=\"mlb-details-caption\">Hardware<\/td>\n<td class=\"mlb-details-value\">Ruthenium<\/td>\n<\/tr>\n<tr>\n<td class=\"mlb-details-caption\">Year<\/td>\n<td class=\"mlb-details-value\">2016<\/td>\n<\/tr>\n<tr>\n<td class=\"mlb-details-caption\">Accessoires<\/td>\n<td class=\"mlb-details-value\">Dustbag, serialnumber with hologram<\/td>\n<\/tr>\n<tr>\n<td class=\"mlb-details-caption\">Condition<\/td>\n<td class=\"mlb-details-value\">Very good condition<\/td>\n<\/tr>\n<\/tbody>\n<\/table>","protected":false},"featured_media":8307,"template":"","meta":[],"product_brand":[],"product_cat":[1430,87,154,85,99],"product_tag":[102],"class_list":{"0":"post-7192","1":"product","2":"type-product","3":"status-publish","4":"has-post-thumbnail","6":"product_cat-chanel","7":"product_cat-crossbodytaschen","8":"product_cat-designer","9":"product_cat-schultertaschen","10":"product_cat-taschen","11":"product_tag-sale","13":"first","14":"outofstock","15":"sale","16":"sold-individually","17":"shipping-taxable","18":"purchasable","19":"product-type-simple"},"_links":{"self":[{"href":"https:\/\/baselle.com\/en\/wp-json\/wp\/v2\/product\/7192","targetHints":{"allow":["GET"]}}],"collection":[{"href":"https:\/\/baselle.com\/en\/wp-json\/wp\/v2\/product"}],"about":[{"href":"https:\/\/baselle.com\/en\/wp-json\/wp\/v2\/types\/product"}],"wp:featuredmedia":[{"embeddable":true,"href":"https:\/\/baselle.com\/en\/wp-json\/wp\/v2\/media\/8307"}],"wp:attachment":[{"href":"https:\/\/baselle.com\/en\/wp-json\/wp\/v2\/media?parent=7192"}],"wp:term":[{"taxonomy":"product_brand","embeddable":true,"href":"https:\/\/baselle.com\/en\/wp-json\/wp\/v2\/product_brand?post=7192"},{"taxonomy":"product_cat","embeddable":true,"href":"https:\/\/baselle.com\/en\/wp-json\/wp\/v2\/product_cat?post=7192"},{"taxonomy":"product_tag","embeddable":true,"href":"https:\/\/baselle.com\/en\/wp-json\/wp\/v2\/product_tag?post=7192"}],"curies":[{"name":"wp","href":"https:\/\/api.w.org\/{rel}","templated":true}]}}