{"id":7144,"date":"2018-02-03T14:06:27","date_gmt":"2018-02-03T13:06:27","guid":{"rendered":"https:\/\/baselle.com\/?post_type=product&#038;p=7144"},"modified":"2019-02-22T16:43:48","modified_gmt":"2019-02-22T15:43:48","slug":"louis-vuitton-mosaique","status":"publish","type":"product","link":"https:\/\/baselle.com\/en\/product\/louis-vuitton-mosaique\/","title":{"rendered":"Louis Vuitton Mosaique"},"content":{"rendered":"<p>\nVery good condition:<br \/>\nDas goldfarbene Messing sowie das Mosaique sind in einem sehr guten Zustand.\n<\/p>\n<p>\nMa\u00dfe (ca.): Gesamtl\u00e4nge=13,5cm\n<\/p>\n<p>\nDieser wundersch\u00f6ne Taschenanh\u00e4nger ist eine perfekte Erg\u00e4nzung f\u00fcr Taschen oder kann ebenso als Schl\u00fcsselanh\u00e4nger verwendet werden.<\/p>","protected":false},"excerpt":{"rendered":"<table class=\"mlb-product-details\">\n<tbody>\n<tr>\n<td class=\"mlb-details-caption\">Model<\/td>\n<td class=\"mlb-details-value\">Mosaique Bag Charm <\/td>\n<\/tr>\n<tr>\n<td class=\"mlb-details-caption\">Colour<\/td>\n<td class=\"mlb-details-value\">Blau\/Transparent<\/td>\n<\/tr>\n<tr>\n<td class=\"mlb-details-caption\">Hardware<\/td>\n<td class=\"mlb-details-value\">Gold<\/td>\n<\/tr>\n<tr>\n<td class=\"mlb-details-caption\">Year<\/td>\n<td class=\"mlb-details-value\">2011<\/td>\n<\/tr>\n<tr>\n<td class=\"mlb-details-caption\">Accessoires<\/td>\n<td class=\"mlb-details-value\">Dustbag <\/td>\n<\/tr>\n<tr>\n<td class=\"mlb-details-caption\">Condition<\/td>\n<td class=\"mlb-details-value\">Very good condition<\/td>\n<\/tr>\n<\/tbody>\n<\/table>","protected":false},"featured_media":7147,"template":"","meta":[],"product_brand":[],"product_cat":[154,1431,92],"product_tag":[],"class_list":{"0":"post-7144","1":"product","2":"type-product","3":"status-publish","4":"has-post-thumbnail","6":"product_cat-designer","7":"product_cat-louisvuitton","8":"product_cat-taschenschmuck","9":"product_shipping_class-0-500","11":"first","12":"outofstock","13":"sold-individually","14":"shipping-taxable","15":"purchasable","16":"product-type-simple"},"_links":{"self":[{"href":"https:\/\/baselle.com\/en\/wp-json\/wp\/v2\/product\/7144","targetHints":{"allow":["GET"]}}],"collection":[{"href":"https:\/\/baselle.com\/en\/wp-json\/wp\/v2\/product"}],"about":[{"href":"https:\/\/baselle.com\/en\/wp-json\/wp\/v2\/types\/product"}],"wp:featuredmedia":[{"embeddable":true,"href":"https:\/\/baselle.com\/en\/wp-json\/wp\/v2\/media\/7147"}],"wp:attachment":[{"href":"https:\/\/baselle.com\/en\/wp-json\/wp\/v2\/media?parent=7144"}],"wp:term":[{"taxonomy":"product_brand","embeddable":true,"href":"https:\/\/baselle.com\/en\/wp-json\/wp\/v2\/product_brand?post=7144"},{"taxonomy":"product_cat","embeddable":true,"href":"https:\/\/baselle.com\/en\/wp-json\/wp\/v2\/product_cat?post=7144"},{"taxonomy":"product_tag","embeddable":true,"href":"https:\/\/baselle.com\/en\/wp-json\/wp\/v2\/product_tag?post=7144"}],"curies":[{"name":"wp","href":"https:\/\/api.w.org\/{rel}","templated":true}]}}